{"id":2978,"date":"2018-04-16T14:53:10","date_gmt":"2018-04-16T13:53:10","guid":{"rendered":"https:\/\/www.santcugatconsulting.com\/serveis\/assesoria-fiscal\/renta-2017\/"},"modified":"2019-10-08T14:31:24","modified_gmt":"2019-10-08T13:31:24","slug":"renda","status":"publish","type":"page","link":"https:\/\/santcugatconsulting.com\/ca\/serveis\/assesoria-fiscal\/renda\/","title":{"rendered":"Campanya de Renda 2017 &#8211; T&#8217;ajudem a optimitzar la teva declaraci\u00f3"},"content":{"rendered":"<h2 id=\"bloqueTitular\" class=\"col-xs-12 col-md-10 Fright\">Renda 2017:<br \/>\nT&#8217;ajudem a optimitzar el teu declaraci\u00f3 i resolem tots els teus dubtes.<\/h2>\n<h3>Quan comen\u00e7a i quan acaba la campanya de Renda 2017?<\/h3>\n<p>Aquest any 2018, la <a href=\"https:\/\/www.agenciatributaria.es\/AEAT.internet\/Renta.shtml\"> campanya de Renda 2017 <\/a> ha comen\u00e7at el dia 4 d&#8217;abril i tots aquells obligats a presentar-la (uns 20 milions d&#8217;espanyols) disposen de temps fins el proper 2 de Juliol, incl\u00f2s.<\/p>\n<h3>Calendari de la campanya de Renda<\/h3>\n<div id=\"complements\" class=\"col-xs-12 col-md-2 sticky\" role=\"complementary\">\n<p>\u00c9s important con\u00e8ixer tamb\u00e9 altres dates determinants, per exemple, la data a partir de la qual es pot sol\u00b7licitar cita pr\u00e8via presencial per a l&#8217;elaboraci\u00f3 de la declaraci\u00f3, que aquest any \u00e9s el 8 de Maig. O el 3 d&#8217;Abril, a partir del qual podem sol\u00b7licitar cita pr\u00e8via per a assist\u00e8ncia telef\u00f2nica.<\/p>\n<div>\n<p>A continuaci\u00f3 detallem el calendari desglossat de dates rellevants en aquest per\u00edode:<\/p>\n<div>\n<ul>\n<li><strong> 3 d&#8217;abril:\u00a0<\/strong> Si vol que l&#8217;Ag\u00e8ncia Tribut\u00e0ria li truqui per ajudar telef\u00f2nicament en la presentaci\u00f3 de la declaraci\u00f3 de la renda, haur\u00e0 de concertar cita pr\u00e8viament (pla &#8220;en diem), per internet o en els seg\u00fcents n\u00fameros: 901 12 12 24\/91 535 73 26\/901 22 33 44\/91 553 00 71.<\/li>\n<li><strong> Des el 4 d&#8217;abril de 2018:<\/strong> S&#8217;obre el termini per a la presentaci\u00f3 per Internet de l&#8217;esborrany de renda i de les declaracions de Renda 2017 i Patrimoni 2017.<\/li>\n<li><strong> Des del 2 de maig:<\/strong> Presentaci\u00f3 a entitats col\u00b7laboradores, Comunitats Aut\u00f2nomes i oficines de l&#8217;AEAT de la declaraci\u00f3 anual de Renda 2017: D-100.<\/li>\n<li><strong> 8 de maig:\u00a0<\/strong> A partir del 8 de maig, es pot demanar cita pr\u00e8via\u00a0 per a acudir presencialment a una de les oficines de l&#8217;Ag\u00e8ncia Tribut\u00e0ria perqu\u00e8 l&#8217;ajudin a elaborar la declaraci\u00f3 de renda 2017<\/li>\n<li><strong> 10 de maig:<\/strong>\u00a0 Comen\u00e7a l&#8217;atenci\u00f3 al contribuent a les oficines.<\/li>\n<li><strong> 29 de juny:<\/strong>\u00a0 \u00daltim dia per sol\u00b7licitar cita pr\u00e8via per a atenci\u00f3 en oficines.<\/li>\n<\/ul>\n<p><strong> 2 de juliol:<\/strong>\u00a0 Finalitza el termini per presentar la Declaraci\u00f3 anual Renda i Patrimoni 2017 amb resultat a retornar, ren\u00fancia a la devoluci\u00f3, negatiu i a ingressar amb domiciliaci\u00f3 del primer termini: models D-100, D-714. Tamb\u00e9 finalitza el termini per al r\u00e8gim especial de tributaci\u00f3 per l&#8217;Impost sobre la renda de no residents per a treballadors despla\u00e7ats 2017.<\/p>\n<p>&nbsp;<\/p>\n<div id=\"complements\" class=\"col-xs-12 col-md-2 sticky\" role=\"complementary\">\n<div class=\"news-share\">\n<article class=\"news-body col-xs-12 col-md-6 fLeft\">\n<div class=\"body\">\n<h3>Qui est\u00e0 obligat a presentar la Declaraci\u00f3 de la Renda?<\/h3>\n<p>Tots els contribuents que perceben ingressos anuals superiors a 22.000 euros, si s\u00f3n d&#8217;un \u00fanic pagador, o en el cas de ser m\u00e9s pagadors, la suma dels ingressos dels restants no supera els 1500 \u20ac \/ anuals. Si hi ha diversos pagadors, el l\u00edmit s\u00f3n 12.000 euros, i tamb\u00e9 aquest \u00e9s el l\u00edmit quan la persona rep pensions compensat\u00f2ries. Els beneficis que provenen del capital mobiliari i guanys patrimonials sotmesos a retenci\u00f3 han de declarar-si superen, en conjunt, els 1.600 euros anuals. Si necessites m\u00e9s informaci\u00f3, <a href=\"https:\/\/www.agenciatributaria.es\/AEAT.internet\/Inicio\/Ayuda\/Manuales__Folletos_y_Videos\/Manuales_de_ayuda_a_la_presentacion\/Ejercicio_2017\/_Ayuda_Modelo_100\/2__Obligacion_de_declarar\/2__Obligacion_de_declarar.html\" target=\"_ blank\" rel=\"noopener noreferrer\"> consulta els requisits a la web oficial d&#8217;Hisenda. <\/a><\/p>\n<p>D&#8217;altra banda, encara que no s&#8217;estigui obligat a declarar, conv\u00e9 com a m\u00ednim sol\u00b7licitar l&#8217;esborrany i assessorar-se, perqu\u00e8 podria donar-se el cas de poder ser beneficiari d&#8217;alguna desgravaci\u00f3 fiscal i no haver-ho tingut en compte.<\/p>\n<h3>De quina manera puc presentar la declaraci\u00f3?<\/h3>\n<p><strong> &#8211; En persona: <\/strong>Podeu sol\u00b7licitar cita pr\u00e8via perqu\u00e8 li facin la declaraci\u00f3 en una oficina de l&#8217;Ag\u00e8ncia Tribut\u00e0ria, sol\u00b7licitant cita pr\u00e8via a partir de 8 de Maig.<\/p>\n<p><strong> &#8211; Mitjan\u00e7ant un tercer, assessor fiscal o gestoria.\u00a0<\/strong>Podria optar per fer la declaraci\u00f3 a una gestoria, beneficiar-se de la seva experi\u00e8ncia, i despr\u00e9s presentar-la vost\u00e8 mateix o que sigui la gestoria qui ho faci per vost\u00e8, facilitant el tr\u00e0mit. En aquest cas, poden fer-ho tant en una seu de l&#8217;Ag\u00e8ncia Tribut\u00e0ria com en les entitats banc\u00e0ries col\u00b7laboradores.<\/p>\n<p><strong>&#8211; aplicaci\u00f3 m\u00f2bil:<\/strong> Descarregueu l&#8217;app gratu\u00efta de l&#8217;Ag\u00e8ncia Tribut\u00e0ria, com a novetat de la campanya d&#8217;aquest any. Podr\u00e0 accedir a les dades fiscals i l&#8217;esborrany de la seva declaraci\u00f3, i confirmar-si no vol modificar-lo.<\/p>\n<\/div>\n<p><strong>&#8211; Per tel\u00e8fon:<\/strong> Ha de sol\u00b7licitar cita pr\u00e8via perqu\u00e8 un empleat d&#8217;Hisenda li digui, sempre que els seus ingressos per treball siguin inferiors a 65.000 euros, i els rendiments del capital mobiliari inferiors a 15.000 euros.<\/p>\n<p><strong>&#8211; Online:<\/strong> Mitjan\u00e7ant <em><strong>Renda web<\/strong><\/em>, un servei que ofereix la p\u00e0gina web de l&#8217;Ag\u00e8ncia Tribut\u00e0ria. Ha de identificar-se amb el DNI electr\u00f2nic, c @ veu PIN o el n\u00famero de refer\u00e8ncia i accedir\u00e0 a un esborrany de declaraci\u00f3 on podr\u00e0 modificar les dades, afegir el que vulgui i confirmar la declaraci\u00f3. Tamb\u00e9 podr\u00e0 con\u00e8ixer l&#8217;estat del tr\u00e0mit i la data en qu\u00e8 es fa efectiva la devoluci\u00f3, la devoluci\u00f3 en cas que surti a retornar.<\/p>\n<p>&nbsp;<\/p>\n<h3>Resolent els dubtes m\u00e9s habituals &#8230;<br \/>\nQu\u00e8 \u00e9s m\u00e9s convenient, presentar la declaraci\u00f3 de la renda de manera individual o conjunta?<\/h3>\n<p>En trets generals, la declaraci\u00f3 conjunta nom\u00e9s compensa quan en un matrimoni, un dels dos membres no treballa o percep menys de 3400 \u20ac anuals. Si no \u00e9s el cas, sol convenir m\u00e9s fer la declaraci\u00f3 individual.<\/p>\n<h3>Quines despeses s\u00f3n desgravables?<\/h3>\n<p><strong>&#8211; Familiars:<\/strong> Fills menors o majors de 65 anys que conviuen a la casa, i que no ingressen m\u00e9s de 8.000 euros anuals. En el cas d&#8217;inc\u00f3rrer a m\u00e9s, i una discapacitat, la persona afectada tamb\u00e9 t\u00e9 beneficis en la seva declaraci\u00f3.<\/p>\n<p><strong>&#8211; Habitatge:<\/strong><\/p>\n<p style=\"padding-left: 30px;\"><strong>a) Compra:<\/strong> Els contribuents que van comprar casa abans de l&#8217;1 de gener de 2013, i es van deduir aquesta despesa en la declaraci\u00f3 de la renda de 2012 i anteriors, poden desgravar el 15% de les despeses de la hipoteca fins a un l\u00edmit de 9.040 euros anuals.<\/p>\n<p style=\"padding-left: 30px;\"><strong>b) Els contribuents que tinguin un contracte de lloguer<\/strong> signat abans de l&#8217;1 de gener de 2015 i que ja s&#8217;hagin dedu\u00eft en altres declaracions, poden desgravar part del pagament del lloguer, sempre que sigui inferior a 24.107 euros anuals.<\/p>\n<p><strong>&#8211; Pensions compensat\u00f2ries i anualitats d&#8217;aliments:<\/strong> Els divorciats que passen pensions a exparelles, han de incloure-ho en la declaraci\u00f3, aix\u00ed com la pensi\u00f3 aliment\u00e0ria per als fills en com\u00fa.<\/p>\n<p><strong>&#8211; Aportacions a fundacions, sindicats i partits pol\u00edtics:<\/strong> Tamb\u00e9 els col\u00b7legis professionals, fins a un l\u00edmit de 500 \u20ac \/ any.<\/p>\n<p><strong>&#8211; altres desgravacions:<\/strong> En funci\u00f3 de la teva prov\u00edncia, pots tenir desgravacions especials, com ajudes al lloguer, cura de persones dependents, pagament del sou a empleades de la llar, despeses escolars o escoles infantils, &#8230;<\/p>\n<p>&nbsp;<\/p>\n<span class='highlight'>Els experts gestors i assessors fiscals de<a href=\"https:\/\/santcugatconsulting.com\/ca\/equip\/\"> l&#8217;equip de Sant Cugat Consulting<\/a> recomanen encaridament assessorar-se en relaci\u00f3 a la seva declaraci\u00f3, per assegurar-se que les dades s\u00f3n correctes, no li ocasionar\u00e0 problemes amb Hisenda en un futur, i vost\u00e8 es beneficia del m\u00e0xims de desgravacions i beneficis fiscals als quals pugui aplicar. <a href=\"https:\/\/santcugatconsulting.com\/ca\/contactar\/\">Consulteu amb nosaltres<\/a>, sense comprom\u00eds.<\/span>\n<\/article>\n<\/div>\n<\/div>\n<\/div>\n<\/div>\n<\/div>\n","protected":false},"excerpt":{"rendered":"<p>Renda 2017: T&#8217;ajudem a optimitzar el teu declaraci\u00f3 i resolem tots els teus dubtes. Quan comen\u00e7a i quan acaba la campanya de Renda 2017? Aquest any 2018, la campanya de Renda 2017 ha comen\u00e7at el dia 4 d&#8217;abril i tots aquells obligats a presentar-la (uns 20 milions d&#8217;espanyols) disposen de temps fins el proper 2 [&hellip;]<\/p>\n","protected":false},"author":7,"featured_media":0,"parent":614,"menu_order":0,"comment_status":"closed","ping_status":"closed","template":"page-full-width.php","meta":{"footnotes":""},"yoast_head":"<!-- This site is optimized with the Yoast SEO plugin v22.9 - https:\/\/yoast.com\/wordpress\/plugins\/seo\/ -->\n<title>Campanya de Renda 2017 - T&#039;ajudem a optimitzar la teva declaraci\u00f3 | Sant Cugat Consulting<\/title>\n<meta name=\"description\" content=\"Necessites un gestor o assessor fiscal per elaborar la declaraci\u00f3 de la Renda 2017? Vols con\u00e8ixer qu\u00e8 pots desgravar, els teus beneficis fiscals o les possibles deduccions? Truca&#039;ns i t&#039;informarem. Servei de confian\u00e7a per a Particulars i Aut\u00f2noms.\" \/>\n<meta name=\"robots\" content=\"index, follow, max-snippet:-1, max-image-preview:large, max-video-preview:-1\" \/>\n<link rel=\"canonical\" href=\"https:\/\/santcugatconsulting.com\/ca\/serveis\/assesoria-fiscal\/renda\/\" \/>\n<meta name=\"twitter:label1\" content=\"Temps estimat de lectura\" \/>\n\t<meta name=\"twitter:data1\" content=\"5 minuts\" \/>\n<script type=\"application\/ld+json\" class=\"yoast-schema-graph\">{\"@context\":\"https:\/\/schema.org\",\"@graph\":[{\"@type\":\"WebPage\",\"@id\":\"https:\/\/santcugatconsulting.com\/ca\/serveis\/assesoria-fiscal\/renda\/\",\"url\":\"https:\/\/santcugatconsulting.com\/ca\/serveis\/assesoria-fiscal\/renda\/\",\"name\":\"Campanya de Renda 2017 - T'ajudem a optimitzar la teva declaraci\u00f3 | Sant Cugat Consulting\",\"isPartOf\":{\"@id\":\"https:\/\/santcugatconsulting.com\/ca\/#website\"},\"datePublished\":\"2018-04-16T13:53:10+00:00\",\"dateModified\":\"2019-10-08T13:31:24+00:00\",\"description\":\"Necessites un gestor o assessor fiscal per elaborar la declaraci\u00f3 de la Renda 2017? Vols con\u00e8ixer qu\u00e8 pots desgravar, els teus beneficis fiscals o les possibles deduccions? Truca'ns i t'informarem. Servei de confian\u00e7a per a Particulars i Aut\u00f2noms.\",\"breadcrumb\":{\"@id\":\"https:\/\/santcugatconsulting.com\/ca\/serveis\/assesoria-fiscal\/renda\/#breadcrumb\"},\"inLanguage\":\"ca\",\"potentialAction\":[{\"@type\":\"ReadAction\",\"target\":[\"https:\/\/santcugatconsulting.com\/ca\/serveis\/assesoria-fiscal\/renda\/\"]}]},{\"@type\":\"BreadcrumbList\",\"@id\":\"https:\/\/santcugatconsulting.com\/ca\/serveis\/assesoria-fiscal\/renda\/#breadcrumb\",\"itemListElement\":[{\"@type\":\"ListItem\",\"position\":1,\"name\":\"Assessoria Fiscal\",\"item\":\"https:\/\/santcugatconsulting.com\/ca\/serveis\/\"},{\"@type\":\"ListItem\",\"position\":2,\"name\":\"Assessoria Fiscal\",\"item\":\"https:\/\/santcugatconsulting.com\/ca\/serveis\/assesoria-fiscal\/\"},{\"@type\":\"ListItem\",\"position\":3,\"name\":\"Campanya de Renda 2017 &#8211; T&#8217;ajudem a optimitzar la teva declaraci\u00f3\"}]},{\"@type\":\"WebSite\",\"@id\":\"https:\/\/santcugatconsulting.com\/ca\/#website\",\"url\":\"https:\/\/santcugatconsulting.com\/ca\/\",\"name\":\"Sant Cugat Consulting\",\"description\":\"Asesoramiento jur\u00eddico, laboral, fiscal y contable para aut\u00f3nomos, pymes y grandes empresas. Expertos abogados y economistas. M\u00e1s de 20 a\u00f1os de experiencia.\",\"potentialAction\":[{\"@type\":\"SearchAction\",\"target\":{\"@type\":\"EntryPoint\",\"urlTemplate\":\"https:\/\/santcugatconsulting.com\/ca\/?s={search_term_string}\"},\"query-input\":\"required name=search_term_string\"}],\"inLanguage\":\"ca\"}]}<\/script>\n<!-- \/ Yoast SEO plugin. -->","yoast_head_json":{"title":"Campanya de Renda 2017 - T'ajudem a optimitzar la teva declaraci\u00f3 | Sant Cugat Consulting","description":"Necessites un gestor o assessor fiscal per elaborar la declaraci\u00f3 de la Renda 2017? Vols con\u00e8ixer qu\u00e8 pots desgravar, els teus beneficis fiscals o les possibles deduccions? Truca'ns i t'informarem. Servei de confian\u00e7a per a Particulars i Aut\u00f2noms.","robots":{"index":"index","follow":"follow","max-snippet":"max-snippet:-1","max-image-preview":"max-image-preview:large","max-video-preview":"max-video-preview:-1"},"canonical":"https:\/\/santcugatconsulting.com\/ca\/serveis\/assesoria-fiscal\/renda\/","twitter_misc":{"Temps estimat de lectura":"5 minuts"},"schema":{"@context":"https:\/\/schema.org","@graph":[{"@type":"WebPage","@id":"https:\/\/santcugatconsulting.com\/ca\/serveis\/assesoria-fiscal\/renda\/","url":"https:\/\/santcugatconsulting.com\/ca\/serveis\/assesoria-fiscal\/renda\/","name":"Campanya de Renda 2017 - T'ajudem a optimitzar la teva declaraci\u00f3 | Sant Cugat Consulting","isPartOf":{"@id":"https:\/\/santcugatconsulting.com\/ca\/#website"},"datePublished":"2018-04-16T13:53:10+00:00","dateModified":"2019-10-08T13:31:24+00:00","description":"Necessites un gestor o assessor fiscal per elaborar la declaraci\u00f3 de la Renda 2017? Vols con\u00e8ixer qu\u00e8 pots desgravar, els teus beneficis fiscals o les possibles deduccions? Truca'ns i t'informarem. Servei de confian\u00e7a per a Particulars i Aut\u00f2noms.","breadcrumb":{"@id":"https:\/\/santcugatconsulting.com\/ca\/serveis\/assesoria-fiscal\/renda\/#breadcrumb"},"inLanguage":"ca","potentialAction":[{"@type":"ReadAction","target":["https:\/\/santcugatconsulting.com\/ca\/serveis\/assesoria-fiscal\/renda\/"]}]},{"@type":"BreadcrumbList","@id":"https:\/\/santcugatconsulting.com\/ca\/serveis\/assesoria-fiscal\/renda\/#breadcrumb","itemListElement":[{"@type":"ListItem","position":1,"name":"Assessoria Fiscal","item":"https:\/\/santcugatconsulting.com\/ca\/serveis\/"},{"@type":"ListItem","position":2,"name":"Assessoria Fiscal","item":"https:\/\/santcugatconsulting.com\/ca\/serveis\/assesoria-fiscal\/"},{"@type":"ListItem","position":3,"name":"Campanya de Renda 2017 &#8211; T&#8217;ajudem a optimitzar la teva declaraci\u00f3"}]},{"@type":"WebSite","@id":"https:\/\/santcugatconsulting.com\/ca\/#website","url":"https:\/\/santcugatconsulting.com\/ca\/","name":"Sant Cugat Consulting","description":"Asesoramiento jur\u00eddico, laboral, fiscal y contable para aut\u00f3nomos, pymes y grandes empresas. Expertos abogados y economistas. M\u00e1s de 20 a\u00f1os de experiencia.","potentialAction":[{"@type":"SearchAction","target":{"@type":"EntryPoint","urlTemplate":"https:\/\/santcugatconsulting.com\/ca\/?s={search_term_string}"},"query-input":"required name=search_term_string"}],"inLanguage":"ca"}]}},"_links":{"self":[{"href":"https:\/\/santcugatconsulting.com\/ca\/wp-json\/wp\/v2\/pages\/2978"}],"collection":[{"href":"https:\/\/santcugatconsulting.com\/ca\/wp-json\/wp\/v2\/pages"}],"about":[{"href":"https:\/\/santcugatconsulting.com\/ca\/wp-json\/wp\/v2\/types\/page"}],"author":[{"embeddable":true,"href":"https:\/\/santcugatconsulting.com\/ca\/wp-json\/wp\/v2\/users\/7"}],"replies":[{"embeddable":true,"href":"https:\/\/santcugatconsulting.com\/ca\/wp-json\/wp\/v2\/comments?post=2978"}],"version-history":[{"count":6,"href":"https:\/\/santcugatconsulting.com\/ca\/wp-json\/wp\/v2\/pages\/2978\/revisions"}],"predecessor-version":[{"id":3368,"href":"https:\/\/santcugatconsulting.com\/ca\/wp-json\/wp\/v2\/pages\/2978\/revisions\/3368"}],"up":[{"embeddable":true,"href":"https:\/\/santcugatconsulting.com\/ca\/wp-json\/wp\/v2\/pages\/614"}],"wp:attachment":[{"href":"https:\/\/santcugatconsulting.com\/ca\/wp-json\/wp\/v2\/media?parent=2978"}],"curies":[{"name":"wp","href":"https:\/\/api.w.org\/{rel}","templated":true}]}}