{"id":3398,"date":"2019-10-08T09:37:14","date_gmt":"2019-10-08T08:37:14","guid":{"rendered":"https:\/\/www.santcugatconsulting.com\/?page_id=3398"},"modified":"2019-10-08T14:31:24","modified_gmt":"2019-10-08T13:31:24","slug":"gestoria-especialitzada-hostelco","status":"publish","type":"page","link":"https:\/\/santcugatconsulting.com\/ca\/serveis\/assesoria-fiscal\/gestoria-especialitzada-hostelco\/","title":{"rendered":"Gestoria especialitzada sector Hostelco"},"content":{"rendered":"<p>L&#8217;equip d&#8217;assessors de Sant Cugat Consulting portem anys donant suport com a gestoria especialitzada a clients del m\u00f3n de l&#8217;Hostaleria i Restauraci\u00f3 (Hostelco). Som especialistes en Assessoria i gestoria per a Restaurants, hotels, bars, clubs esportius, discoteques, &#8230;<\/p>\n<p>Ens ocupem de:<\/p>\n<ul>\n<li>Gesti\u00f3 de la plantilla de treballadors: n\u00f2mines, contractaci\u00f3, &#8230;<\/li>\n<li>Comptabilitat especialitzada en hostaleria i restauraci\u00f3<\/li>\n<li>Fiscalitat.<\/li>\n<li>Estudi de rendibilitat<\/li>\n<li>Compliment de Normatives<\/li>\n<li>Assessoria i disseny de protocols d&#8217;organitzaci\u00f3 i implementaci\u00f3 de processos.<\/li>\n<\/ul>\n<p>SI DESITJA M\u00c9S INFORMACI\u00d3 NO DUBTI EN <a href=\"https:\/\/santcugatconsulting.com\/ca\/contactar\/\">CONTACTAR AMB NOSALTRES<\/a><\/p>\n<p>&nbsp;<\/p>\n<p>&nbsp;<\/p>\n<p>&nbsp;<\/p>\n<p>&nbsp;<\/p>\n","protected":false},"excerpt":{"rendered":"<p>L&#8217;equip d&#8217;assessors de Sant Cugat Consulting portem anys donant suport com a gestoria especialitzada a clients del m\u00f3n de l&#8217;Hostaleria i Restauraci\u00f3 (Hostelco). Som especialistes en Assessoria i gestoria per a Restaurants, hotels, bars, clubs esportius, discoteques, &#8230; Ens ocupem de: Gesti\u00f3 de la plantilla de treballadors: n\u00f2mines, contractaci\u00f3, &#8230; Comptabilitat especialitzada en hostaleria i [&hellip;]<\/p>\n","protected":false},"author":7,"featured_media":0,"parent":614,"menu_order":0,"comment_status":"closed","ping_status":"closed","template":"page.php","meta":{"footnotes":""},"yoast_head":"<!-- This site is optimized with the Yoast SEO plugin v22.9 - https:\/\/yoast.com\/wordpress\/plugins\/seo\/ -->\n<title>Gestoria especialitzada sector Hostelco - Restaurants<\/title>\n<meta name=\"description\" content=\"Assessoria fiscal, comptable i financera, laboral i jur\u00eddica. Gestoria especialitzada sector Hostelco: Hostaleria i Restauraci\u00f3.\" \/>\n<meta name=\"robots\" content=\"index, follow, max-snippet:-1, max-image-preview:large, max-video-preview:-1\" \/>\n<link rel=\"canonical\" href=\"https:\/\/santcugatconsulting.com\/ca\/serveis\/assesoria-fiscal\/gestoria-especialitzada-hostelco\/\" \/>\n<script type=\"application\/ld+json\" class=\"yoast-schema-graph\">{\"@context\":\"https:\/\/schema.org\",\"@graph\":[{\"@type\":\"WebPage\",\"@id\":\"https:\/\/santcugatconsulting.com\/ca\/serveis\/assesoria-fiscal\/gestoria-especialitzada-hostelco\/\",\"url\":\"https:\/\/santcugatconsulting.com\/ca\/serveis\/assesoria-fiscal\/gestoria-especialitzada-hostelco\/\",\"name\":\"Gestoria especialitzada sector Hostelco - Restaurants\",\"isPartOf\":{\"@id\":\"https:\/\/santcugatconsulting.com\/ca\/#website\"},\"datePublished\":\"2019-10-08T08:37:14+00:00\",\"dateModified\":\"2019-10-08T13:31:24+00:00\",\"description\":\"Assessoria fiscal, comptable i financera, laboral i jur\u00eddica. Gestoria especialitzada sector Hostelco: Hostaleria i Restauraci\u00f3.\",\"breadcrumb\":{\"@id\":\"https:\/\/santcugatconsulting.com\/ca\/serveis\/assesoria-fiscal\/gestoria-especialitzada-hostelco\/#breadcrumb\"},\"inLanguage\":\"ca\",\"potentialAction\":[{\"@type\":\"ReadAction\",\"target\":[\"https:\/\/santcugatconsulting.com\/ca\/serveis\/assesoria-fiscal\/gestoria-especialitzada-hostelco\/\"]}]},{\"@type\":\"BreadcrumbList\",\"@id\":\"https:\/\/santcugatconsulting.com\/ca\/serveis\/assesoria-fiscal\/gestoria-especialitzada-hostelco\/#breadcrumb\",\"itemListElement\":[{\"@type\":\"ListItem\",\"position\":1,\"name\":\"Assessoria Fiscal\",\"item\":\"https:\/\/santcugatconsulting.com\/ca\/serveis\/\"},{\"@type\":\"ListItem\",\"position\":2,\"name\":\"Assessoria Fiscal\",\"item\":\"https:\/\/santcugatconsulting.com\/ca\/serveis\/assesoria-fiscal\/\"},{\"@type\":\"ListItem\",\"position\":3,\"name\":\"Gestoria especialitzada sector Hostelco\"}]},{\"@type\":\"WebSite\",\"@id\":\"https:\/\/santcugatconsulting.com\/ca\/#website\",\"url\":\"https:\/\/santcugatconsulting.com\/ca\/\",\"name\":\"Sant Cugat Consulting\",\"description\":\"Asesoramiento jur\u00eddico, laboral, fiscal y contable para aut\u00f3nomos, pymes y grandes empresas. Expertos abogados y economistas. M\u00e1s de 20 a\u00f1os de experiencia.\",\"potentialAction\":[{\"@type\":\"SearchAction\",\"target\":{\"@type\":\"EntryPoint\",\"urlTemplate\":\"https:\/\/santcugatconsulting.com\/ca\/?s={search_term_string}\"},\"query-input\":\"required name=search_term_string\"}],\"inLanguage\":\"ca\"}]}<\/script>\n<!-- \/ Yoast SEO plugin. -->","yoast_head_json":{"title":"Gestoria especialitzada sector Hostelco - Restaurants","description":"Assessoria fiscal, comptable i financera, laboral i jur\u00eddica. Gestoria especialitzada sector Hostelco: Hostaleria i Restauraci\u00f3.","robots":{"index":"index","follow":"follow","max-snippet":"max-snippet:-1","max-image-preview":"max-image-preview:large","max-video-preview":"max-video-preview:-1"},"canonical":"https:\/\/santcugatconsulting.com\/ca\/serveis\/assesoria-fiscal\/gestoria-especialitzada-hostelco\/","schema":{"@context":"https:\/\/schema.org","@graph":[{"@type":"WebPage","@id":"https:\/\/santcugatconsulting.com\/ca\/serveis\/assesoria-fiscal\/gestoria-especialitzada-hostelco\/","url":"https:\/\/santcugatconsulting.com\/ca\/serveis\/assesoria-fiscal\/gestoria-especialitzada-hostelco\/","name":"Gestoria especialitzada sector Hostelco - Restaurants","isPartOf":{"@id":"https:\/\/santcugatconsulting.com\/ca\/#website"},"datePublished":"2019-10-08T08:37:14+00:00","dateModified":"2019-10-08T13:31:24+00:00","description":"Assessoria fiscal, comptable i financera, laboral i jur\u00eddica. Gestoria especialitzada sector Hostelco: Hostaleria i Restauraci\u00f3.","breadcrumb":{"@id":"https:\/\/santcugatconsulting.com\/ca\/serveis\/assesoria-fiscal\/gestoria-especialitzada-hostelco\/#breadcrumb"},"inLanguage":"ca","potentialAction":[{"@type":"ReadAction","target":["https:\/\/santcugatconsulting.com\/ca\/serveis\/assesoria-fiscal\/gestoria-especialitzada-hostelco\/"]}]},{"@type":"BreadcrumbList","@id":"https:\/\/santcugatconsulting.com\/ca\/serveis\/assesoria-fiscal\/gestoria-especialitzada-hostelco\/#breadcrumb","itemListElement":[{"@type":"ListItem","position":1,"name":"Assessoria Fiscal","item":"https:\/\/santcugatconsulting.com\/ca\/serveis\/"},{"@type":"ListItem","position":2,"name":"Assessoria Fiscal","item":"https:\/\/santcugatconsulting.com\/ca\/serveis\/assesoria-fiscal\/"},{"@type":"ListItem","position":3,"name":"Gestoria especialitzada sector Hostelco"}]},{"@type":"WebSite","@id":"https:\/\/santcugatconsulting.com\/ca\/#website","url":"https:\/\/santcugatconsulting.com\/ca\/","name":"Sant Cugat Consulting","description":"Asesoramiento jur\u00eddico, laboral, fiscal y contable para aut\u00f3nomos, pymes y grandes empresas. Expertos abogados y economistas. M\u00e1s de 20 a\u00f1os de experiencia.","potentialAction":[{"@type":"SearchAction","target":{"@type":"EntryPoint","urlTemplate":"https:\/\/santcugatconsulting.com\/ca\/?s={search_term_string}"},"query-input":"required name=search_term_string"}],"inLanguage":"ca"}]}},"_links":{"self":[{"href":"https:\/\/santcugatconsulting.com\/ca\/wp-json\/wp\/v2\/pages\/3398"}],"collection":[{"href":"https:\/\/santcugatconsulting.com\/ca\/wp-json\/wp\/v2\/pages"}],"about":[{"href":"https:\/\/santcugatconsulting.com\/ca\/wp-json\/wp\/v2\/types\/page"}],"author":[{"embeddable":true,"href":"https:\/\/santcugatconsulting.com\/ca\/wp-json\/wp\/v2\/users\/7"}],"replies":[{"embeddable":true,"href":"https:\/\/santcugatconsulting.com\/ca\/wp-json\/wp\/v2\/comments?post=3398"}],"version-history":[{"count":3,"href":"https:\/\/santcugatconsulting.com\/ca\/wp-json\/wp\/v2\/pages\/3398\/revisions"}],"predecessor-version":[{"id":3402,"href":"https:\/\/santcugatconsulting.com\/ca\/wp-json\/wp\/v2\/pages\/3398\/revisions\/3402"}],"up":[{"embeddable":true,"href":"https:\/\/santcugatconsulting.com\/ca\/wp-json\/wp\/v2\/pages\/614"}],"wp:attachment":[{"href":"https:\/\/santcugatconsulting.com\/ca\/wp-json\/wp\/v2\/media?parent=3398"}],"curies":[{"name":"wp","href":"https:\/\/api.w.org\/{rel}","templated":true}]}}