{"id":3429,"date":"2019-10-08T09:56:17","date_gmt":"2019-10-08T08:56:17","guid":{"rendered":"https:\/\/www.santcugatconsulting.com\/gestoria-emprendedores-start-up\/"},"modified":"2019-10-08T14:31:24","modified_gmt":"2019-10-08T13:31:24","slug":"gestoria-emprenedors-start-up","status":"publish","type":"page","link":"https:\/\/santcugatconsulting.com\/ca\/serveis\/assesoria-fiscal\/gestoria-emprenedors-start-up\/","title":{"rendered":"Assessoria i gestoria per a emprenedors i start up"},"content":{"rendered":"<p>A Sant Cugat Consulting, creiem en potenciar el talent. Per aquest motiu formem part d&#8217;<a href=\"https:\/\/upcatalonia.cat\/es\/\">Up Catalonia<\/a>, una iniciativa empresarial centrada en acompanyar nous projectes perqu\u00e8 vegin la llum.<\/p>\n<p>En aquest context, oferim un servei especialitzat de mentoring, assessoria i gestoria per a emprenedors.<\/p>\n<p>Els nostres serveis inclouen:<\/p>\n<ul>\n<li>Mentoring presencial o virtual<\/li>\n<li>Assessorament en la posada en marxa del projecte empresarial: Constituci\u00f3 del projecte, estatuts, pactes de socis &#8230;<\/li>\n<li>Tr\u00e0mits en Hisenda<\/li>\n<li>Servei de gestoria integral: Impostos, comptabilitat, informes de viabilitat, costos, &#8230;<\/li>\n<li>Servei d&#8217;assessoria i gestoria laboral: Contractes de treball i n\u00f2mines, assegurances socials, bonificacions, &#8230;<\/li>\n<\/ul>\n<p><a href=\"https:\/\/santcugatconsulting.com\/ca\/contactar\/\">Posa&#8217;t en contacte amb nosaltres<\/a> i t&#8217;ajudarem a fer cr\u00e9ixer el teu projecte.<\/p>\n","protected":false},"excerpt":{"rendered":"<p>A Sant Cugat Consulting, creiem en potenciar el talent. Per aquest motiu formem part d&#8217;Up Catalonia, una iniciativa empresarial centrada en acompanyar nous projectes perqu\u00e8 vegin la llum. En aquest context, oferim un servei especialitzat de mentoring, assessoria i gestoria per a emprenedors. Els nostres serveis inclouen: Mentoring presencial o virtual Assessorament en la posada [&hellip;]<\/p>\n","protected":false},"author":7,"featured_media":0,"parent":614,"menu_order":0,"comment_status":"closed","ping_status":"closed","template":"","meta":{"footnotes":""},"yoast_head":"<!-- This site is optimized with the Yoast SEO plugin v22.9 - https:\/\/yoast.com\/wordpress\/plugins\/seo\/ -->\n<title>Assessoria i gestoria per a emprenedors i start up | Sant Cugat Consulting<\/title>\n<meta name=\"description\" content=\"Assessoria i gestoria per a emprenedors i start up: oferim un servei especialitzat de mentoring, assessoria i gestoria per a emprenedors.\" \/>\n<meta name=\"robots\" content=\"index, follow, max-snippet:-1, max-image-preview:large, max-video-preview:-1\" \/>\n<link rel=\"canonical\" href=\"https:\/\/santcugatconsulting.com\/ca\/serveis\/assesoria-fiscal\/gestoria-emprenedors-start-up\/\" \/>\n<meta name=\"twitter:label1\" content=\"Temps estimat de lectura\" \/>\n\t<meta name=\"twitter:data1\" content=\"1 minut\" \/>\n<script type=\"application\/ld+json\" class=\"yoast-schema-graph\">{\"@context\":\"https:\/\/schema.org\",\"@graph\":[{\"@type\":\"WebPage\",\"@id\":\"https:\/\/santcugatconsulting.com\/ca\/serveis\/assesoria-fiscal\/gestoria-emprenedors-start-up\/\",\"url\":\"https:\/\/santcugatconsulting.com\/ca\/serveis\/assesoria-fiscal\/gestoria-emprenedors-start-up\/\",\"name\":\"Assessoria i gestoria per a emprenedors i start up | Sant Cugat Consulting\",\"isPartOf\":{\"@id\":\"https:\/\/santcugatconsulting.com\/ca\/#website\"},\"datePublished\":\"2019-10-08T08:56:17+00:00\",\"dateModified\":\"2019-10-08T13:31:24+00:00\",\"description\":\"Assessoria i gestoria per a emprenedors i start up: oferim un servei especialitzat de mentoring, assessoria i gestoria per a emprenedors.\",\"breadcrumb\":{\"@id\":\"https:\/\/santcugatconsulting.com\/ca\/serveis\/assesoria-fiscal\/gestoria-emprenedors-start-up\/#breadcrumb\"},\"inLanguage\":\"ca\",\"potentialAction\":[{\"@type\":\"ReadAction\",\"target\":[\"https:\/\/santcugatconsulting.com\/ca\/serveis\/assesoria-fiscal\/gestoria-emprenedors-start-up\/\"]}]},{\"@type\":\"BreadcrumbList\",\"@id\":\"https:\/\/santcugatconsulting.com\/ca\/serveis\/assesoria-fiscal\/gestoria-emprenedors-start-up\/#breadcrumb\",\"itemListElement\":[{\"@type\":\"ListItem\",\"position\":1,\"name\":\"Assessoria Fiscal\",\"item\":\"https:\/\/santcugatconsulting.com\/ca\/serveis\/\"},{\"@type\":\"ListItem\",\"position\":2,\"name\":\"Assessoria Fiscal\",\"item\":\"https:\/\/santcugatconsulting.com\/ca\/serveis\/assesoria-fiscal\/\"},{\"@type\":\"ListItem\",\"position\":3,\"name\":\"Assessoria i gestoria per a emprenedors i start up\"}]},{\"@type\":\"WebSite\",\"@id\":\"https:\/\/santcugatconsulting.com\/ca\/#website\",\"url\":\"https:\/\/santcugatconsulting.com\/ca\/\",\"name\":\"Sant Cugat Consulting\",\"description\":\"Asesoramiento jur\u00eddico, laboral, fiscal y contable para aut\u00f3nomos, pymes y grandes empresas. Expertos abogados y economistas. M\u00e1s de 20 a\u00f1os de experiencia.\",\"potentialAction\":[{\"@type\":\"SearchAction\",\"target\":{\"@type\":\"EntryPoint\",\"urlTemplate\":\"https:\/\/santcugatconsulting.com\/ca\/?s={search_term_string}\"},\"query-input\":\"required name=search_term_string\"}],\"inLanguage\":\"ca\"}]}<\/script>\n<!-- \/ Yoast SEO plugin. -->","yoast_head_json":{"title":"Assessoria i gestoria per a emprenedors i start up | Sant Cugat Consulting","description":"Assessoria i gestoria per a emprenedors i start up: oferim un servei especialitzat de mentoring, assessoria i gestoria per a emprenedors.","robots":{"index":"index","follow":"follow","max-snippet":"max-snippet:-1","max-image-preview":"max-image-preview:large","max-video-preview":"max-video-preview:-1"},"canonical":"https:\/\/santcugatconsulting.com\/ca\/serveis\/assesoria-fiscal\/gestoria-emprenedors-start-up\/","twitter_misc":{"Temps estimat de lectura":"1 minut"},"schema":{"@context":"https:\/\/schema.org","@graph":[{"@type":"WebPage","@id":"https:\/\/santcugatconsulting.com\/ca\/serveis\/assesoria-fiscal\/gestoria-emprenedors-start-up\/","url":"https:\/\/santcugatconsulting.com\/ca\/serveis\/assesoria-fiscal\/gestoria-emprenedors-start-up\/","name":"Assessoria i gestoria per a emprenedors i start up | Sant Cugat Consulting","isPartOf":{"@id":"https:\/\/santcugatconsulting.com\/ca\/#website"},"datePublished":"2019-10-08T08:56:17+00:00","dateModified":"2019-10-08T13:31:24+00:00","description":"Assessoria i gestoria per a emprenedors i start up: oferim un servei especialitzat de mentoring, assessoria i gestoria per a emprenedors.","breadcrumb":{"@id":"https:\/\/santcugatconsulting.com\/ca\/serveis\/assesoria-fiscal\/gestoria-emprenedors-start-up\/#breadcrumb"},"inLanguage":"ca","potentialAction":[{"@type":"ReadAction","target":["https:\/\/santcugatconsulting.com\/ca\/serveis\/assesoria-fiscal\/gestoria-emprenedors-start-up\/"]}]},{"@type":"BreadcrumbList","@id":"https:\/\/santcugatconsulting.com\/ca\/serveis\/assesoria-fiscal\/gestoria-emprenedors-start-up\/#breadcrumb","itemListElement":[{"@type":"ListItem","position":1,"name":"Assessoria Fiscal","item":"https:\/\/santcugatconsulting.com\/ca\/serveis\/"},{"@type":"ListItem","position":2,"name":"Assessoria Fiscal","item":"https:\/\/santcugatconsulting.com\/ca\/serveis\/assesoria-fiscal\/"},{"@type":"ListItem","position":3,"name":"Assessoria i gestoria per a emprenedors i start up"}]},{"@type":"WebSite","@id":"https:\/\/santcugatconsulting.com\/ca\/#website","url":"https:\/\/santcugatconsulting.com\/ca\/","name":"Sant Cugat Consulting","description":"Asesoramiento jur\u00eddico, laboral, fiscal y contable para aut\u00f3nomos, pymes y grandes empresas. Expertos abogados y economistas. M\u00e1s de 20 a\u00f1os de experiencia.","potentialAction":[{"@type":"SearchAction","target":{"@type":"EntryPoint","urlTemplate":"https:\/\/santcugatconsulting.com\/ca\/?s={search_term_string}"},"query-input":"required name=search_term_string"}],"inLanguage":"ca"}]}},"_links":{"self":[{"href":"https:\/\/santcugatconsulting.com\/ca\/wp-json\/wp\/v2\/pages\/3429"}],"collection":[{"href":"https:\/\/santcugatconsulting.com\/ca\/wp-json\/wp\/v2\/pages"}],"about":[{"href":"https:\/\/santcugatconsulting.com\/ca\/wp-json\/wp\/v2\/types\/page"}],"author":[{"embeddable":true,"href":"https:\/\/santcugatconsulting.com\/ca\/wp-json\/wp\/v2\/users\/7"}],"replies":[{"embeddable":true,"href":"https:\/\/santcugatconsulting.com\/ca\/wp-json\/wp\/v2\/comments?post=3429"}],"version-history":[{"count":2,"href":"https:\/\/santcugatconsulting.com\/ca\/wp-json\/wp\/v2\/pages\/3429\/revisions"}],"predecessor-version":[{"id":3431,"href":"https:\/\/santcugatconsulting.com\/ca\/wp-json\/wp\/v2\/pages\/3429\/revisions\/3431"}],"up":[{"embeddable":true,"href":"https:\/\/santcugatconsulting.com\/ca\/wp-json\/wp\/v2\/pages\/614"}],"wp:attachment":[{"href":"https:\/\/santcugatconsulting.com\/ca\/wp-json\/wp\/v2\/media?parent=3429"}],"curies":[{"name":"wp","href":"https:\/\/api.w.org\/{rel}","templated":true}]}}