{"id":3433,"date":"2019-10-08T10:07:29","date_gmt":"2019-10-08T09:07:29","guid":{"rendered":"https:\/\/www.santcugatconsulting.com\/?page_id=3433"},"modified":"2019-10-08T14:31:24","modified_gmt":"2019-10-08T13:31:24","slug":"assessoria-legal-promotors-constructors","status":"publish","type":"page","link":"https:\/\/santcugatconsulting.com\/ca\/serveis\/assesoria-fiscal\/assessoria-legal-promotors-constructors\/","title":{"rendered":"Assessoria legal per a promotors i constructors"},"content":{"rendered":"<p>A Sant Cugat Consulting comptem amb grans especialistes en dret immobiliari.<\/p>\n<p>Com economistes, advocats i comptables, l&#8217;assessorament i serveis jur\u00eddics que oferim en aquest camp comprenen des d&#8217;aspectes relacionats amb l&#8217;edificaci\u00f3 i normatives fins a aspectes relacionats amb inversions.<\/p>\n<p>Oferim:<\/p>\n<ul>\n<li>Assessorament a particulars, promotors i constructors.<\/li>\n<li>Tr\u00e0mits davant la compravenda d&#8217;habitatges, locals i oficines<br \/>\nassessorament fiscal<\/li>\n<li>Elaboraci\u00f3 de contractes de compravenda, contractaci\u00f3, i una altra documentaci\u00f3 legal.<\/li>\n<li>Verificaci\u00f3 de dades i supervisi\u00f3 de contractes en Registre de la Propietat, Cadastre, Ajuntament, Hisenda &#8230;<\/li>\n<li>Defensa legal davant reclamacions d&#8217;impagaments o accidents<\/li>\n<li>Reclamacions a Asseguradores.<\/li>\n<\/ul>\n<p><a href=\"https:\/\/santcugatconsulting.com\/ca\/contactar\/\">Posa&#8217;t en contacte amb nosaltres<\/a> i t&#8217;ajudarem a fer cr\u00e9ixer el teu projecte.<\/p>\n","protected":false},"excerpt":{"rendered":"<p>A Sant Cugat Consulting comptem amb grans especialistes en dret immobiliari. Com economistes, advocats i comptables, l&#8217;assessorament i serveis jur\u00eddics que oferim en aquest camp comprenen des d&#8217;aspectes relacionats amb l&#8217;edificaci\u00f3 i normatives fins a aspectes relacionats amb inversions. Oferim: Assessorament a particulars, promotors i constructors. Tr\u00e0mits davant la compravenda d&#8217;habitatges, locals i oficines assessorament [&hellip;]<\/p>\n","protected":false},"author":7,"featured_media":0,"parent":614,"menu_order":0,"comment_status":"closed","ping_status":"closed","template":"","meta":{"footnotes":""},"yoast_head":"<!-- This site is optimized with the Yoast SEO plugin v22.9 - https:\/\/yoast.com\/wordpress\/plugins\/seo\/ -->\n<title>Assessoria legal per a promotors i constructors | Sant Cugat Consulting<\/title>\n<meta name=\"description\" content=\"Especialistes en dret immobiliari. Som l&#039;assessoria legal per a promotors i constructors que compr\u00e8n tot l&#039;assessorament i serveis jur\u00eddics.\" \/>\n<meta name=\"robots\" content=\"index, follow, max-snippet:-1, max-image-preview:large, max-video-preview:-1\" \/>\n<link rel=\"canonical\" href=\"https:\/\/santcugatconsulting.com\/ca\/serveis\/assesoria-fiscal\/assessoria-legal-promotors-constructors\/\" \/>\n<meta name=\"twitter:label1\" content=\"Temps estimat de lectura\" \/>\n\t<meta name=\"twitter:data1\" content=\"1 minut\" \/>\n<script type=\"application\/ld+json\" class=\"yoast-schema-graph\">{\"@context\":\"https:\/\/schema.org\",\"@graph\":[{\"@type\":\"WebPage\",\"@id\":\"https:\/\/santcugatconsulting.com\/ca\/serveis\/assesoria-fiscal\/assessoria-legal-promotors-constructors\/\",\"url\":\"https:\/\/santcugatconsulting.com\/ca\/serveis\/assesoria-fiscal\/assessoria-legal-promotors-constructors\/\",\"name\":\"Assessoria legal per a promotors i constructors | Sant Cugat Consulting\",\"isPartOf\":{\"@id\":\"https:\/\/santcugatconsulting.com\/ca\/#website\"},\"datePublished\":\"2019-10-08T09:07:29+00:00\",\"dateModified\":\"2019-10-08T13:31:24+00:00\",\"description\":\"Especialistes en dret immobiliari. Som l'assessoria legal per a promotors i constructors que compr\u00e8n tot l'assessorament i serveis jur\u00eddics.\",\"breadcrumb\":{\"@id\":\"https:\/\/santcugatconsulting.com\/ca\/serveis\/assesoria-fiscal\/assessoria-legal-promotors-constructors\/#breadcrumb\"},\"inLanguage\":\"ca\",\"potentialAction\":[{\"@type\":\"ReadAction\",\"target\":[\"https:\/\/santcugatconsulting.com\/ca\/serveis\/assesoria-fiscal\/assessoria-legal-promotors-constructors\/\"]}]},{\"@type\":\"BreadcrumbList\",\"@id\":\"https:\/\/santcugatconsulting.com\/ca\/serveis\/assesoria-fiscal\/assessoria-legal-promotors-constructors\/#breadcrumb\",\"itemListElement\":[{\"@type\":\"ListItem\",\"position\":1,\"name\":\"Assessoria Fiscal\",\"item\":\"https:\/\/santcugatconsulting.com\/ca\/serveis\/\"},{\"@type\":\"ListItem\",\"position\":2,\"name\":\"Assessoria Fiscal\",\"item\":\"https:\/\/santcugatconsulting.com\/ca\/serveis\/assesoria-fiscal\/\"},{\"@type\":\"ListItem\",\"position\":3,\"name\":\"Assessoria legal per a promotors i constructors\"}]},{\"@type\":\"WebSite\",\"@id\":\"https:\/\/santcugatconsulting.com\/ca\/#website\",\"url\":\"https:\/\/santcugatconsulting.com\/ca\/\",\"name\":\"Sant Cugat Consulting\",\"description\":\"Asesoramiento jur\u00eddico, laboral, fiscal y contable para aut\u00f3nomos, pymes y grandes empresas. Expertos abogados y economistas. M\u00e1s de 20 a\u00f1os de experiencia.\",\"potentialAction\":[{\"@type\":\"SearchAction\",\"target\":{\"@type\":\"EntryPoint\",\"urlTemplate\":\"https:\/\/santcugatconsulting.com\/ca\/?s={search_term_string}\"},\"query-input\":\"required name=search_term_string\"}],\"inLanguage\":\"ca\"}]}<\/script>\n<!-- \/ Yoast SEO plugin. -->","yoast_head_json":{"title":"Assessoria legal per a promotors i constructors | Sant Cugat Consulting","description":"Especialistes en dret immobiliari. Som l'assessoria legal per a promotors i constructors que compr\u00e8n tot l'assessorament i serveis jur\u00eddics.","robots":{"index":"index","follow":"follow","max-snippet":"max-snippet:-1","max-image-preview":"max-image-preview:large","max-video-preview":"max-video-preview:-1"},"canonical":"https:\/\/santcugatconsulting.com\/ca\/serveis\/assesoria-fiscal\/assessoria-legal-promotors-constructors\/","twitter_misc":{"Temps estimat de lectura":"1 minut"},"schema":{"@context":"https:\/\/schema.org","@graph":[{"@type":"WebPage","@id":"https:\/\/santcugatconsulting.com\/ca\/serveis\/assesoria-fiscal\/assessoria-legal-promotors-constructors\/","url":"https:\/\/santcugatconsulting.com\/ca\/serveis\/assesoria-fiscal\/assessoria-legal-promotors-constructors\/","name":"Assessoria legal per a promotors i constructors | Sant Cugat Consulting","isPartOf":{"@id":"https:\/\/santcugatconsulting.com\/ca\/#website"},"datePublished":"2019-10-08T09:07:29+00:00","dateModified":"2019-10-08T13:31:24+00:00","description":"Especialistes en dret immobiliari. Som l'assessoria legal per a promotors i constructors que compr\u00e8n tot l'assessorament i serveis jur\u00eddics.","breadcrumb":{"@id":"https:\/\/santcugatconsulting.com\/ca\/serveis\/assesoria-fiscal\/assessoria-legal-promotors-constructors\/#breadcrumb"},"inLanguage":"ca","potentialAction":[{"@type":"ReadAction","target":["https:\/\/santcugatconsulting.com\/ca\/serveis\/assesoria-fiscal\/assessoria-legal-promotors-constructors\/"]}]},{"@type":"BreadcrumbList","@id":"https:\/\/santcugatconsulting.com\/ca\/serveis\/assesoria-fiscal\/assessoria-legal-promotors-constructors\/#breadcrumb","itemListElement":[{"@type":"ListItem","position":1,"name":"Assessoria Fiscal","item":"https:\/\/santcugatconsulting.com\/ca\/serveis\/"},{"@type":"ListItem","position":2,"name":"Assessoria Fiscal","item":"https:\/\/santcugatconsulting.com\/ca\/serveis\/assesoria-fiscal\/"},{"@type":"ListItem","position":3,"name":"Assessoria legal per a promotors i constructors"}]},{"@type":"WebSite","@id":"https:\/\/santcugatconsulting.com\/ca\/#website","url":"https:\/\/santcugatconsulting.com\/ca\/","name":"Sant Cugat Consulting","description":"Asesoramiento jur\u00eddico, laboral, fiscal y contable para aut\u00f3nomos, pymes y grandes empresas. Expertos abogados y economistas. M\u00e1s de 20 a\u00f1os de experiencia.","potentialAction":[{"@type":"SearchAction","target":{"@type":"EntryPoint","urlTemplate":"https:\/\/santcugatconsulting.com\/ca\/?s={search_term_string}"},"query-input":"required name=search_term_string"}],"inLanguage":"ca"}]}},"_links":{"self":[{"href":"https:\/\/santcugatconsulting.com\/ca\/wp-json\/wp\/v2\/pages\/3433"}],"collection":[{"href":"https:\/\/santcugatconsulting.com\/ca\/wp-json\/wp\/v2\/pages"}],"about":[{"href":"https:\/\/santcugatconsulting.com\/ca\/wp-json\/wp\/v2\/types\/page"}],"author":[{"embeddable":true,"href":"https:\/\/santcugatconsulting.com\/ca\/wp-json\/wp\/v2\/users\/7"}],"replies":[{"embeddable":true,"href":"https:\/\/santcugatconsulting.com\/ca\/wp-json\/wp\/v2\/comments?post=3433"}],"version-history":[{"count":1,"href":"https:\/\/santcugatconsulting.com\/ca\/wp-json\/wp\/v2\/pages\/3433\/revisions"}],"predecessor-version":[{"id":3437,"href":"https:\/\/santcugatconsulting.com\/ca\/wp-json\/wp\/v2\/pages\/3433\/revisions\/3437"}],"up":[{"embeddable":true,"href":"https:\/\/santcugatconsulting.com\/ca\/wp-json\/wp\/v2\/pages\/614"}],"wp:attachment":[{"href":"https:\/\/santcugatconsulting.com\/ca\/wp-json\/wp\/v2\/media?parent=3433"}],"curies":[{"name":"wp","href":"https:\/\/api.w.org\/{rel}","templated":true}]}}