{"id":3439,"date":"2019-10-08T13:41:19","date_gmt":"2019-10-08T12:41:19","guid":{"rendered":"https:\/\/www.santcugatconsulting.com\/?page_id=3439"},"modified":"2019-10-08T14:31:24","modified_gmt":"2019-10-08T13:31:24","slug":"advocats-familia-matrimonialista-divorcis","status":"publish","type":"page","link":"https:\/\/santcugatconsulting.com\/ca\/serveis\/assessoria-juridica-mercantil-civil\/advocats-familia-matrimonialista-divorcis\/","title":{"rendered":"Advocats fam\u00edlia, matrimonialista i divorcis"},"content":{"rendered":"<p>El nostre equip d&#8217;experts advocats ofereix absoluta disponibilitat i tracte personalitzat quan tractem amb fam\u00edlies.<\/p>\n<p>Podem ajudar-vos si necessiteu:<\/p>\n<ul>\n<li>Assessorament i mediaci\u00f3 familiar<\/li>\n<li>Acords prematrimonials<\/li>\n<li>Separacions matrimonials (de mutu acord)<\/li>\n<li>Divorcis contenciosos<\/li>\n<li>Cust\u00f2dia de menors i r\u00e8gim de visites<\/li>\n<li>Pensi\u00f3 aliment\u00e0ria i conjugal<\/li>\n<li>Paternitat<\/li>\n<li>Separaci\u00f3 de b\u00e9ns i liquidaci\u00f3 de patrimonis<\/li>\n<\/ul>\n<p><a href=\"https:\/\/santcugatconsulting.com\/ca\/contactar\/\">Consulta el teu cas amb nosaltres<\/a> i podrem ajudar-te.<\/p>\n<p>&nbsp;<\/p>\n","protected":false},"excerpt":{"rendered":"<p>El nostre equip d&#8217;experts advocats ofereix absoluta disponibilitat i tracte personalitzat quan tractem amb fam\u00edlies. Podem ajudar-vos si necessiteu: Assessorament i mediaci\u00f3 familiar Acords prematrimonials Separacions matrimonials (de mutu acord) Divorcis contenciosos Cust\u00f2dia de menors i r\u00e8gim de visites Pensi\u00f3 aliment\u00e0ria i conjugal Paternitat Separaci\u00f3 de b\u00e9ns i liquidaci\u00f3 de patrimonis Consulta el teu cas [&hellip;]<\/p>\n","protected":false},"author":7,"featured_media":0,"parent":609,"menu_order":0,"comment_status":"closed","ping_status":"closed","template":"","meta":{"footnotes":""},"yoast_head":"<!-- This site is optimized with the Yoast SEO plugin v22.9 - https:\/\/yoast.com\/wordpress\/plugins\/seo\/ -->\n<title>Advocats fam\u00edlia, matrimonialista i divorcis | Sant Cugat Consulting<\/title>\n<meta name=\"description\" content=\"Especialistes en dret matrimonial i divorcis. Absoluta disponibilitat, discreci\u00f3 i tracte personalitzat quan tractem amb fam\u00edlies.\" \/>\n<meta name=\"robots\" content=\"index, follow, max-snippet:-1, max-image-preview:large, max-video-preview:-1\" \/>\n<link rel=\"canonical\" href=\"https:\/\/santcugatconsulting.com\/ca\/serveis\/assessoria-juridica-mercantil-civil\/advocats-familia-matrimonialista-divorcis\/\" \/>\n<script type=\"application\/ld+json\" class=\"yoast-schema-graph\">{\"@context\":\"https:\/\/schema.org\",\"@graph\":[{\"@type\":\"WebPage\",\"@id\":\"https:\/\/santcugatconsulting.com\/ca\/serveis\/assessoria-juridica-mercantil-civil\/advocats-familia-matrimonialista-divorcis\/\",\"url\":\"https:\/\/santcugatconsulting.com\/ca\/serveis\/assessoria-juridica-mercantil-civil\/advocats-familia-matrimonialista-divorcis\/\",\"name\":\"Advocats fam\u00edlia, matrimonialista i divorcis | Sant Cugat Consulting\",\"isPartOf\":{\"@id\":\"https:\/\/santcugatconsulting.com\/ca\/#website\"},\"datePublished\":\"2019-10-08T12:41:19+00:00\",\"dateModified\":\"2019-10-08T13:31:24+00:00\",\"description\":\"Especialistes en dret matrimonial i divorcis. Absoluta disponibilitat, discreci\u00f3 i tracte personalitzat quan tractem amb fam\u00edlies.\",\"breadcrumb\":{\"@id\":\"https:\/\/santcugatconsulting.com\/ca\/serveis\/assessoria-juridica-mercantil-civil\/advocats-familia-matrimonialista-divorcis\/#breadcrumb\"},\"inLanguage\":\"ca\",\"potentialAction\":[{\"@type\":\"ReadAction\",\"target\":[\"https:\/\/santcugatconsulting.com\/ca\/serveis\/assessoria-juridica-mercantil-civil\/advocats-familia-matrimonialista-divorcis\/\"]}]},{\"@type\":\"BreadcrumbList\",\"@id\":\"https:\/\/santcugatconsulting.com\/ca\/serveis\/assessoria-juridica-mercantil-civil\/advocats-familia-matrimonialista-divorcis\/#breadcrumb\",\"itemListElement\":[{\"@type\":\"ListItem\",\"position\":1,\"name\":\"Assessoria Fiscal\",\"item\":\"https:\/\/santcugatconsulting.com\/ca\/serveis\/\"},{\"@type\":\"ListItem\",\"position\":2,\"name\":\"Assessoria Jur\u00eddica Mercantil I Civil\",\"item\":\"https:\/\/santcugatconsulting.com\/ca\/serveis\/assessoria-juridica-mercantil-civil\/\"},{\"@type\":\"ListItem\",\"position\":3,\"name\":\"Advocats fam\u00edlia, matrimonialista i divorcis\"}]},{\"@type\":\"WebSite\",\"@id\":\"https:\/\/santcugatconsulting.com\/ca\/#website\",\"url\":\"https:\/\/santcugatconsulting.com\/ca\/\",\"name\":\"Sant Cugat Consulting\",\"description\":\"Asesoramiento jur\u00eddico, laboral, fiscal y contable para aut\u00f3nomos, pymes y grandes empresas. Expertos abogados y economistas. M\u00e1s de 20 a\u00f1os de experiencia.\",\"potentialAction\":[{\"@type\":\"SearchAction\",\"target\":{\"@type\":\"EntryPoint\",\"urlTemplate\":\"https:\/\/santcugatconsulting.com\/ca\/?s={search_term_string}\"},\"query-input\":\"required name=search_term_string\"}],\"inLanguage\":\"ca\"}]}<\/script>\n<!-- \/ Yoast SEO plugin. -->","yoast_head_json":{"title":"Advocats fam\u00edlia, matrimonialista i divorcis | Sant Cugat Consulting","description":"Especialistes en dret matrimonial i divorcis. Absoluta disponibilitat, discreci\u00f3 i tracte personalitzat quan tractem amb fam\u00edlies.","robots":{"index":"index","follow":"follow","max-snippet":"max-snippet:-1","max-image-preview":"max-image-preview:large","max-video-preview":"max-video-preview:-1"},"canonical":"https:\/\/santcugatconsulting.com\/ca\/serveis\/assessoria-juridica-mercantil-civil\/advocats-familia-matrimonialista-divorcis\/","schema":{"@context":"https:\/\/schema.org","@graph":[{"@type":"WebPage","@id":"https:\/\/santcugatconsulting.com\/ca\/serveis\/assessoria-juridica-mercantil-civil\/advocats-familia-matrimonialista-divorcis\/","url":"https:\/\/santcugatconsulting.com\/ca\/serveis\/assessoria-juridica-mercantil-civil\/advocats-familia-matrimonialista-divorcis\/","name":"Advocats fam\u00edlia, matrimonialista i divorcis | Sant Cugat Consulting","isPartOf":{"@id":"https:\/\/santcugatconsulting.com\/ca\/#website"},"datePublished":"2019-10-08T12:41:19+00:00","dateModified":"2019-10-08T13:31:24+00:00","description":"Especialistes en dret matrimonial i divorcis. Absoluta disponibilitat, discreci\u00f3 i tracte personalitzat quan tractem amb fam\u00edlies.","breadcrumb":{"@id":"https:\/\/santcugatconsulting.com\/ca\/serveis\/assessoria-juridica-mercantil-civil\/advocats-familia-matrimonialista-divorcis\/#breadcrumb"},"inLanguage":"ca","potentialAction":[{"@type":"ReadAction","target":["https:\/\/santcugatconsulting.com\/ca\/serveis\/assessoria-juridica-mercantil-civil\/advocats-familia-matrimonialista-divorcis\/"]}]},{"@type":"BreadcrumbList","@id":"https:\/\/santcugatconsulting.com\/ca\/serveis\/assessoria-juridica-mercantil-civil\/advocats-familia-matrimonialista-divorcis\/#breadcrumb","itemListElement":[{"@type":"ListItem","position":1,"name":"Assessoria Fiscal","item":"https:\/\/santcugatconsulting.com\/ca\/serveis\/"},{"@type":"ListItem","position":2,"name":"Assessoria Jur\u00eddica Mercantil I Civil","item":"https:\/\/santcugatconsulting.com\/ca\/serveis\/assessoria-juridica-mercantil-civil\/"},{"@type":"ListItem","position":3,"name":"Advocats fam\u00edlia, matrimonialista i divorcis"}]},{"@type":"WebSite","@id":"https:\/\/santcugatconsulting.com\/ca\/#website","url":"https:\/\/santcugatconsulting.com\/ca\/","name":"Sant Cugat Consulting","description":"Asesoramiento jur\u00eddico, laboral, fiscal y contable para aut\u00f3nomos, pymes y grandes empresas. Expertos abogados y economistas. M\u00e1s de 20 a\u00f1os de experiencia.","potentialAction":[{"@type":"SearchAction","target":{"@type":"EntryPoint","urlTemplate":"https:\/\/santcugatconsulting.com\/ca\/?s={search_term_string}"},"query-input":"required name=search_term_string"}],"inLanguage":"ca"}]}},"_links":{"self":[{"href":"https:\/\/santcugatconsulting.com\/ca\/wp-json\/wp\/v2\/pages\/3439"}],"collection":[{"href":"https:\/\/santcugatconsulting.com\/ca\/wp-json\/wp\/v2\/pages"}],"about":[{"href":"https:\/\/santcugatconsulting.com\/ca\/wp-json\/wp\/v2\/types\/page"}],"author":[{"embeddable":true,"href":"https:\/\/santcugatconsulting.com\/ca\/wp-json\/wp\/v2\/users\/7"}],"replies":[{"embeddable":true,"href":"https:\/\/santcugatconsulting.com\/ca\/wp-json\/wp\/v2\/comments?post=3439"}],"version-history":[{"count":1,"href":"https:\/\/santcugatconsulting.com\/ca\/wp-json\/wp\/v2\/pages\/3439\/revisions"}],"predecessor-version":[{"id":3443,"href":"https:\/\/santcugatconsulting.com\/ca\/wp-json\/wp\/v2\/pages\/3439\/revisions\/3443"}],"up":[{"embeddable":true,"href":"https:\/\/santcugatconsulting.com\/ca\/wp-json\/wp\/v2\/pages\/609"}],"wp:attachment":[{"href":"https:\/\/santcugatconsulting.com\/ca\/wp-json\/wp\/v2\/media?parent=3439"}],"curies":[{"name":"wp","href":"https:\/\/api.w.org\/{rel}","templated":true}]}}