{"id":3445,"date":"2019-10-08T14:09:17","date_gmt":"2019-10-08T13:09:17","guid":{"rendered":"https:\/\/www.santcugatconsulting.com\/?page_id=3445"},"modified":"2019-10-08T14:31:24","modified_gmt":"2019-10-08T13:31:24","slug":"assessoria-juridica-herencies-successions","status":"publish","type":"page","link":"https:\/\/santcugatconsulting.com\/ca\/serveis\/assessoria-juridica-mercantil-civil\/assessoria-juridica-herencies-successions\/","title":{"rendered":"Assessoria jur\u00eddica en her\u00e8ncies i successions"},"content":{"rendered":"<p>En un cas de la mort, una causa comuna de conflicte sol ser el repartiment del seu patrimoni entre familiars i beneficiaris.<br \/>\nL&#8217;assessoria jur\u00eddica en successions permet evitar aquest tipus de contratemps, tant si hi ha un testament com si no ho hagu\u00e9s.<\/p>\n<p>Podem ajudar-lo en els seg\u00fcents processos en mat\u00e8ria de dret successori:<\/p>\n<ul>\n<li>Redacci\u00f3 de Testaments i \u00faltimes voluntats<\/li>\n<li>Acceptaci\u00f3 d&#8217;her\u00e8ncies<\/li>\n<li>Assessorament liquidaci\u00f3 en impostos successoris<\/li>\n<li>Reclamaci\u00f3 d&#8217;her\u00e8ncies i mediaci\u00f3 entre les parts implicades<\/li>\n<li>Transmissions patrimonials<\/li>\n<li>Negociaci\u00f3 amb hereus<\/li>\n<li>incapacitacions<\/li>\n<li>her\u00e8ncies internacionals<\/li>\n<\/ul>\n<p><a href=\"https:\/\/santcugatconsulting.com\/ca\/contactar\/\">Consulteu-nos<\/a> si \u00e9s el cas!<\/p>\n<p>&nbsp;<\/p>\n<p>&nbsp;<\/p>\n","protected":false},"excerpt":{"rendered":"<p>En un cas de la mort, una causa comuna de conflicte sol ser el repartiment del seu patrimoni entre familiars i beneficiaris. L&#8217;assessoria jur\u00eddica en successions permet evitar aquest tipus de contratemps, tant si hi ha un testament com si no ho hagu\u00e9s. Podem ajudar-lo en els seg\u00fcents processos en mat\u00e8ria de dret successori: Redacci\u00f3 [&hellip;]<\/p>\n","protected":false},"author":7,"featured_media":0,"parent":609,"menu_order":0,"comment_status":"closed","ping_status":"closed","template":"","meta":{"footnotes":""},"yoast_head":"<!-- This site is optimized with the Yoast SEO plugin v22.9 - https:\/\/yoast.com\/wordpress\/plugins\/seo\/ -->\n<title>Assessoria jur\u00eddica en her\u00e8ncies i successions | Sant Cugat Consulting<\/title>\n<meta name=\"description\" content=\"\u00a0L&#039;assessoria jur\u00eddica en her\u00e8ncies i successions. permet evitar contratemps, tant si hi ha un testament com si no ho hagu\u00e9s.\" \/>\n<meta name=\"robots\" content=\"index, follow, max-snippet:-1, max-image-preview:large, max-video-preview:-1\" \/>\n<link rel=\"canonical\" href=\"https:\/\/santcugatconsulting.com\/ca\/serveis\/assessoria-juridica-mercantil-civil\/assessoria-juridica-herencies-successions\/\" \/>\n<script type=\"application\/ld+json\" class=\"yoast-schema-graph\">{\"@context\":\"https:\/\/schema.org\",\"@graph\":[{\"@type\":\"WebPage\",\"@id\":\"https:\/\/santcugatconsulting.com\/ca\/serveis\/assessoria-juridica-mercantil-civil\/assessoria-juridica-herencies-successions\/\",\"url\":\"https:\/\/santcugatconsulting.com\/ca\/serveis\/assessoria-juridica-mercantil-civil\/assessoria-juridica-herencies-successions\/\",\"name\":\"Assessoria jur\u00eddica en her\u00e8ncies i successions | Sant Cugat Consulting\",\"isPartOf\":{\"@id\":\"https:\/\/santcugatconsulting.com\/ca\/#website\"},\"datePublished\":\"2019-10-08T13:09:17+00:00\",\"dateModified\":\"2019-10-08T13:31:24+00:00\",\"description\":\"\u00a0L'assessoria jur\u00eddica en her\u00e8ncies i successions. permet evitar contratemps, tant si hi ha un testament com si no ho hagu\u00e9s.\",\"breadcrumb\":{\"@id\":\"https:\/\/santcugatconsulting.com\/ca\/serveis\/assessoria-juridica-mercantil-civil\/assessoria-juridica-herencies-successions\/#breadcrumb\"},\"inLanguage\":\"ca\",\"potentialAction\":[{\"@type\":\"ReadAction\",\"target\":[\"https:\/\/santcugatconsulting.com\/ca\/serveis\/assessoria-juridica-mercantil-civil\/assessoria-juridica-herencies-successions\/\"]}]},{\"@type\":\"BreadcrumbList\",\"@id\":\"https:\/\/santcugatconsulting.com\/ca\/serveis\/assessoria-juridica-mercantil-civil\/assessoria-juridica-herencies-successions\/#breadcrumb\",\"itemListElement\":[{\"@type\":\"ListItem\",\"position\":1,\"name\":\"Assessoria Fiscal\",\"item\":\"https:\/\/santcugatconsulting.com\/ca\/serveis\/\"},{\"@type\":\"ListItem\",\"position\":2,\"name\":\"Assessoria Jur\u00eddica Mercantil I Civil\",\"item\":\"https:\/\/santcugatconsulting.com\/ca\/serveis\/assessoria-juridica-mercantil-civil\/\"},{\"@type\":\"ListItem\",\"position\":3,\"name\":\"Assessoria jur\u00eddica en her\u00e8ncies i successions\"}]},{\"@type\":\"WebSite\",\"@id\":\"https:\/\/santcugatconsulting.com\/ca\/#website\",\"url\":\"https:\/\/santcugatconsulting.com\/ca\/\",\"name\":\"Sant Cugat Consulting\",\"description\":\"Asesoramiento jur\u00eddico, laboral, fiscal y contable para aut\u00f3nomos, pymes y grandes empresas. Expertos abogados y economistas. M\u00e1s de 20 a\u00f1os de experiencia.\",\"potentialAction\":[{\"@type\":\"SearchAction\",\"target\":{\"@type\":\"EntryPoint\",\"urlTemplate\":\"https:\/\/santcugatconsulting.com\/ca\/?s={search_term_string}\"},\"query-input\":\"required name=search_term_string\"}],\"inLanguage\":\"ca\"}]}<\/script>\n<!-- \/ Yoast SEO plugin. -->","yoast_head_json":{"title":"Assessoria jur\u00eddica en her\u00e8ncies i successions | Sant Cugat Consulting","description":"\u00a0L'assessoria jur\u00eddica en her\u00e8ncies i successions. permet evitar contratemps, tant si hi ha un testament com si no ho hagu\u00e9s.","robots":{"index":"index","follow":"follow","max-snippet":"max-snippet:-1","max-image-preview":"max-image-preview:large","max-video-preview":"max-video-preview:-1"},"canonical":"https:\/\/santcugatconsulting.com\/ca\/serveis\/assessoria-juridica-mercantil-civil\/assessoria-juridica-herencies-successions\/","schema":{"@context":"https:\/\/schema.org","@graph":[{"@type":"WebPage","@id":"https:\/\/santcugatconsulting.com\/ca\/serveis\/assessoria-juridica-mercantil-civil\/assessoria-juridica-herencies-successions\/","url":"https:\/\/santcugatconsulting.com\/ca\/serveis\/assessoria-juridica-mercantil-civil\/assessoria-juridica-herencies-successions\/","name":"Assessoria jur\u00eddica en her\u00e8ncies i successions | Sant Cugat Consulting","isPartOf":{"@id":"https:\/\/santcugatconsulting.com\/ca\/#website"},"datePublished":"2019-10-08T13:09:17+00:00","dateModified":"2019-10-08T13:31:24+00:00","description":"\u00a0L'assessoria jur\u00eddica en her\u00e8ncies i successions. permet evitar contratemps, tant si hi ha un testament com si no ho hagu\u00e9s.","breadcrumb":{"@id":"https:\/\/santcugatconsulting.com\/ca\/serveis\/assessoria-juridica-mercantil-civil\/assessoria-juridica-herencies-successions\/#breadcrumb"},"inLanguage":"ca","potentialAction":[{"@type":"ReadAction","target":["https:\/\/santcugatconsulting.com\/ca\/serveis\/assessoria-juridica-mercantil-civil\/assessoria-juridica-herencies-successions\/"]}]},{"@type":"BreadcrumbList","@id":"https:\/\/santcugatconsulting.com\/ca\/serveis\/assessoria-juridica-mercantil-civil\/assessoria-juridica-herencies-successions\/#breadcrumb","itemListElement":[{"@type":"ListItem","position":1,"name":"Assessoria Fiscal","item":"https:\/\/santcugatconsulting.com\/ca\/serveis\/"},{"@type":"ListItem","position":2,"name":"Assessoria Jur\u00eddica Mercantil I Civil","item":"https:\/\/santcugatconsulting.com\/ca\/serveis\/assessoria-juridica-mercantil-civil\/"},{"@type":"ListItem","position":3,"name":"Assessoria jur\u00eddica en her\u00e8ncies i successions"}]},{"@type":"WebSite","@id":"https:\/\/santcugatconsulting.com\/ca\/#website","url":"https:\/\/santcugatconsulting.com\/ca\/","name":"Sant Cugat Consulting","description":"Asesoramiento jur\u00eddico, laboral, fiscal y contable para aut\u00f3nomos, pymes y grandes empresas. Expertos abogados y economistas. M\u00e1s de 20 a\u00f1os de experiencia.","potentialAction":[{"@type":"SearchAction","target":{"@type":"EntryPoint","urlTemplate":"https:\/\/santcugatconsulting.com\/ca\/?s={search_term_string}"},"query-input":"required name=search_term_string"}],"inLanguage":"ca"}]}},"_links":{"self":[{"href":"https:\/\/santcugatconsulting.com\/ca\/wp-json\/wp\/v2\/pages\/3445"}],"collection":[{"href":"https:\/\/santcugatconsulting.com\/ca\/wp-json\/wp\/v2\/pages"}],"about":[{"href":"https:\/\/santcugatconsulting.com\/ca\/wp-json\/wp\/v2\/types\/page"}],"author":[{"embeddable":true,"href":"https:\/\/santcugatconsulting.com\/ca\/wp-json\/wp\/v2\/users\/7"}],"replies":[{"embeddable":true,"href":"https:\/\/santcugatconsulting.com\/ca\/wp-json\/wp\/v2\/comments?post=3445"}],"version-history":[{"count":2,"href":"https:\/\/santcugatconsulting.com\/ca\/wp-json\/wp\/v2\/pages\/3445\/revisions"}],"predecessor-version":[{"id":3450,"href":"https:\/\/santcugatconsulting.com\/ca\/wp-json\/wp\/v2\/pages\/3445\/revisions\/3450"}],"up":[{"embeddable":true,"href":"https:\/\/santcugatconsulting.com\/ca\/wp-json\/wp\/v2\/pages\/609"}],"wp:attachment":[{"href":"https:\/\/santcugatconsulting.com\/ca\/wp-json\/wp\/v2\/media?parent=3445"}],"curies":[{"name":"wp","href":"https:\/\/api.w.org\/{rel}","templated":true}]}}