{"id":3453,"date":"2019-10-08T14:34:14","date_gmt":"2019-10-08T13:34:14","guid":{"rendered":"https:\/\/www.santcugatconsulting.com\/?page_id=3453"},"modified":"2019-10-08T14:34:14","modified_gmt":"2019-10-08T13:34:14","slug":"advocats-reclamacio-impagaments","status":"publish","type":"page","link":"https:\/\/santcugatconsulting.com\/ca\/serveis\/assessoria-juridica-mercantil-civil\/advocats-reclamacio-impagaments\/","title":{"rendered":"Advocats reclamaci\u00f3 d&#8217;impagaments"},"content":{"rendered":"<p>L&#8217;ajudem en el proc\u00e9s de recuperar un deute per pagar, i li oferim protecci\u00f3 i assessoria davant impagaments que poguessin succeir en un futur.<\/p>\n<p>\u2022 Reclamaci\u00f3 deutes i impagaments<br \/>\n\u2022 Procediments monitoris<br \/>\n\u2022 Negociaci\u00f3 del deute i redacci\u00f3 dels acords de pagament<br \/>\n\u2022 Reclamaci\u00f3 extrajudicial i per via judicial<br \/>\n\u2022 Reclamaci\u00f3 de quotes de lloguer a inquilins<br \/>\n\u2022 Reclamaci\u00f3 de quotes a propietaris en r\u00e8gim de propietat horitzontal<br \/>\n\u2022 Recuperaci\u00f3 d&#8217;IVA de factures impagades.<\/p>\n<p><a href=\"https:\/\/santcugatconsulting.com\/ca\/contactar\/\">Consulteu-nos<\/a> si \u00e9s el cas!<\/p>\n<p>&nbsp;<\/p>\n<p>&nbsp;<\/p>\n","protected":false},"excerpt":{"rendered":"<p>L&#8217;ajudem en el proc\u00e9s de recuperar un deute per pagar, i li oferim protecci\u00f3 i assessoria davant impagaments que poguessin succeir en un futur. \u2022 Reclamaci\u00f3 deutes i impagaments \u2022 Procediments monitoris \u2022 Negociaci\u00f3 del deute i redacci\u00f3 dels acords de pagament \u2022 Reclamaci\u00f3 extrajudicial i per via judicial \u2022 Reclamaci\u00f3 de quotes de lloguer [&hellip;]<\/p>\n","protected":false},"author":7,"featured_media":0,"parent":609,"menu_order":0,"comment_status":"closed","ping_status":"closed","template":"","meta":{"footnotes":""},"yoast_head":"<!-- This site is optimized with the Yoast SEO plugin v22.9 - https:\/\/yoast.com\/wordpress\/plugins\/seo\/ -->\n<title>Advocats reclamaci\u00f3 d&#039;impagaments | Sant Cugat Consulting<\/title>\n<meta name=\"description\" content=\"Com a advocats especialistes en reclamaci\u00f3 d&#039;impagaments l&#039;ajudem en el proc\u00e9s de recuperar un deute per pagar, i li oferim protecci\u00f3 i assessoria.\" \/>\n<meta name=\"robots\" content=\"index, follow, max-snippet:-1, max-image-preview:large, max-video-preview:-1\" \/>\n<link rel=\"canonical\" href=\"https:\/\/santcugatconsulting.com\/ca\/serveis\/assessoria-juridica-mercantil-civil\/advocats-reclamacio-impagaments\/\" \/>\n<script type=\"application\/ld+json\" class=\"yoast-schema-graph\">{\"@context\":\"https:\/\/schema.org\",\"@graph\":[{\"@type\":\"WebPage\",\"@id\":\"https:\/\/santcugatconsulting.com\/ca\/serveis\/assessoria-juridica-mercantil-civil\/advocats-reclamacio-impagaments\/\",\"url\":\"https:\/\/santcugatconsulting.com\/ca\/serveis\/assessoria-juridica-mercantil-civil\/advocats-reclamacio-impagaments\/\",\"name\":\"Advocats reclamaci\u00f3 d'impagaments | Sant Cugat Consulting\",\"isPartOf\":{\"@id\":\"https:\/\/santcugatconsulting.com\/ca\/#website\"},\"datePublished\":\"2019-10-08T13:34:14+00:00\",\"dateModified\":\"2019-10-08T13:34:14+00:00\",\"description\":\"Com a advocats especialistes en reclamaci\u00f3 d'impagaments l'ajudem en el proc\u00e9s de recuperar un deute per pagar, i li oferim protecci\u00f3 i assessoria.\",\"breadcrumb\":{\"@id\":\"https:\/\/santcugatconsulting.com\/ca\/serveis\/assessoria-juridica-mercantil-civil\/advocats-reclamacio-impagaments\/#breadcrumb\"},\"inLanguage\":\"ca\",\"potentialAction\":[{\"@type\":\"ReadAction\",\"target\":[\"https:\/\/santcugatconsulting.com\/ca\/serveis\/assessoria-juridica-mercantil-civil\/advocats-reclamacio-impagaments\/\"]}]},{\"@type\":\"BreadcrumbList\",\"@id\":\"https:\/\/santcugatconsulting.com\/ca\/serveis\/assessoria-juridica-mercantil-civil\/advocats-reclamacio-impagaments\/#breadcrumb\",\"itemListElement\":[{\"@type\":\"ListItem\",\"position\":1,\"name\":\"Assessoria Fiscal\",\"item\":\"https:\/\/santcugatconsulting.com\/ca\/serveis\/\"},{\"@type\":\"ListItem\",\"position\":2,\"name\":\"Assessoria Jur\u00eddica Mercantil I Civil\",\"item\":\"https:\/\/santcugatconsulting.com\/ca\/serveis\/assessoria-juridica-mercantil-civil\/\"},{\"@type\":\"ListItem\",\"position\":3,\"name\":\"Advocats reclamaci\u00f3 d&#8217;impagaments\"}]},{\"@type\":\"WebSite\",\"@id\":\"https:\/\/santcugatconsulting.com\/ca\/#website\",\"url\":\"https:\/\/santcugatconsulting.com\/ca\/\",\"name\":\"Sant Cugat Consulting\",\"description\":\"Asesoramiento jur\u00eddico, laboral, fiscal y contable para aut\u00f3nomos, pymes y grandes empresas. Expertos abogados y economistas. M\u00e1s de 20 a\u00f1os de experiencia.\",\"potentialAction\":[{\"@type\":\"SearchAction\",\"target\":{\"@type\":\"EntryPoint\",\"urlTemplate\":\"https:\/\/santcugatconsulting.com\/ca\/?s={search_term_string}\"},\"query-input\":\"required name=search_term_string\"}],\"inLanguage\":\"ca\"}]}<\/script>\n<!-- \/ Yoast SEO plugin. -->","yoast_head_json":{"title":"Advocats reclamaci\u00f3 d'impagaments | Sant Cugat Consulting","description":"Com a advocats especialistes en reclamaci\u00f3 d'impagaments l'ajudem en el proc\u00e9s de recuperar un deute per pagar, i li oferim protecci\u00f3 i assessoria.","robots":{"index":"index","follow":"follow","max-snippet":"max-snippet:-1","max-image-preview":"max-image-preview:large","max-video-preview":"max-video-preview:-1"},"canonical":"https:\/\/santcugatconsulting.com\/ca\/serveis\/assessoria-juridica-mercantil-civil\/advocats-reclamacio-impagaments\/","schema":{"@context":"https:\/\/schema.org","@graph":[{"@type":"WebPage","@id":"https:\/\/santcugatconsulting.com\/ca\/serveis\/assessoria-juridica-mercantil-civil\/advocats-reclamacio-impagaments\/","url":"https:\/\/santcugatconsulting.com\/ca\/serveis\/assessoria-juridica-mercantil-civil\/advocats-reclamacio-impagaments\/","name":"Advocats reclamaci\u00f3 d'impagaments | Sant Cugat Consulting","isPartOf":{"@id":"https:\/\/santcugatconsulting.com\/ca\/#website"},"datePublished":"2019-10-08T13:34:14+00:00","dateModified":"2019-10-08T13:34:14+00:00","description":"Com a advocats especialistes en reclamaci\u00f3 d'impagaments l'ajudem en el proc\u00e9s de recuperar un deute per pagar, i li oferim protecci\u00f3 i assessoria.","breadcrumb":{"@id":"https:\/\/santcugatconsulting.com\/ca\/serveis\/assessoria-juridica-mercantil-civil\/advocats-reclamacio-impagaments\/#breadcrumb"},"inLanguage":"ca","potentialAction":[{"@type":"ReadAction","target":["https:\/\/santcugatconsulting.com\/ca\/serveis\/assessoria-juridica-mercantil-civil\/advocats-reclamacio-impagaments\/"]}]},{"@type":"BreadcrumbList","@id":"https:\/\/santcugatconsulting.com\/ca\/serveis\/assessoria-juridica-mercantil-civil\/advocats-reclamacio-impagaments\/#breadcrumb","itemListElement":[{"@type":"ListItem","position":1,"name":"Assessoria Fiscal","item":"https:\/\/santcugatconsulting.com\/ca\/serveis\/"},{"@type":"ListItem","position":2,"name":"Assessoria Jur\u00eddica Mercantil I Civil","item":"https:\/\/santcugatconsulting.com\/ca\/serveis\/assessoria-juridica-mercantil-civil\/"},{"@type":"ListItem","position":3,"name":"Advocats reclamaci\u00f3 d&#8217;impagaments"}]},{"@type":"WebSite","@id":"https:\/\/santcugatconsulting.com\/ca\/#website","url":"https:\/\/santcugatconsulting.com\/ca\/","name":"Sant Cugat Consulting","description":"Asesoramiento jur\u00eddico, laboral, fiscal y contable para aut\u00f3nomos, pymes y grandes empresas. Expertos abogados y economistas. M\u00e1s de 20 a\u00f1os de experiencia.","potentialAction":[{"@type":"SearchAction","target":{"@type":"EntryPoint","urlTemplate":"https:\/\/santcugatconsulting.com\/ca\/?s={search_term_string}"},"query-input":"required name=search_term_string"}],"inLanguage":"ca"}]}},"_links":{"self":[{"href":"https:\/\/santcugatconsulting.com\/ca\/wp-json\/wp\/v2\/pages\/3453"}],"collection":[{"href":"https:\/\/santcugatconsulting.com\/ca\/wp-json\/wp\/v2\/pages"}],"about":[{"href":"https:\/\/santcugatconsulting.com\/ca\/wp-json\/wp\/v2\/types\/page"}],"author":[{"embeddable":true,"href":"https:\/\/santcugatconsulting.com\/ca\/wp-json\/wp\/v2\/users\/7"}],"replies":[{"embeddable":true,"href":"https:\/\/santcugatconsulting.com\/ca\/wp-json\/wp\/v2\/comments?post=3453"}],"version-history":[{"count":3,"href":"https:\/\/santcugatconsulting.com\/ca\/wp-json\/wp\/v2\/pages\/3453\/revisions"}],"predecessor-version":[{"id":3457,"href":"https:\/\/santcugatconsulting.com\/ca\/wp-json\/wp\/v2\/pages\/3453\/revisions\/3457"}],"up":[{"embeddable":true,"href":"https:\/\/santcugatconsulting.com\/ca\/wp-json\/wp\/v2\/pages\/609"}],"wp:attachment":[{"href":"https:\/\/santcugatconsulting.com\/ca\/wp-json\/wp\/v2\/media?parent=3453"}],"curies":[{"name":"wp","href":"https:\/\/api.w.org\/{rel}","templated":true}]}}