{"id":593,"date":"2013-01-29T11:45:16","date_gmt":"2013-01-29T11:45:16","guid":{"rendered":"http:\/\/www.santcugatconsulting.com\/\/santcugatconsulting.com\/nosotros-2\/"},"modified":"2022-11-23T13:59:45","modified_gmt":"2022-11-23T12:59:45","slug":"equip","status":"publish","type":"page","link":"https:\/\/santcugatconsulting.com\/ca\/equip\/","title":{"rendered":"Nosaltres"},"content":{"rendered":"<h2 class=\"caption\">Experts en gesti\u00f3<\/h2>\n<div class='clearfix'>\n<div class='half'><img decoding=\"async\" src=\"https:\/\/santcugatconsulting.com\/wp-content\/uploads\/2022\/11\/nosaltres-2022.png\" alt=\"Nosaltres\" \/><\/div>\n<div class='half last'>\n<p class=\"negreta\">A l&#8217;actualitat, Sant Cugat Consulting \u00e9s un despatx de refer\u00e8ncia al Vall\u00e8s en l&#8217;\u00e0mbit de la <strong>gesti\u00f3, la fiscalitat i el dret d&#8217;empresa.<\/strong><\/p>\n<p>Som un equip proper al client, format per 15 professionals, advocats i economistes, \u00a0especialistes en assessoria fiscal, comptable, laboral i jur\u00eddica d&#8217;empresa. Les nostres oficines es troben a \u00a0Sant Cugat del Vall\u00e8s.<\/p>\n<\/div>\n<\/div>\n<p>Cada any invertim en la formaci\u00f3 del nostre equip per garantir un servei de qualitat totalment actualitzat.<br \/>\nDe la mateixa manera, cont\u00ednuament renovem les nostres eines inform\u00e0tiques per facilitar la gesti\u00f3 i relaci\u00f3 amb els nostres clients.<\/p>\n<hr\/>\n<h3 class=\"groc\">Equip<\/h3>\nUn equip de professionals implicat i de la seva absoluta confian\u00e7a: \n\n<table style=\"height: 176px; width=760px; margin-top:20px;\">\n<tbody>\n<tr>\n<td><img loading=\"lazy\" decoding=\"async\" class=\"aligncenter\" src=\"http:\/\/www.santcugatconsulting.com\/wp-content\/uploads\/2013\/03\/Pep.jpg\" alt=\"equip\" width=\"72\" height=\"87\" \/><\/td>\n<td>\n<h6>PEP GIL DOMINGUEZ<\/h6>\n<h5 class=\"blau\">Responsable Depart. Jur\u00eddic<\/h5>\n<p class=\"cv\"><a title=\"Pep Gil Dom\u00ednguez\" href=\"http:\/\/www.santcugatconsulting.com\/ca\/equip\/pep-gil-dominguez\/\">veure CV<\/a><\/p>\n<\/td>\n<td><img loading=\"lazy\" decoding=\"async\" class=\"aligncenter\" src=\"http:\/\/www.santcugatconsulting.com\/wp-content\/uploads\/2013\/03\/nuria.jpg\" alt=\"equip\" width=\"73\" height=\"89\" \/><\/td>\n<td>\n<h6>NURIA ASENJO VILLALONGA<\/h6>\n<h5 class=\"blau\">Departament Jur\u00eddic<\/h5>\n<p class=\"cv\"><a title=\"Nuria Asenjo Villalonga\" href=\"http:\/\/www.santcugatconsulting.com\/ca\/equip\/nuria-asenjo-villalonga\/\">veure CV<\/a><\/p>\n<\/td>\n<\/tr>\n\n<tr>\n<td><img loading=\"lazy\" decoding=\"async\" class=\"aligncenter\" src=\"http:\/\/www.santcugatconsulting.com\/wp-content\/uploads\/2013\/03\/maleticia.jpg\" alt=\"equip\" width=\"70\" height=\"84\" \/><\/td>\n<td>\n<h6>M\u00aa LETICIA DE PONGA BLANCO<\/h6>\n<h5 class=\"blau\">Responsable Departament\nd'Administraci\u00f3 i Comercial<\/h5>\n<p class=\"cv\"><a title=\"Maria Leticia de Ponga Blanco\" href=\"http:\/\/www.santcugatconsulting.com\/ca\/equip\/ma-leticia-de-ponga-blanco\/\">veure CV<\/a><\/p>\n<\/td>\n\n<td><a href=\"http:\/\/www.santcugatconsulting.com\/ca\/equip\/ester-villarejo\/\"><img loading=\"lazy\" decoding=\"async\" class=\"aligncenter wp-image-1026\" src=\"https:\/\/santcugatconsulting.com\/wp-content\/uploads\/2018\/01\/ester-villarejo-santcugatconsulting.jpg\" alt=\"Ester\" width=\"70\" height=\"84\" \/><\/a><\/td>\n<td>\n<h6>ESTER VILLAREJO<\/h6>\n<h5 class=\"blau\">Advocada, Membre del Departament Jur\u00eddic<\/h5>\n<p class=\"cv\"><a title=\"Ester Villarejo\" href=\"http:\/\/www.santcugatconsulting.com\/ca\/equip\/ester-villarejo\/\">veure CV<\/a><\/p>\n<\/td>\n<\/tr>\n\n<tr>\n<td><img loading=\"lazy\" decoding=\"async\" class=\"aligncenter\" src=\"http:\/\/www.santcugatconsulting.com\/wp-content\/uploads\/2013\/03\/benet.jpg\" alt=\"Benet \" width=\"70\" height=\"84\" \/><\/td>\n<td>\n<h6>BENET CUNILL CORBERA<\/h6>\n<h5 class=\"blau\">Responsable Depart. Laboral<\/h5>\n<p class=\"cv\"><a href=\"http:\/\/www.santcugatconsulting.com\/ca\/equip\/benet-cunill-corbera\/\">veure CV<\/a><\/p>\n<\/td>\n<td><img loading=\"lazy\" decoding=\"async\" class=\"aligncenter\" src=\"http:\/\/www.santcugatconsulting.com\/wp-content\/uploads\/2013\/03\/sheila.jpg\" alt=\"equip\" width=\"70\" height=\"84\" \/><\/td>\n<td>\n<h6>SHEILA TORTOSA CABELLO<\/h6>\n<h5 class=\"blau\">T\u00e8cnica en Gesti\u00f3 de RR.HH<\/h5>\n<p class=\"cv\"><a title=\"Sheila Tortosa Cabello\" href=\"http:\/\/www.santcugatconsulting.com\/ca\/equip\/sheila-tortosa-cabello\/\">veure CV<\/a><\/p>\n<\/td>\n<\/tr>\n\n\n\n<tr>\n<td><img loading=\"lazy\" decoding=\"async\" class=\"aligncenter\" src=\"https:\/\/santcugatconsulting.com\/wp-content\/uploads\/2013\/03\/jose_cv.jpg\" alt=\"Jose maria Garcia \" width=\"70\" height=\"84\" \/><\/td>\n<td>\n<h6>JOSE MARIA GARC\u00cdA PUERTAS<\/h6>\n<h5 class=\"blau\">Economista. Responsable del departament fiscal comptable<\/h5>\n<p class=\"cv\"><a title=\"Jose Maria Garc\u00eda Puertas\" href=\" https:\/\/santcugatconsulting.com\/equipo\/jose-maria-garcia-puertas\/\">veure CV<\/a><\/p>\n<\/td>\n<td><img loading=\"lazy\" decoding=\"async\" class=\"aligncenter\" src=\"https:\/\/santcugatconsulting.com\/wp-content\/uploads\/2018\/01\/trabajadora-cv.jpg\" alt=\"equip\" width=\"70\" height=\"84\" \/><\/td>\n<td>\n<h6>IRENE ESCOL\u00c0 DE BRUIJN<\/h6>\n<h5 class=\"blau\">Economista. T\u00e8cnica Fiscal<\/h5>\n<p class=\"cv\"><a title=\"Irene Escol\u00e0 de Bruijn\" href=\"\">veure CV<\/a><\/p>\n<\/td>\n<\/tr>\n\n\n\n<tr>\n<td><img loading=\"lazy\" decoding=\"async\" class=\"aligncenter\" src=\"https:\/\/santcugatconsulting.com\/wp-content\/uploads\/2018\/01\/trabajadora-cv.jpg\" alt=\"Aida Mart\u00edn Castronovo \" width=\"70\" height=\"84\" \/><\/td>\n<td>\n<h6>AIDA MART\u00cdN CASTRONOVO<\/h6>\n<h5 class=\"blau\">T\u00e8cnica en Gesti\u00f3 de RRHH<\/h5>\n<p class=\"cv\"><a title=\"Aida Mart\u00edn Castronovo\" href=\"\">veure CV<\/a><\/p>\n<\/td>\n\n<td><img loading=\"lazy\" decoding=\"async\" class=\"aligncenter\" src=\"http:\/\/www.santcugatconsulting.com\/wp-content\/uploads\/2013\/03\/noemi.jpg\" alt=\"equip\" width=\"75\" height=\"91\" \/><\/td>\n<td>\n<h6>NOEMI SANCHEZ ADAME<\/h6>\n<h5 class=\"blau\">T\u00e8cnica comptable<\/h5>\n<p class=\"cv\"><a title=\"Noemi Sanchez Adame\" href=\"http:\/\/www.santcugatconsulting.com\/ca\/equip\/noemi-sanchez-adame\/\">veure CV<\/a><\/p>\n<\/td>\n<\/tr>\n\n<tr>\n<td><img loading=\"lazy\" decoding=\"async\" class=\"aligncenter\" src=\"http:\/\/www.santcugatconsulting.com\/wp-content\/uploads\/2013\/03\/francina.jpg\" alt=\"equip\" width=\"70\" height=\"84\" \/><\/td>\n<td>\n<h6>FRANCINA ASENSIO RAMIREZ<\/h6>\n<h5 class=\"blau\">Auxiliar Administrativa<\/h5>\n<p class=\"cv\"><a title=\"Francina Asensio Ramirez\" href=\"http:\/\/www.santcugatconsulting.com\/ca\/equip\/francina-asesio-ramirez\/\">veure CV<\/a><\/p>\n<\/td>\n<td><img loading=\"lazy\" decoding=\"async\" class=\"aligncenter\" src=\"https:\/\/santcugatconsulting.com\/wp-content\/uploads\/2018\/01\/trabajadora-cv.jpg\" alt=\"equip\" width=\"70\" height=\"84\" \/><\/td>\n<td>\n<h6>ANNA CASAMITJANA COSTA<\/h6>\n<h5 class=\"blau\">Departament d'Administraci\u00f3<\/h5>\n<p class=\"cv\"><a title=\"Ana Casamitjana\" href=\"\">veure CV<\/a><\/p>\n<\/td>\n<\/tr>\n\n\n\n<\/tbody>\n<\/table>\n","protected":false},"excerpt":{"rendered":"<p>Experts en gesti\u00f3 Cada any invertim en la formaci\u00f3 del nostre equip per garantir un servei de qualitat totalment actualitzat. De la mateixa manera, cont\u00ednuament renovem les nostres eines inform\u00e0tiques per facilitar la gesti\u00f3 i relaci\u00f3 amb els nostres clients.<\/p>\n","protected":false},"author":7,"featured_media":0,"parent":0,"menu_order":0,"comment_status":"closed","ping_status":"closed","template":"page-full-width.php","meta":{"footnotes":""},"yoast_head":"<!-- This site is optimized with the Yoast SEO plugin v22.9 - https:\/\/yoast.com\/wordpress\/plugins\/seo\/ -->\n<title>Assessors jur\u00eddics, laborals, fiscals i comptables - Sant Cugat<\/title>\n<meta name=\"description\" content=\"Sant Cugat Consulting t\u00e9 un equip d&#039;experts assessors, advocats i economistes, per ajudar amb la gesti\u00f3, la fiscalitat, el dret d&#039;empresa i aut\u00f2noms.\" \/>\n<meta name=\"robots\" content=\"index, follow, max-snippet:-1, max-image-preview:large, max-video-preview:-1\" \/>\n<link rel=\"canonical\" href=\"https:\/\/santcugatconsulting.com\/ca\/equip\/\" \/>\n<meta name=\"twitter:label1\" content=\"Temps estimat de lectura\" \/>\n\t<meta name=\"twitter:data1\" content=\"1 minut\" \/>\n<script type=\"application\/ld+json\" class=\"yoast-schema-graph\">{\"@context\":\"https:\/\/schema.org\",\"@graph\":[{\"@type\":\"WebPage\",\"@id\":\"https:\/\/santcugatconsulting.com\/ca\/equip\/\",\"url\":\"https:\/\/santcugatconsulting.com\/ca\/equip\/\",\"name\":\"Assessors jur\u00eddics, laborals, fiscals i comptables - Sant Cugat\",\"isPartOf\":{\"@id\":\"https:\/\/santcugatconsulting.com\/ca\/#website\"},\"primaryImageOfPage\":{\"@id\":\"https:\/\/santcugatconsulting.com\/ca\/equip\/#primaryimage\"},\"image\":{\"@id\":\"https:\/\/santcugatconsulting.com\/ca\/equip\/#primaryimage\"},\"thumbnailUrl\":\"https:\/\/santcugatconsulting.com\/wp-content\/uploads\/2022\/11\/nosaltres-2022.png\",\"datePublished\":\"2013-01-29T11:45:16+00:00\",\"dateModified\":\"2022-11-23T12:59:45+00:00\",\"description\":\"Sant Cugat Consulting t\u00e9 un equip d'experts assessors, advocats i economistes, per ajudar amb la gesti\u00f3, la fiscalitat, el dret d'empresa i aut\u00f2noms.\",\"inLanguage\":\"ca\",\"potentialAction\":[{\"@type\":\"ReadAction\",\"target\":[\"https:\/\/santcugatconsulting.com\/ca\/equip\/\"]}]},{\"@type\":\"ImageObject\",\"inLanguage\":\"ca\",\"@id\":\"https:\/\/santcugatconsulting.com\/ca\/equip\/#primaryimage\",\"url\":\"https:\/\/santcugatconsulting.com\/wp-content\/uploads\/2022\/11\/nosaltres-2022.png\",\"contentUrl\":\"https:\/\/santcugatconsulting.com\/wp-content\/uploads\/2022\/11\/nosaltres-2022.png\"},{\"@type\":\"WebSite\",\"@id\":\"https:\/\/santcugatconsulting.com\/ca\/#website\",\"url\":\"https:\/\/santcugatconsulting.com\/ca\/\",\"name\":\"Sant Cugat Consulting\",\"description\":\"Asesoramiento jur\u00eddico, laboral, fiscal y contable para aut\u00f3nomos, pymes y grandes empresas. Expertos abogados y economistas. M\u00e1s de 20 a\u00f1os de experiencia.\",\"potentialAction\":[{\"@type\":\"SearchAction\",\"target\":{\"@type\":\"EntryPoint\",\"urlTemplate\":\"https:\/\/santcugatconsulting.com\/ca\/?s={search_term_string}\"},\"query-input\":\"required name=search_term_string\"}],\"inLanguage\":\"ca\"}]}<\/script>\n<!-- \/ Yoast SEO plugin. -->","yoast_head_json":{"title":"Assessors jur\u00eddics, laborals, fiscals i comptables - Sant Cugat","description":"Sant Cugat Consulting t\u00e9 un equip d'experts assessors, advocats i economistes, per ajudar amb la gesti\u00f3, la fiscalitat, el dret d'empresa i aut\u00f2noms.","robots":{"index":"index","follow":"follow","max-snippet":"max-snippet:-1","max-image-preview":"max-image-preview:large","max-video-preview":"max-video-preview:-1"},"canonical":"https:\/\/santcugatconsulting.com\/ca\/equip\/","twitter_misc":{"Temps estimat de lectura":"1 minut"},"schema":{"@context":"https:\/\/schema.org","@graph":[{"@type":"WebPage","@id":"https:\/\/santcugatconsulting.com\/ca\/equip\/","url":"https:\/\/santcugatconsulting.com\/ca\/equip\/","name":"Assessors jur\u00eddics, laborals, fiscals i comptables - Sant Cugat","isPartOf":{"@id":"https:\/\/santcugatconsulting.com\/ca\/#website"},"primaryImageOfPage":{"@id":"https:\/\/santcugatconsulting.com\/ca\/equip\/#primaryimage"},"image":{"@id":"https:\/\/santcugatconsulting.com\/ca\/equip\/#primaryimage"},"thumbnailUrl":"https:\/\/santcugatconsulting.com\/wp-content\/uploads\/2022\/11\/nosaltres-2022.png","datePublished":"2013-01-29T11:45:16+00:00","dateModified":"2022-11-23T12:59:45+00:00","description":"Sant Cugat Consulting t\u00e9 un equip d'experts assessors, advocats i economistes, per ajudar amb la gesti\u00f3, la fiscalitat, el dret d'empresa i aut\u00f2noms.","inLanguage":"ca","potentialAction":[{"@type":"ReadAction","target":["https:\/\/santcugatconsulting.com\/ca\/equip\/"]}]},{"@type":"ImageObject","inLanguage":"ca","@id":"https:\/\/santcugatconsulting.com\/ca\/equip\/#primaryimage","url":"https:\/\/santcugatconsulting.com\/wp-content\/uploads\/2022\/11\/nosaltres-2022.png","contentUrl":"https:\/\/santcugatconsulting.com\/wp-content\/uploads\/2022\/11\/nosaltres-2022.png"},{"@type":"WebSite","@id":"https:\/\/santcugatconsulting.com\/ca\/#website","url":"https:\/\/santcugatconsulting.com\/ca\/","name":"Sant Cugat Consulting","description":"Asesoramiento jur\u00eddico, laboral, fiscal y contable para aut\u00f3nomos, pymes y grandes empresas. Expertos abogados y economistas. M\u00e1s de 20 a\u00f1os de experiencia.","potentialAction":[{"@type":"SearchAction","target":{"@type":"EntryPoint","urlTemplate":"https:\/\/santcugatconsulting.com\/ca\/?s={search_term_string}"},"query-input":"required name=search_term_string"}],"inLanguage":"ca"}]}},"_links":{"self":[{"href":"https:\/\/santcugatconsulting.com\/ca\/wp-json\/wp\/v2\/pages\/593"}],"collection":[{"href":"https:\/\/santcugatconsulting.com\/ca\/wp-json\/wp\/v2\/pages"}],"about":[{"href":"https:\/\/santcugatconsulting.com\/ca\/wp-json\/wp\/v2\/types\/page"}],"author":[{"embeddable":true,"href":"https:\/\/santcugatconsulting.com\/ca\/wp-json\/wp\/v2\/users\/7"}],"replies":[{"embeddable":true,"href":"https:\/\/santcugatconsulting.com\/ca\/wp-json\/wp\/v2\/comments?post=593"}],"version-history":[{"count":11,"href":"https:\/\/santcugatconsulting.com\/ca\/wp-json\/wp\/v2\/pages\/593\/revisions"}],"predecessor-version":[{"id":3940,"href":"https:\/\/santcugatconsulting.com\/ca\/wp-json\/wp\/v2\/pages\/593\/revisions\/3940"}],"wp:attachment":[{"href":"https:\/\/santcugatconsulting.com\/ca\/wp-json\/wp\/v2\/media?parent=593"}],"curies":[{"name":"wp","href":"https:\/\/api.w.org\/{rel}","templated":true}]}}