{"id":607,"date":"2013-03-11T10:35:15","date_gmt":"2013-03-11T10:35:15","guid":{"rendered":"http:\/\/www.santcugatconsulting.com\/\/santcugatconsulting.com\/responsabilidad-social-2\/"},"modified":"2023-04-19T10:29:54","modified_gmt":"2023-04-19T09:29:54","slug":"responsabilitat-social","status":"publish","type":"page","link":"https:\/\/santcugatconsulting.com\/ca\/responsabilitat-social\/","title":{"rendered":"Responsabilitat Social"},"content":{"rendered":"<h1 class=\"caption\"><img decoding=\"async\" src=\"http:\/\/www.santcugatconsulting.com\/wp-content\/uploads\/2013\/03\/respnons.png\" alt=\"Nosaltres\" \/><\/h1>\n<p>A <strong>Sant Cugat Consulting<\/strong> som conscients de que el nostre treball \u00a0t\u00e9 una gran transcend\u00e8ncia social.<br \/>\nLa nostra responsabilitat \u00e9s garantir la transpar\u00e8ncia i el rigor de la informaci\u00f3 \u00a0que les empreses \u00a0proporcionen als seus \u00a0accionistes, inversors, prove\u00efdors, treballadors i al mercat financer .<\/p>\n<p>Aquesta gran responsabilitat ens motiva per fer en tot moment all\u00f2 que comporti efectes positius sobre la nostra gent , els nostres clients i prove\u00efdors , el medi ambient i la societat en general . Creiem que una bona empresa \u00e9s m\u00e9s que reputaci\u00f3 en el m\u00f3n empresarial , \u00e9s comptar amb el respecte de la societat , per aix\u00f2 , donem tanta import\u00e0ncia a la societat i el medi ambient com al nostre negoci .<\/p>\n<p>Com a part dels nostres actuals projectes estrat\u00e8gics de llarg abast , tenim un comprom\u00eds de pol\u00edtica mediambiental dissenyada per ajudar a avaluar i minimitzar l&#8217;impacte global sobre el medi ambient de les nostres operacions . Com a objectiu estrat\u00e8gic d&#8217;aquesta pol\u00edtica s&#8217;han dissenyat mesures que ajudin a tots els nostres professionals a comprometre amb el medi ambient , assumint pautes de conducta adequades per protegir-lo i col \u00b7 laborar amb la conservaci\u00f3 dels recursos naturals .<\/p>\n<p>Aix\u00ed mateix col\u00b7laborem amb diverses ONG humanit\u00e0ries d&#8217;\u00edndole internacional que treballen en desenvolupament , acci\u00f3 humanit\u00e0ria , comer\u00e7 just i sensibilitzaci\u00f3 , amb l&#8217;objectiu d&#8217;eradicar la injust\u00edcia i la pobresa .<\/p>\n<p>&nbsp;<\/p>\n<p><img loading=\"lazy\" decoding=\"async\" class=\"aligncenter wp-image-4001 size-large\" src=\"https:\/\/santcugatconsulting.com\/wp-content\/uploads\/2023\/04\/20230418110742081-1024x724.jpg\" alt=\"\" width=\"1024\" height=\"724\" srcset=\"https:\/\/santcugatconsulting.com\/wp-content\/uploads\/2023\/04\/20230418110742081-1024x724.jpg 1024w, https:\/\/santcugatconsulting.com\/wp-content\/uploads\/2023\/04\/20230418110742081-300x212.jpg 300w, https:\/\/santcugatconsulting.com\/wp-content\/uploads\/2023\/04\/20230418110742081-768x543.jpg 768w, https:\/\/santcugatconsulting.com\/wp-content\/uploads\/2023\/04\/20230418110742081-1536x1086.jpg 1536w, https:\/\/santcugatconsulting.com\/wp-content\/uploads\/2023\/04\/20230418110742081-2048x1448.jpg 2048w\" sizes=\"(max-width: 1024px) 100vw, 1024px\" \/><\/p>\n","protected":false},"excerpt":{"rendered":"<p>A Sant Cugat Consulting som conscients de que el nostre treball \u00a0t\u00e9 una gran transcend\u00e8ncia social. La nostra responsabilitat \u00e9s garantir la transpar\u00e8ncia i el rigor de la informaci\u00f3 \u00a0que les empreses \u00a0proporcionen als seus \u00a0accionistes, inversors, prove\u00efdors, treballadors i al mercat financer . Aquesta gran responsabilitat ens motiva per fer en tot moment all\u00f2 [&hellip;]<\/p>\n","protected":false},"author":7,"featured_media":0,"parent":0,"menu_order":0,"comment_status":"closed","ping_status":"closed","template":"page.php","meta":{"footnotes":""},"yoast_head":"<!-- This site is optimized with the Yoast SEO plugin v22.9 - https:\/\/yoast.com\/wordpress\/plugins\/seo\/ -->\n<title>Responsabilitat Social | Sant Cugat Consulting<\/title>\n<meta name=\"description\" content=\"A Sant Cugat Consulting tenim un comprom\u00eds amb projectes socials i mediambientals, com a part de la nostra pol\u00edtica de repsonsabilidad social\" \/>\n<meta name=\"robots\" content=\"index, follow, max-snippet:-1, max-image-preview:large, max-video-preview:-1\" \/>\n<link rel=\"canonical\" href=\"https:\/\/santcugatconsulting.com\/ca\/responsabilitat-social\/\" \/>\n<meta name=\"twitter:label1\" content=\"Temps estimat de lectura\" \/>\n\t<meta name=\"twitter:data1\" content=\"2 minuts\" \/>\n<script type=\"application\/ld+json\" class=\"yoast-schema-graph\">{\"@context\":\"https:\/\/schema.org\",\"@graph\":[{\"@type\":\"WebPage\",\"@id\":\"https:\/\/santcugatconsulting.com\/ca\/responsabilitat-social\/\",\"url\":\"https:\/\/santcugatconsulting.com\/ca\/responsabilitat-social\/\",\"name\":\"Responsabilitat Social | Sant Cugat Consulting\",\"isPartOf\":{\"@id\":\"https:\/\/santcugatconsulting.com\/ca\/#website\"},\"primaryImageOfPage\":{\"@id\":\"https:\/\/santcugatconsulting.com\/ca\/responsabilitat-social\/#primaryimage\"},\"image\":{\"@id\":\"https:\/\/santcugatconsulting.com\/ca\/responsabilitat-social\/#primaryimage\"},\"thumbnailUrl\":\"http:\/\/www.santcugatconsulting.com\/wp-content\/uploads\/2013\/03\/respnons.png\",\"datePublished\":\"2013-03-11T10:35:15+00:00\",\"dateModified\":\"2023-04-19T09:29:54+00:00\",\"description\":\"A Sant Cugat Consulting tenim un comprom\u00eds amb projectes socials i mediambientals, com a part de la nostra pol\u00edtica de repsonsabilidad social\",\"inLanguage\":\"ca\",\"potentialAction\":[{\"@type\":\"ReadAction\",\"target\":[\"https:\/\/santcugatconsulting.com\/ca\/responsabilitat-social\/\"]}]},{\"@type\":\"ImageObject\",\"inLanguage\":\"ca\",\"@id\":\"https:\/\/santcugatconsulting.com\/ca\/responsabilitat-social\/#primaryimage\",\"url\":\"http:\/\/www.santcugatconsulting.com\/wp-content\/uploads\/2013\/03\/respnons.png\",\"contentUrl\":\"http:\/\/www.santcugatconsulting.com\/wp-content\/uploads\/2013\/03\/respnons.png\"},{\"@type\":\"WebSite\",\"@id\":\"https:\/\/santcugatconsulting.com\/ca\/#website\",\"url\":\"https:\/\/santcugatconsulting.com\/ca\/\",\"name\":\"Sant Cugat Consulting\",\"description\":\"Asesoramiento jur\u00eddico, laboral, fiscal y contable para aut\u00f3nomos, pymes y grandes empresas. Expertos abogados y economistas. M\u00e1s de 20 a\u00f1os de experiencia.\",\"potentialAction\":[{\"@type\":\"SearchAction\",\"target\":{\"@type\":\"EntryPoint\",\"urlTemplate\":\"https:\/\/santcugatconsulting.com\/ca\/?s={search_term_string}\"},\"query-input\":\"required name=search_term_string\"}],\"inLanguage\":\"ca\"}]}<\/script>\n<!-- \/ Yoast SEO plugin. -->","yoast_head_json":{"title":"Responsabilitat Social | Sant Cugat Consulting","description":"A Sant Cugat Consulting tenim un comprom\u00eds amb projectes socials i mediambientals, com a part de la nostra pol\u00edtica de repsonsabilidad social","robots":{"index":"index","follow":"follow","max-snippet":"max-snippet:-1","max-image-preview":"max-image-preview:large","max-video-preview":"max-video-preview:-1"},"canonical":"https:\/\/santcugatconsulting.com\/ca\/responsabilitat-social\/","twitter_misc":{"Temps estimat de lectura":"2 minuts"},"schema":{"@context":"https:\/\/schema.org","@graph":[{"@type":"WebPage","@id":"https:\/\/santcugatconsulting.com\/ca\/responsabilitat-social\/","url":"https:\/\/santcugatconsulting.com\/ca\/responsabilitat-social\/","name":"Responsabilitat Social | Sant Cugat Consulting","isPartOf":{"@id":"https:\/\/santcugatconsulting.com\/ca\/#website"},"primaryImageOfPage":{"@id":"https:\/\/santcugatconsulting.com\/ca\/responsabilitat-social\/#primaryimage"},"image":{"@id":"https:\/\/santcugatconsulting.com\/ca\/responsabilitat-social\/#primaryimage"},"thumbnailUrl":"http:\/\/www.santcugatconsulting.com\/wp-content\/uploads\/2013\/03\/respnons.png","datePublished":"2013-03-11T10:35:15+00:00","dateModified":"2023-04-19T09:29:54+00:00","description":"A Sant Cugat Consulting tenim un comprom\u00eds amb projectes socials i mediambientals, com a part de la nostra pol\u00edtica de repsonsabilidad social","inLanguage":"ca","potentialAction":[{"@type":"ReadAction","target":["https:\/\/santcugatconsulting.com\/ca\/responsabilitat-social\/"]}]},{"@type":"ImageObject","inLanguage":"ca","@id":"https:\/\/santcugatconsulting.com\/ca\/responsabilitat-social\/#primaryimage","url":"http:\/\/www.santcugatconsulting.com\/wp-content\/uploads\/2013\/03\/respnons.png","contentUrl":"http:\/\/www.santcugatconsulting.com\/wp-content\/uploads\/2013\/03\/respnons.png"},{"@type":"WebSite","@id":"https:\/\/santcugatconsulting.com\/ca\/#website","url":"https:\/\/santcugatconsulting.com\/ca\/","name":"Sant Cugat Consulting","description":"Asesoramiento jur\u00eddico, laboral, fiscal y contable para aut\u00f3nomos, pymes y grandes empresas. Expertos abogados y economistas. M\u00e1s de 20 a\u00f1os de experiencia.","potentialAction":[{"@type":"SearchAction","target":{"@type":"EntryPoint","urlTemplate":"https:\/\/santcugatconsulting.com\/ca\/?s={search_term_string}"},"query-input":"required name=search_term_string"}],"inLanguage":"ca"}]}},"_links":{"self":[{"href":"https:\/\/santcugatconsulting.com\/ca\/wp-json\/wp\/v2\/pages\/607"}],"collection":[{"href":"https:\/\/santcugatconsulting.com\/ca\/wp-json\/wp\/v2\/pages"}],"about":[{"href":"https:\/\/santcugatconsulting.com\/ca\/wp-json\/wp\/v2\/types\/page"}],"author":[{"embeddable":true,"href":"https:\/\/santcugatconsulting.com\/ca\/wp-json\/wp\/v2\/users\/7"}],"replies":[{"embeddable":true,"href":"https:\/\/santcugatconsulting.com\/ca\/wp-json\/wp\/v2\/comments?post=607"}],"version-history":[{"count":2,"href":"https:\/\/santcugatconsulting.com\/ca\/wp-json\/wp\/v2\/pages\/607\/revisions"}],"predecessor-version":[{"id":4004,"href":"https:\/\/santcugatconsulting.com\/ca\/wp-json\/wp\/v2\/pages\/607\/revisions\/4004"}],"wp:attachment":[{"href":"https:\/\/santcugatconsulting.com\/ca\/wp-json\/wp\/v2\/media?parent=607"}],"curies":[{"name":"wp","href":"https:\/\/api.w.org\/{rel}","templated":true}]}}