{"id":609,"date":"2013-02-04T08:46:09","date_gmt":"2013-02-04T08:46:09","guid":{"rendered":"http:\/\/www.santcugatconsulting.com\/\/santcugatconsulting.com\/serveis\/asesoria-juridica-mercantil-y-civil\/"},"modified":"2019-10-08T14:31:26","modified_gmt":"2019-10-08T13:31:26","slug":"assessoria-juridica-mercantil-civil","status":"publish","type":"page","link":"https:\/\/santcugatconsulting.com\/ca\/serveis\/assessoria-juridica-mercantil-civil\/","title":{"rendered":"Assessoria Jur\u00eddica Mercantil I Civil"},"content":{"rendered":"<h2 class=\"blau\"><img loading=\"lazy\" decoding=\"async\" src=\"http:\/\/www.santcugatconsulting.com\/wp-content\/uploads\/2013\/03\/juridica_mercantil.png\" alt=\"Jur\u00eddica Mercantil y Civil\" width=\"578\" height=\"173\" \/><\/h2>\n<p style=\"padding-left: 5px;\">La cobertura jur\u00eddica preventiva, duta a terme pels nostres experts advocats, evita que l&#8217;empresa enterri recursos i temps en interminables processos legals. A Sant Cugat Consulting, cobrim:<\/p>\n<ul class=\"llista\">\n<li>Dret Civil: actuacions i negociacions en dret immobiliari i urbanisme, dret<br \/>\nde fam\u00edlia i successions, i en general tot all\u00f2 relacionat amb aquesta branca del dret.<\/li>\n<li>Contractual: Negociaci\u00f3 i formalitzaci\u00f3 de tot tipus de contractes mercantils com ara<br \/>\ndistribuci\u00f3, ag\u00e8ncia, franqu\u00edcia, arrendament, prestaci\u00f3 de serveis, log\u00edstica (&#8230;).<br \/>\nTant en l&#8217;\u00e0mbit nacional com internacional.<\/li>\n<li>Fusiones y adquisiciones (M&amp;A): Asesoramiento, dise\u00f1o y ejecuci\u00f3n de las operaciones de<br \/>\nadquisici\u00f3n o toma de participaciones por compa\u00f1\u00edas industriales o entidades de capital<br \/>\nriesgo, tanto desde la perspectiva vendedora como la compradora y en la financiaci\u00f3n de<br \/>\neste tipo de operaciones. Igualmente nuestros equipos est\u00e1n especializados en la<br \/>\nrealizaci\u00f3n de procesos de Due Diligence.<\/li>\n<li>Fusions i adquisicions (M &amp; A): Assessorament, disseny i execuci\u00f3 de les operacions de<br \/>\nadquisici\u00f3 o presa de participacions per companyies industrials o entitats de capital<br \/>\nrisc, tant des de la perspectiva venedora com la compradora i en el finan\u00e7ament de<br \/>\naquest tipus d&#8217;operacions. Igualment nostres equips estan especialitzats en la<br \/>\nrealitzaci\u00f3 de processos de Due Diligence.<\/li>\n<li>Acords i vehicles d&#8217;associaci\u00f3 i cooperaci\u00f3 nacionals (Joint Venture, UTE).<\/li>\n<li>Protecci\u00f3 de dades: Implementaci\u00f3 de la normativa d&#8217;espanyola de protecci\u00f3 de dades<br \/>\nde car\u00e0cter personal. Elaboraci\u00f3 del Document de Seguretat.<\/li>\n<li>Propietat industrial i intel \u00b7 lectual: Assessorament en la implementaci\u00f3 de pol\u00edtiques de<br \/>\nprotecci\u00f3 de drets de propietat industrial i intel \u00b7 lectual. Assessorament en la<br \/>\nobtenci\u00f3 de patents i marques, nacionals i internacionals, i manteniment de la seva<br \/>\ntitularitat. Llic\u00e8ncies de cessi\u00f3 a tercers.<\/li>\n<\/ul>\n<div style=\"height: 15px;\"><\/div>\n<p class=\"blue\">SI DESITJA M\u00c9S INFORMACI\u00d3 NO DUBTI EN<a title=\"Contacte \u2013 Sant Cugat Consulting\" href=\"http:\/\/www.santcugatconsulting.com\/ca\/contactar\/\"> CONTACTAR AMB NOSALTRES<\/a><\/p>\n","protected":false},"excerpt":{"rendered":"<p>La cobertura jur\u00eddica preventiva, duta a terme pels nostres experts advocats, evita que l&#8217;empresa enterri recursos i temps en interminables processos legals. A Sant Cugat Consulting, cobrim: Dret Civil: actuacions i negociacions en dret immobiliari i urbanisme, dret de fam\u00edlia i successions, i en general tot all\u00f2 relacionat amb aquesta branca del dret. Contractual: Negociaci\u00f3 [&hellip;]<\/p>\n","protected":false},"author":7,"featured_media":0,"parent":608,"menu_order":0,"comment_status":"closed","ping_status":"closed","template":"","meta":{"footnotes":""},"yoast_head":"<!-- This site is optimized with the Yoast SEO plugin v22.9 - https:\/\/yoast.com\/wordpress\/plugins\/seo\/ -->\n<title>Assessoria Jur\u00eddica Mercantil i Civil - Sant Cugat Consulting<\/title>\n<meta name=\"description\" content=\"Dret Civil (Immobiliari, Fam\u00edlia i Successions), Contractual, Fusions i Adquisicions, Pactes d&#039;accionistes, associacions, Dret Mercantil i LOPD.\" \/>\n<meta name=\"robots\" content=\"index, follow, max-snippet:-1, max-image-preview:large, max-video-preview:-1\" \/>\n<link rel=\"canonical\" href=\"https:\/\/santcugatconsulting.com\/ca\/serveis\/assessoria-juridica-mercantil-civil\/\" \/>\n<meta name=\"twitter:label1\" content=\"Temps estimat de lectura\" \/>\n\t<meta name=\"twitter:data1\" content=\"1 minut\" \/>\n<script type=\"application\/ld+json\" class=\"yoast-schema-graph\">{\"@context\":\"https:\/\/schema.org\",\"@graph\":[{\"@type\":\"WebPage\",\"@id\":\"https:\/\/santcugatconsulting.com\/ca\/serveis\/assessoria-juridica-mercantil-civil\/\",\"url\":\"https:\/\/santcugatconsulting.com\/ca\/serveis\/assessoria-juridica-mercantil-civil\/\",\"name\":\"Assessoria Jur\u00eddica Mercantil i Civil - Sant Cugat Consulting\",\"isPartOf\":{\"@id\":\"https:\/\/santcugatconsulting.com\/ca\/#website\"},\"primaryImageOfPage\":{\"@id\":\"https:\/\/santcugatconsulting.com\/ca\/serveis\/assessoria-juridica-mercantil-civil\/#primaryimage\"},\"image\":{\"@id\":\"https:\/\/santcugatconsulting.com\/ca\/serveis\/assessoria-juridica-mercantil-civil\/#primaryimage\"},\"thumbnailUrl\":\"http:\/\/www.santcugatconsulting.com\/wp-content\/uploads\/2013\/03\/juridica_mercantil.png\",\"datePublished\":\"2013-02-04T08:46:09+00:00\",\"dateModified\":\"2019-10-08T13:31:26+00:00\",\"description\":\"Dret Civil (Immobiliari, Fam\u00edlia i Successions), Contractual, Fusions i Adquisicions, Pactes d'accionistes, associacions, Dret Mercantil i LOPD.\",\"breadcrumb\":{\"@id\":\"https:\/\/santcugatconsulting.com\/ca\/serveis\/assessoria-juridica-mercantil-civil\/#breadcrumb\"},\"inLanguage\":\"ca\",\"potentialAction\":[{\"@type\":\"ReadAction\",\"target\":[\"https:\/\/santcugatconsulting.com\/ca\/serveis\/assessoria-juridica-mercantil-civil\/\"]}]},{\"@type\":\"ImageObject\",\"inLanguage\":\"ca\",\"@id\":\"https:\/\/santcugatconsulting.com\/ca\/serveis\/assessoria-juridica-mercantil-civil\/#primaryimage\",\"url\":\"http:\/\/www.santcugatconsulting.com\/wp-content\/uploads\/2013\/03\/juridica_mercantil.png\",\"contentUrl\":\"http:\/\/www.santcugatconsulting.com\/wp-content\/uploads\/2013\/03\/juridica_mercantil.png\"},{\"@type\":\"BreadcrumbList\",\"@id\":\"https:\/\/santcugatconsulting.com\/ca\/serveis\/assessoria-juridica-mercantil-civil\/#breadcrumb\",\"itemListElement\":[{\"@type\":\"ListItem\",\"position\":1,\"name\":\"Assessoria Fiscal\",\"item\":\"https:\/\/santcugatconsulting.com\/ca\/serveis\/\"},{\"@type\":\"ListItem\",\"position\":2,\"name\":\"Assessoria Jur\u00eddica Mercantil I Civil\"}]},{\"@type\":\"WebSite\",\"@id\":\"https:\/\/santcugatconsulting.com\/ca\/#website\",\"url\":\"https:\/\/santcugatconsulting.com\/ca\/\",\"name\":\"Sant Cugat Consulting\",\"description\":\"Asesoramiento jur\u00eddico, laboral, fiscal y contable para aut\u00f3nomos, pymes y grandes empresas. Expertos abogados y economistas. M\u00e1s de 20 a\u00f1os de experiencia.\",\"potentialAction\":[{\"@type\":\"SearchAction\",\"target\":{\"@type\":\"EntryPoint\",\"urlTemplate\":\"https:\/\/santcugatconsulting.com\/ca\/?s={search_term_string}\"},\"query-input\":\"required name=search_term_string\"}],\"inLanguage\":\"ca\"}]}<\/script>\n<!-- \/ Yoast SEO plugin. -->","yoast_head_json":{"title":"Assessoria Jur\u00eddica Mercantil i Civil - Sant Cugat Consulting","description":"Dret Civil (Immobiliari, Fam\u00edlia i Successions), Contractual, Fusions i Adquisicions, Pactes d'accionistes, associacions, Dret Mercantil i LOPD.","robots":{"index":"index","follow":"follow","max-snippet":"max-snippet:-1","max-image-preview":"max-image-preview:large","max-video-preview":"max-video-preview:-1"},"canonical":"https:\/\/santcugatconsulting.com\/ca\/serveis\/assessoria-juridica-mercantil-civil\/","twitter_misc":{"Temps estimat de lectura":"1 minut"},"schema":{"@context":"https:\/\/schema.org","@graph":[{"@type":"WebPage","@id":"https:\/\/santcugatconsulting.com\/ca\/serveis\/assessoria-juridica-mercantil-civil\/","url":"https:\/\/santcugatconsulting.com\/ca\/serveis\/assessoria-juridica-mercantil-civil\/","name":"Assessoria Jur\u00eddica Mercantil i Civil - Sant Cugat Consulting","isPartOf":{"@id":"https:\/\/santcugatconsulting.com\/ca\/#website"},"primaryImageOfPage":{"@id":"https:\/\/santcugatconsulting.com\/ca\/serveis\/assessoria-juridica-mercantil-civil\/#primaryimage"},"image":{"@id":"https:\/\/santcugatconsulting.com\/ca\/serveis\/assessoria-juridica-mercantil-civil\/#primaryimage"},"thumbnailUrl":"http:\/\/www.santcugatconsulting.com\/wp-content\/uploads\/2013\/03\/juridica_mercantil.png","datePublished":"2013-02-04T08:46:09+00:00","dateModified":"2019-10-08T13:31:26+00:00","description":"Dret Civil (Immobiliari, Fam\u00edlia i Successions), Contractual, Fusions i Adquisicions, Pactes d'accionistes, associacions, Dret Mercantil i LOPD.","breadcrumb":{"@id":"https:\/\/santcugatconsulting.com\/ca\/serveis\/assessoria-juridica-mercantil-civil\/#breadcrumb"},"inLanguage":"ca","potentialAction":[{"@type":"ReadAction","target":["https:\/\/santcugatconsulting.com\/ca\/serveis\/assessoria-juridica-mercantil-civil\/"]}]},{"@type":"ImageObject","inLanguage":"ca","@id":"https:\/\/santcugatconsulting.com\/ca\/serveis\/assessoria-juridica-mercantil-civil\/#primaryimage","url":"http:\/\/www.santcugatconsulting.com\/wp-content\/uploads\/2013\/03\/juridica_mercantil.png","contentUrl":"http:\/\/www.santcugatconsulting.com\/wp-content\/uploads\/2013\/03\/juridica_mercantil.png"},{"@type":"BreadcrumbList","@id":"https:\/\/santcugatconsulting.com\/ca\/serveis\/assessoria-juridica-mercantil-civil\/#breadcrumb","itemListElement":[{"@type":"ListItem","position":1,"name":"Assessoria Fiscal","item":"https:\/\/santcugatconsulting.com\/ca\/serveis\/"},{"@type":"ListItem","position":2,"name":"Assessoria Jur\u00eddica Mercantil I Civil"}]},{"@type":"WebSite","@id":"https:\/\/santcugatconsulting.com\/ca\/#website","url":"https:\/\/santcugatconsulting.com\/ca\/","name":"Sant Cugat Consulting","description":"Asesoramiento jur\u00eddico, laboral, fiscal y contable para aut\u00f3nomos, pymes y grandes empresas. Expertos abogados y economistas. M\u00e1s de 20 a\u00f1os de experiencia.","potentialAction":[{"@type":"SearchAction","target":{"@type":"EntryPoint","urlTemplate":"https:\/\/santcugatconsulting.com\/ca\/?s={search_term_string}"},"query-input":"required name=search_term_string"}],"inLanguage":"ca"}]}},"_links":{"self":[{"href":"https:\/\/santcugatconsulting.com\/ca\/wp-json\/wp\/v2\/pages\/609"}],"collection":[{"href":"https:\/\/santcugatconsulting.com\/ca\/wp-json\/wp\/v2\/pages"}],"about":[{"href":"https:\/\/santcugatconsulting.com\/ca\/wp-json\/wp\/v2\/types\/page"}],"author":[{"embeddable":true,"href":"https:\/\/santcugatconsulting.com\/ca\/wp-json\/wp\/v2\/users\/7"}],"replies":[{"embeddable":true,"href":"https:\/\/santcugatconsulting.com\/ca\/wp-json\/wp\/v2\/comments?post=609"}],"version-history":[{"count":2,"href":"https:\/\/santcugatconsulting.com\/ca\/wp-json\/wp\/v2\/pages\/609\/revisions"}],"predecessor-version":[{"id":2301,"href":"https:\/\/santcugatconsulting.com\/ca\/wp-json\/wp\/v2\/pages\/609\/revisions\/2301"}],"up":[{"embeddable":true,"href":"https:\/\/santcugatconsulting.com\/ca\/wp-json\/wp\/v2\/pages\/608"}],"wp:attachment":[{"href":"https:\/\/santcugatconsulting.com\/ca\/wp-json\/wp\/v2\/media?parent=609"}],"curies":[{"name":"wp","href":"https:\/\/api.w.org\/{rel}","templated":true}]}}