{"id":610,"date":"2013-02-04T08:45:39","date_gmt":"2013-02-04T08:45:39","guid":{"rendered":"http:\/\/www.santcugatconsulting.com\/\/santcugatconsulting.com\/serveis\/asesoria-laboral\/"},"modified":"2019-10-08T14:31:26","modified_gmt":"2019-10-08T13:31:26","slug":"assessoria-laboral","status":"publish","type":"page","link":"https:\/\/santcugatconsulting.com\/ca\/serveis\/assessoria-laboral\/","title":{"rendered":"Assessoria Laboral"},"content":{"rendered":"<h2 class=\"blau\"><img loading=\"lazy\" decoding=\"async\" src=\"http:\/\/www.santcugatconsulting.com\/wp-content\/uploads\/2013\/02\/laboral.png\" alt=\"laboral\" width=\"578\" height=\"173\" \/><\/h2>\n<p>L&#8217;\u00c0rea Laboral ofereix assessorament en tots els aspectes del dret del Treball i de la Seguretat Social, sent les principals mat\u00e8ries d&#8217;actuaci\u00f3 les seg\u00fcents :<\/p>\n<ul class=\"llista\">\n<li>Contractaci\u00f3 laboral.<\/li>\n<li>An\u00e0lisi i determinaci\u00f3 de les diferents modalitats contractuals\u00a0en funci\u00f3 de les tasques i del candidat escollit.<\/li>\n<li>Estudi de possibles bonificacions i \/ o\u00a0subvencions per a diferents col \u00b7 lectius laborals.<\/li>\n<li>Confecci\u00f3 dels fulls de salari d&#8217;acord amb els convenis vigents , aix\u00ed com els\u00a0corresponents butlletins de cotitzaci\u00f3 a la Seguretat Social.<\/li>\n<li>Seguretat Social : Assessorament en mat\u00e8ria de seguretat social en inspeccions,\u00a0gestionant el contacte amb les autoritats i tramitant, si escau, els procediments\u00a0administratius corresponents.<\/li>\n<li>Preparaci\u00f3 i assist\u00e8ncia a Inspeccions de treball i Seguretat Social.<\/li>\n<li>Estrangeria : Tramitaci\u00f3 d&#8217;expedients de resid\u00e8ncia i \/ o treball per compte d&#8217;altri o\u00a0pr\u00f2pia , an\u00e0lisi de les diferents possibles vies d&#8217;autoritzaci\u00f3 de l&#8217;activitat laboral en\u00a0Espanya i CEE.<\/li>\n<li>Alts c\u00e0rrecs i directius : plans d&#8217;incentius creatius per a directius i treballadors.<\/li>\n<li>Assessorament relatiu a aspectes contractuals i retributius , mat\u00e8ries de Seguretat\u00a0Social i de previsi\u00f3 social complement\u00e0ria i extinci\u00f3 de contractes.<\/li>\n<li>Expedients de regulaci\u00f3 d&#8217;ocupaci\u00f3 , modificaci\u00f3 de condicions de treball i de\u00a0trasllat: Preparaci\u00f3 de documentaci\u00f3, gesti\u00f3 de les notificacions, assist\u00e8ncia en la\u00a0negociaci\u00f3, redacci\u00f3 d&#8217;actes i acords i en les reunions amb la Inspecci\u00f3 de\u00a0Treball i l&#8217;autoritat laboral.<\/li>\n<li>Direcci\u00f3 lletrada de recursos.<\/li>\n<\/ul>\n<div style=\"height: 15px;\"><\/div>\n<p class=\"blue\">SI DESITJA M\u00c9S INFORMACI\u00d3 NO DUBTI EN <a title=\"Contacte \u2013 Sant Cugat Consulting\" href=\"http:\/\/www.santcugatconsulting.com\/ca\/contactar\/\">CONTACTAR AMB NOSALTRES<\/a><\/p>\n","protected":false},"excerpt":{"rendered":"<p>L&#8217;\u00c0rea Laboral ofereix assessorament en tots els aspectes del dret del Treball i de la Seguretat Social, sent les principals mat\u00e8ries d&#8217;actuaci\u00f3 les seg\u00fcents : Contractaci\u00f3 laboral. An\u00e0lisi i determinaci\u00f3 de les diferents modalitats contractuals\u00a0en funci\u00f3 de les tasques i del candidat escollit. Estudi de possibles bonificacions i \/ o\u00a0subvencions per a diferents col \u00b7 [&hellip;]<\/p>\n","protected":false},"author":7,"featured_media":0,"parent":608,"menu_order":0,"comment_status":"closed","ping_status":"closed","template":"page.php","meta":{"footnotes":""},"yoast_head":"<!-- This site is optimized with the Yoast SEO plugin v22.9 - https:\/\/yoast.com\/wordpress\/plugins\/seo\/ -->\n<title>Assessoria Laboral per Aut\u00f2noms i Empreses - Sant Cugat<\/title>\n<meta name=\"description\" content=\"Assessorament en Dret del Treball i Seguretat Social: contractes, n\u00f2mines, inspeccions, estrangeria, expedients de regulaci\u00f3 d&#039;ocupaci\u00f3 ...\" \/>\n<meta name=\"robots\" content=\"index, follow, max-snippet:-1, max-image-preview:large, max-video-preview:-1\" \/>\n<link rel=\"canonical\" href=\"https:\/\/santcugatconsulting.com\/ca\/serveis\/assessoria-laboral\/\" \/>\n<meta name=\"twitter:label1\" content=\"Temps estimat de lectura\" \/>\n\t<meta name=\"twitter:data1\" content=\"1 minut\" \/>\n<script type=\"application\/ld+json\" class=\"yoast-schema-graph\">{\"@context\":\"https:\/\/schema.org\",\"@graph\":[{\"@type\":\"WebPage\",\"@id\":\"https:\/\/santcugatconsulting.com\/ca\/serveis\/assessoria-laboral\/\",\"url\":\"https:\/\/santcugatconsulting.com\/ca\/serveis\/assessoria-laboral\/\",\"name\":\"Assessoria Laboral per Aut\u00f2noms i Empreses - Sant Cugat\",\"isPartOf\":{\"@id\":\"https:\/\/santcugatconsulting.com\/ca\/#website\"},\"primaryImageOfPage\":{\"@id\":\"https:\/\/santcugatconsulting.com\/ca\/serveis\/assessoria-laboral\/#primaryimage\"},\"image\":{\"@id\":\"https:\/\/santcugatconsulting.com\/ca\/serveis\/assessoria-laboral\/#primaryimage\"},\"thumbnailUrl\":\"http:\/\/www.santcugatconsulting.com\/wp-content\/uploads\/2013\/02\/laboral.png\",\"datePublished\":\"2013-02-04T08:45:39+00:00\",\"dateModified\":\"2019-10-08T13:31:26+00:00\",\"description\":\"Assessorament en Dret del Treball i Seguretat Social: contractes, n\u00f2mines, inspeccions, estrangeria, expedients de regulaci\u00f3 d'ocupaci\u00f3 ...\",\"breadcrumb\":{\"@id\":\"https:\/\/santcugatconsulting.com\/ca\/serveis\/assessoria-laboral\/#breadcrumb\"},\"inLanguage\":\"ca\",\"potentialAction\":[{\"@type\":\"ReadAction\",\"target\":[\"https:\/\/santcugatconsulting.com\/ca\/serveis\/assessoria-laboral\/\"]}]},{\"@type\":\"ImageObject\",\"inLanguage\":\"ca\",\"@id\":\"https:\/\/santcugatconsulting.com\/ca\/serveis\/assessoria-laboral\/#primaryimage\",\"url\":\"http:\/\/www.santcugatconsulting.com\/wp-content\/uploads\/2013\/02\/laboral.png\",\"contentUrl\":\"http:\/\/www.santcugatconsulting.com\/wp-content\/uploads\/2013\/02\/laboral.png\"},{\"@type\":\"BreadcrumbList\",\"@id\":\"https:\/\/santcugatconsulting.com\/ca\/serveis\/assessoria-laboral\/#breadcrumb\",\"itemListElement\":[{\"@type\":\"ListItem\",\"position\":1,\"name\":\"Assessoria Fiscal\",\"item\":\"https:\/\/santcugatconsulting.com\/ca\/serveis\/\"},{\"@type\":\"ListItem\",\"position\":2,\"name\":\"Assessoria Laboral\"}]},{\"@type\":\"WebSite\",\"@id\":\"https:\/\/santcugatconsulting.com\/ca\/#website\",\"url\":\"https:\/\/santcugatconsulting.com\/ca\/\",\"name\":\"Sant Cugat Consulting\",\"description\":\"Asesoramiento jur\u00eddico, laboral, fiscal y contable para aut\u00f3nomos, pymes y grandes empresas. Expertos abogados y economistas. M\u00e1s de 20 a\u00f1os de experiencia.\",\"potentialAction\":[{\"@type\":\"SearchAction\",\"target\":{\"@type\":\"EntryPoint\",\"urlTemplate\":\"https:\/\/santcugatconsulting.com\/ca\/?s={search_term_string}\"},\"query-input\":\"required name=search_term_string\"}],\"inLanguage\":\"ca\"}]}<\/script>\n<!-- \/ Yoast SEO plugin. -->","yoast_head_json":{"title":"Assessoria Laboral per Aut\u00f2noms i Empreses - Sant Cugat","description":"Assessorament en Dret del Treball i Seguretat Social: contractes, n\u00f2mines, inspeccions, estrangeria, expedients de regulaci\u00f3 d'ocupaci\u00f3 ...","robots":{"index":"index","follow":"follow","max-snippet":"max-snippet:-1","max-image-preview":"max-image-preview:large","max-video-preview":"max-video-preview:-1"},"canonical":"https:\/\/santcugatconsulting.com\/ca\/serveis\/assessoria-laboral\/","twitter_misc":{"Temps estimat de lectura":"1 minut"},"schema":{"@context":"https:\/\/schema.org","@graph":[{"@type":"WebPage","@id":"https:\/\/santcugatconsulting.com\/ca\/serveis\/assessoria-laboral\/","url":"https:\/\/santcugatconsulting.com\/ca\/serveis\/assessoria-laboral\/","name":"Assessoria Laboral per Aut\u00f2noms i Empreses - Sant Cugat","isPartOf":{"@id":"https:\/\/santcugatconsulting.com\/ca\/#website"},"primaryImageOfPage":{"@id":"https:\/\/santcugatconsulting.com\/ca\/serveis\/assessoria-laboral\/#primaryimage"},"image":{"@id":"https:\/\/santcugatconsulting.com\/ca\/serveis\/assessoria-laboral\/#primaryimage"},"thumbnailUrl":"http:\/\/www.santcugatconsulting.com\/wp-content\/uploads\/2013\/02\/laboral.png","datePublished":"2013-02-04T08:45:39+00:00","dateModified":"2019-10-08T13:31:26+00:00","description":"Assessorament en Dret del Treball i Seguretat Social: contractes, n\u00f2mines, inspeccions, estrangeria, expedients de regulaci\u00f3 d'ocupaci\u00f3 ...","breadcrumb":{"@id":"https:\/\/santcugatconsulting.com\/ca\/serveis\/assessoria-laboral\/#breadcrumb"},"inLanguage":"ca","potentialAction":[{"@type":"ReadAction","target":["https:\/\/santcugatconsulting.com\/ca\/serveis\/assessoria-laboral\/"]}]},{"@type":"ImageObject","inLanguage":"ca","@id":"https:\/\/santcugatconsulting.com\/ca\/serveis\/assessoria-laboral\/#primaryimage","url":"http:\/\/www.santcugatconsulting.com\/wp-content\/uploads\/2013\/02\/laboral.png","contentUrl":"http:\/\/www.santcugatconsulting.com\/wp-content\/uploads\/2013\/02\/laboral.png"},{"@type":"BreadcrumbList","@id":"https:\/\/santcugatconsulting.com\/ca\/serveis\/assessoria-laboral\/#breadcrumb","itemListElement":[{"@type":"ListItem","position":1,"name":"Assessoria Fiscal","item":"https:\/\/santcugatconsulting.com\/ca\/serveis\/"},{"@type":"ListItem","position":2,"name":"Assessoria Laboral"}]},{"@type":"WebSite","@id":"https:\/\/santcugatconsulting.com\/ca\/#website","url":"https:\/\/santcugatconsulting.com\/ca\/","name":"Sant Cugat Consulting","description":"Asesoramiento jur\u00eddico, laboral, fiscal y contable para aut\u00f3nomos, pymes y grandes empresas. Expertos abogados y economistas. M\u00e1s de 20 a\u00f1os de experiencia.","potentialAction":[{"@type":"SearchAction","target":{"@type":"EntryPoint","urlTemplate":"https:\/\/santcugatconsulting.com\/ca\/?s={search_term_string}"},"query-input":"required name=search_term_string"}],"inLanguage":"ca"}]}},"_links":{"self":[{"href":"https:\/\/santcugatconsulting.com\/ca\/wp-json\/wp\/v2\/pages\/610"}],"collection":[{"href":"https:\/\/santcugatconsulting.com\/ca\/wp-json\/wp\/v2\/pages"}],"about":[{"href":"https:\/\/santcugatconsulting.com\/ca\/wp-json\/wp\/v2\/types\/page"}],"author":[{"embeddable":true,"href":"https:\/\/santcugatconsulting.com\/ca\/wp-json\/wp\/v2\/users\/7"}],"replies":[{"embeddable":true,"href":"https:\/\/santcugatconsulting.com\/ca\/wp-json\/wp\/v2\/comments?post=610"}],"version-history":[{"count":1,"href":"https:\/\/santcugatconsulting.com\/ca\/wp-json\/wp\/v2\/pages\/610\/revisions"}],"predecessor-version":[{"id":1988,"href":"https:\/\/santcugatconsulting.com\/ca\/wp-json\/wp\/v2\/pages\/610\/revisions\/1988"}],"up":[{"embeddable":true,"href":"https:\/\/santcugatconsulting.com\/ca\/wp-json\/wp\/v2\/pages\/608"}],"wp:attachment":[{"href":"https:\/\/santcugatconsulting.com\/ca\/wp-json\/wp\/v2\/media?parent=610"}],"curies":[{"name":"wp","href":"https:\/\/api.w.org\/{rel}","templated":true}]}}