{"id":611,"date":"2013-01-29T11:51:08","date_gmt":"2013-01-29T11:51:08","guid":{"rendered":"http:\/\/www.santcugatconsulting.com\/\/santcugatconsulting.com\/situacion-2\/"},"modified":"2019-10-08T14:31:26","modified_gmt":"2019-10-08T13:31:26","slug":"situacio","status":"publish","type":"page","link":"https:\/\/santcugatconsulting.com\/ca\/situacio\/","title":{"rendered":"Oficines i situaci\u00f3 &#8211; Sant Cugat Consulting"},"content":{"rendered":"<div style=\"height: 60px;\"><\/div>\n<div id=\"map_canvas\"><\/div>\n<div style=\"height: 10px;\"><\/div>\n<h4 class=\"blue\">COM ARRIBAR<\/h4>\n<div class=\"caixa_guai ruta\"><span>ORIGEN<\/span>\u00a0\u00a0<input class=\"origen\" id=\"origen\" type=\"text\" name=\"origen\" value=\"\" \/>\u00a0\u00a0 <input class=\"boto\" onclick=\"calcRoute()\" type=\"button\" value=\"RUTA\" \/><\/p>\n<div id=\"pasos\"><\/div>\n<\/div>\n<p><script type=\"text\/javascript\" src=\"http:\/\/maps.google.com\/maps\/api\/js?sensor=false&amp;language=es\"><\/script><script type=\"text\/javascript\">\/\/ <![CDATA[\nvar directionDisplay; var directionsService = new google.maps.DirectionsService(); var map; var t_x=new Array(); var t_y=new Array(); t_x[0]=41.475112; t_y[0]=2.097372; t_x[1]=41.386457; t_y[1]=2.172241; var myLatlng; var sit_actual=0; function initialize(){ directionsDisplay = new google.maps.DirectionsRenderer(); myLatlng = new google.maps.LatLng(t_x[sit_actual], t_y[sit_actual]); var myOptions = { zoom:16, mapTypeId: google.maps.MapTypeId.ROADMAP, center: myLatlng }; map = new google.maps.Map(document.getElementById(\"map_canvas\"), myOptions); var marker = new google.maps.Marker({ position: myLatlng, map: map, title:\"Sant Cugat Consulting S.L.\" }); directionsDisplay.setMap(map); directionsDisplay.setPanel(document.getElementById(\"pasos\")); } function calcRoute() { var start = document.getElementById('origen').value; var end = myLatlng; var request = { origin:start, destination:end, travelMode: google.maps.DirectionsTravelMode.DRIVING, unitSystem: google.maps.DirectionsUnitSystem.METRIC, region: 'es' }; directionsService.route(request, function(response, status) { if (status == google.maps.DirectionsStatus.OK) { directionsDisplay.setDirections(response); } }); } function canviSituacio(n){ sit_actual=n; initialize(); } $(document).ready(function(){initialize();});\n\/\/ ]]><\/script><\/p>\n","protected":false},"excerpt":{"rendered":"<p>COM ARRIBAR ORIGEN\u00a0\u00a0\u00a0\u00a0<\/p>\n","protected":false},"author":7,"featured_media":0,"parent":0,"menu_order":0,"comment_status":"closed","ping_status":"closed","template":"","meta":{"footnotes":""},"yoast_head":"<!-- This site is optimized with the Yoast SEO plugin v22.9 - https:\/\/yoast.com\/wordpress\/plugins\/seo\/ -->\n<title>Oficines i Situaci\u00f3 - Sant Cugat Consulting<\/title>\n<meta name=\"description\" content=\"Disposem d&#039;oficines a Sant Cugat (Edifici Trade Center II) i Barcelona (Portal de l&#039;\u00c0ngel). Tel-93 589 53 58. Mail-info @ santcugatconsulting.com\" \/>\n<meta name=\"robots\" content=\"index, follow, max-snippet:-1, max-image-preview:large, max-video-preview:-1\" \/>\n<link rel=\"canonical\" href=\"https:\/\/santcugatconsulting.com\/ca\/situacio\/\" \/>\n<script type=\"application\/ld+json\" class=\"yoast-schema-graph\">{\"@context\":\"https:\/\/schema.org\",\"@graph\":[{\"@type\":\"WebPage\",\"@id\":\"https:\/\/santcugatconsulting.com\/ca\/situacio\/\",\"url\":\"https:\/\/santcugatconsulting.com\/ca\/situacio\/\",\"name\":\"Oficines i Situaci\u00f3 - Sant Cugat Consulting\",\"isPartOf\":{\"@id\":\"https:\/\/santcugatconsulting.com\/ca\/#website\"},\"datePublished\":\"2013-01-29T11:51:08+00:00\",\"dateModified\":\"2019-10-08T13:31:26+00:00\",\"description\":\"Disposem d'oficines a Sant Cugat (Edifici Trade Center II) i Barcelona (Portal de l'\u00c0ngel). Tel-93 589 53 58. Mail-info @ santcugatconsulting.com\",\"inLanguage\":\"ca\",\"potentialAction\":[{\"@type\":\"ReadAction\",\"target\":[\"https:\/\/santcugatconsulting.com\/ca\/situacio\/\"]}]},{\"@type\":\"WebSite\",\"@id\":\"https:\/\/santcugatconsulting.com\/ca\/#website\",\"url\":\"https:\/\/santcugatconsulting.com\/ca\/\",\"name\":\"Sant Cugat Consulting\",\"description\":\"Asesoramiento jur\u00eddico, laboral, fiscal y contable para aut\u00f3nomos, pymes y grandes empresas. Expertos abogados y economistas. M\u00e1s de 20 a\u00f1os de experiencia.\",\"potentialAction\":[{\"@type\":\"SearchAction\",\"target\":{\"@type\":\"EntryPoint\",\"urlTemplate\":\"https:\/\/santcugatconsulting.com\/ca\/?s={search_term_string}\"},\"query-input\":\"required name=search_term_string\"}],\"inLanguage\":\"ca\"}]}<\/script>\n<!-- \/ Yoast SEO plugin. -->","yoast_head_json":{"title":"Oficines i Situaci\u00f3 - Sant Cugat Consulting","description":"Disposem d'oficines a Sant Cugat (Edifici Trade Center II) i Barcelona (Portal de l'\u00c0ngel). Tel-93 589 53 58. Mail-info @ santcugatconsulting.com","robots":{"index":"index","follow":"follow","max-snippet":"max-snippet:-1","max-image-preview":"max-image-preview:large","max-video-preview":"max-video-preview:-1"},"canonical":"https:\/\/santcugatconsulting.com\/ca\/situacio\/","schema":{"@context":"https:\/\/schema.org","@graph":[{"@type":"WebPage","@id":"https:\/\/santcugatconsulting.com\/ca\/situacio\/","url":"https:\/\/santcugatconsulting.com\/ca\/situacio\/","name":"Oficines i Situaci\u00f3 - Sant Cugat Consulting","isPartOf":{"@id":"https:\/\/santcugatconsulting.com\/ca\/#website"},"datePublished":"2013-01-29T11:51:08+00:00","dateModified":"2019-10-08T13:31:26+00:00","description":"Disposem d'oficines a Sant Cugat (Edifici Trade Center II) i Barcelona (Portal de l'\u00c0ngel). Tel-93 589 53 58. Mail-info @ santcugatconsulting.com","inLanguage":"ca","potentialAction":[{"@type":"ReadAction","target":["https:\/\/santcugatconsulting.com\/ca\/situacio\/"]}]},{"@type":"WebSite","@id":"https:\/\/santcugatconsulting.com\/ca\/#website","url":"https:\/\/santcugatconsulting.com\/ca\/","name":"Sant Cugat Consulting","description":"Asesoramiento jur\u00eddico, laboral, fiscal y contable para aut\u00f3nomos, pymes y grandes empresas. Expertos abogados y economistas. M\u00e1s de 20 a\u00f1os de experiencia.","potentialAction":[{"@type":"SearchAction","target":{"@type":"EntryPoint","urlTemplate":"https:\/\/santcugatconsulting.com\/ca\/?s={search_term_string}"},"query-input":"required name=search_term_string"}],"inLanguage":"ca"}]}},"_links":{"self":[{"href":"https:\/\/santcugatconsulting.com\/ca\/wp-json\/wp\/v2\/pages\/611"}],"collection":[{"href":"https:\/\/santcugatconsulting.com\/ca\/wp-json\/wp\/v2\/pages"}],"about":[{"href":"https:\/\/santcugatconsulting.com\/ca\/wp-json\/wp\/v2\/types\/page"}],"author":[{"embeddable":true,"href":"https:\/\/santcugatconsulting.com\/ca\/wp-json\/wp\/v2\/users\/7"}],"replies":[{"embeddable":true,"href":"https:\/\/santcugatconsulting.com\/ca\/wp-json\/wp\/v2\/comments?post=611"}],"version-history":[{"count":1,"href":"https:\/\/santcugatconsulting.com\/ca\/wp-json\/wp\/v2\/pages\/611\/revisions"}],"predecessor-version":[{"id":3410,"href":"https:\/\/santcugatconsulting.com\/ca\/wp-json\/wp\/v2\/pages\/611\/revisions\/3410"}],"wp:attachment":[{"href":"https:\/\/santcugatconsulting.com\/ca\/wp-json\/wp\/v2\/media?parent=611"}],"curies":[{"name":"wp","href":"https:\/\/api.w.org\/{rel}","templated":true}]}}