{"id":612,"date":"2013-02-04T08:46:45","date_gmt":"2013-02-04T08:46:45","guid":{"rendered":"http:\/\/www.santcugatconsulting.com\/\/santcugatconsulting.com\/serveis\/asesoria-juridica-procesal\/"},"modified":"2019-10-08T14:31:26","modified_gmt":"2019-10-08T13:31:26","slug":"assessoria-juridica-processal","status":"publish","type":"page","link":"https:\/\/santcugatconsulting.com\/ca\/serveis\/assessoria-juridica-processal\/","title":{"rendered":"\u00c0rea Jur\u00eddica Procesal"},"content":{"rendered":"<h2 class=\"blau\"><img loading=\"lazy\" decoding=\"async\" src=\"http:\/\/www.santcugatconsulting.com\/wp-content\/uploads\/2013\/02\/juridica.png\" alt=\"Jur\u00eddica Procesal\" width=\"578\" height=\"173\" \/><\/h2>\n<p>L&#8217;\u00e0rea de dret processal ofereix advocats especialistes en assessorament i assist\u00e8ncia jur\u00eddica als nostres clients en l&#8217;\u00e0mbit contenci\u00f3s, incloent entre les seves mat\u00e8ries l&#8217;arbitratge , aix\u00ed com l&#8217;avaluaci\u00f3 de riscos i definici\u00f3 d&#8217;estrat\u00e8gies en fase precontenciosa. Entre les mat\u00e8ries implicades en assessorament legal i intervenci\u00f3 lletrada de l&#8217;\u00e0rea de dret processal, s&#8217;inclouen :<\/p>\n<ul class=\"llista\">\n<li>Actuacions precontencioses. Identificaci\u00f3 de riscos i alternatives legals, preconstituci\u00f3 de prova, definici\u00f3 d&#8217;estrat\u00e8gies de defensa, etc .<\/li>\n<li>Procediments civils i mercantils.<\/li>\n<li>Gesti\u00f3 d&#8217;impagats.<\/li>\n<li>Dret concursal.<\/li>\n<li>Sol \u00b7 licitud de dilig\u00e8ncies preliminars i de comprovaci\u00f3 de fets , mesures d&#8217;assegurament de la prova i mesures cautelars.<\/li>\n<li>Procediments contenciosos administratius.<\/li>\n<li>Actuacions davant l&#8217;Oficina Espanyola de Patents i Marques, aix\u00ed com Oficina d&#8217;Harmonitzaci\u00f3 del Mercat Interior : Marca, dibuix i model comunitari.<\/li>\n<li>Recursos de divers g\u00e8nere davant inst\u00e0ncies administratives i tribunals espanyols.<\/li>\n<li>Execuci\u00f3 de sent\u00e8ncies, laudes arbitrals i altres t\u00edtols executius nacionals i internacionals.<\/li>\n<\/ul>\n<div style=\"height: 15px;\"><\/div>\n<p class=\"blue\">SI DESITJA M\u00c9S INFORMACI\u00d3 NO DUBTI EN <a title=\"Contacte \u2013 Sant Cugat Consulting\" href=\"http:\/\/www.santcugatconsulting.com\/ca\/contactar\/\">CONTACTAR AMB NOSALTRES<\/a><\/p>\n","protected":false},"excerpt":{"rendered":"<p>L&#8217;\u00e0rea de dret processal ofereix advocats especialistes en assessorament i assist\u00e8ncia jur\u00eddica als nostres clients en l&#8217;\u00e0mbit contenci\u00f3s, incloent entre les seves mat\u00e8ries l&#8217;arbitratge , aix\u00ed com l&#8217;avaluaci\u00f3 de riscos i definici\u00f3 d&#8217;estrat\u00e8gies en fase precontenciosa. Entre les mat\u00e8ries implicades en assessorament legal i intervenci\u00f3 lletrada de l&#8217;\u00e0rea de dret processal, s&#8217;inclouen : Actuacions precontencioses. [&hellip;]<\/p>\n","protected":false},"author":7,"featured_media":0,"parent":608,"menu_order":0,"comment_status":"closed","ping_status":"closed","template":"page.php","meta":{"footnotes":""},"yoast_head":"<!-- This site is optimized with the Yoast SEO plugin v22.9 - https:\/\/yoast.com\/wordpress\/plugins\/seo\/ -->\n<title>\u00c0rea Jur\u00eddica Procesal | Sant Cugat Consulting<\/title>\n<meta name=\"description\" content=\"Advocats especialistes en l&#039;\u00e0mbit contenci\u00f3s, incloent l&#039;arbitratge , aix\u00ed com l&#039;avaluaci\u00f3 de riscos i definici\u00f3 d&#039;estrat\u00e8gies en fase precontenciosa.\" \/>\n<meta name=\"robots\" content=\"index, follow, max-snippet:-1, max-image-preview:large, max-video-preview:-1\" \/>\n<link rel=\"canonical\" href=\"https:\/\/santcugatconsulting.com\/ca\/serveis\/assessoria-juridica-processal\/\" \/>\n<meta name=\"twitter:label1\" content=\"Temps estimat de lectura\" \/>\n\t<meta name=\"twitter:data1\" content=\"1 minut\" \/>\n<script type=\"application\/ld+json\" class=\"yoast-schema-graph\">{\"@context\":\"https:\/\/schema.org\",\"@graph\":[{\"@type\":\"WebPage\",\"@id\":\"https:\/\/santcugatconsulting.com\/ca\/serveis\/assessoria-juridica-processal\/\",\"url\":\"https:\/\/santcugatconsulting.com\/ca\/serveis\/assessoria-juridica-processal\/\",\"name\":\"\u00c0rea Jur\u00eddica Procesal | Sant Cugat Consulting\",\"isPartOf\":{\"@id\":\"https:\/\/santcugatconsulting.com\/ca\/#website\"},\"primaryImageOfPage\":{\"@id\":\"https:\/\/santcugatconsulting.com\/ca\/serveis\/assessoria-juridica-processal\/#primaryimage\"},\"image\":{\"@id\":\"https:\/\/santcugatconsulting.com\/ca\/serveis\/assessoria-juridica-processal\/#primaryimage\"},\"thumbnailUrl\":\"http:\/\/www.santcugatconsulting.com\/wp-content\/uploads\/2013\/02\/juridica.png\",\"datePublished\":\"2013-02-04T08:46:45+00:00\",\"dateModified\":\"2019-10-08T13:31:26+00:00\",\"description\":\"Advocats especialistes en l'\u00e0mbit contenci\u00f3s, incloent l'arbitratge , aix\u00ed com l'avaluaci\u00f3 de riscos i definici\u00f3 d'estrat\u00e8gies en fase precontenciosa.\",\"breadcrumb\":{\"@id\":\"https:\/\/santcugatconsulting.com\/ca\/serveis\/assessoria-juridica-processal\/#breadcrumb\"},\"inLanguage\":\"ca\",\"potentialAction\":[{\"@type\":\"ReadAction\",\"target\":[\"https:\/\/santcugatconsulting.com\/ca\/serveis\/assessoria-juridica-processal\/\"]}]},{\"@type\":\"ImageObject\",\"inLanguage\":\"ca\",\"@id\":\"https:\/\/santcugatconsulting.com\/ca\/serveis\/assessoria-juridica-processal\/#primaryimage\",\"url\":\"http:\/\/www.santcugatconsulting.com\/wp-content\/uploads\/2013\/02\/juridica.png\",\"contentUrl\":\"http:\/\/www.santcugatconsulting.com\/wp-content\/uploads\/2013\/02\/juridica.png\"},{\"@type\":\"BreadcrumbList\",\"@id\":\"https:\/\/santcugatconsulting.com\/ca\/serveis\/assessoria-juridica-processal\/#breadcrumb\",\"itemListElement\":[{\"@type\":\"ListItem\",\"position\":1,\"name\":\"Assessoria Fiscal\",\"item\":\"https:\/\/santcugatconsulting.com\/ca\/serveis\/\"},{\"@type\":\"ListItem\",\"position\":2,\"name\":\"\u00c0rea Jur\u00eddica Procesal\"}]},{\"@type\":\"WebSite\",\"@id\":\"https:\/\/santcugatconsulting.com\/ca\/#website\",\"url\":\"https:\/\/santcugatconsulting.com\/ca\/\",\"name\":\"Sant Cugat Consulting\",\"description\":\"Asesoramiento jur\u00eddico, laboral, fiscal y contable para aut\u00f3nomos, pymes y grandes empresas. Expertos abogados y economistas. M\u00e1s de 20 a\u00f1os de experiencia.\",\"potentialAction\":[{\"@type\":\"SearchAction\",\"target\":{\"@type\":\"EntryPoint\",\"urlTemplate\":\"https:\/\/santcugatconsulting.com\/ca\/?s={search_term_string}\"},\"query-input\":\"required name=search_term_string\"}],\"inLanguage\":\"ca\"}]}<\/script>\n<!-- \/ Yoast SEO plugin. -->","yoast_head_json":{"title":"\u00c0rea Jur\u00eddica Procesal | Sant Cugat Consulting","description":"Advocats especialistes en l'\u00e0mbit contenci\u00f3s, incloent l'arbitratge , aix\u00ed com l'avaluaci\u00f3 de riscos i definici\u00f3 d'estrat\u00e8gies en fase precontenciosa.","robots":{"index":"index","follow":"follow","max-snippet":"max-snippet:-1","max-image-preview":"max-image-preview:large","max-video-preview":"max-video-preview:-1"},"canonical":"https:\/\/santcugatconsulting.com\/ca\/serveis\/assessoria-juridica-processal\/","twitter_misc":{"Temps estimat de lectura":"1 minut"},"schema":{"@context":"https:\/\/schema.org","@graph":[{"@type":"WebPage","@id":"https:\/\/santcugatconsulting.com\/ca\/serveis\/assessoria-juridica-processal\/","url":"https:\/\/santcugatconsulting.com\/ca\/serveis\/assessoria-juridica-processal\/","name":"\u00c0rea Jur\u00eddica Procesal | Sant Cugat Consulting","isPartOf":{"@id":"https:\/\/santcugatconsulting.com\/ca\/#website"},"primaryImageOfPage":{"@id":"https:\/\/santcugatconsulting.com\/ca\/serveis\/assessoria-juridica-processal\/#primaryimage"},"image":{"@id":"https:\/\/santcugatconsulting.com\/ca\/serveis\/assessoria-juridica-processal\/#primaryimage"},"thumbnailUrl":"http:\/\/www.santcugatconsulting.com\/wp-content\/uploads\/2013\/02\/juridica.png","datePublished":"2013-02-04T08:46:45+00:00","dateModified":"2019-10-08T13:31:26+00:00","description":"Advocats especialistes en l'\u00e0mbit contenci\u00f3s, incloent l'arbitratge , aix\u00ed com l'avaluaci\u00f3 de riscos i definici\u00f3 d'estrat\u00e8gies en fase precontenciosa.","breadcrumb":{"@id":"https:\/\/santcugatconsulting.com\/ca\/serveis\/assessoria-juridica-processal\/#breadcrumb"},"inLanguage":"ca","potentialAction":[{"@type":"ReadAction","target":["https:\/\/santcugatconsulting.com\/ca\/serveis\/assessoria-juridica-processal\/"]}]},{"@type":"ImageObject","inLanguage":"ca","@id":"https:\/\/santcugatconsulting.com\/ca\/serveis\/assessoria-juridica-processal\/#primaryimage","url":"http:\/\/www.santcugatconsulting.com\/wp-content\/uploads\/2013\/02\/juridica.png","contentUrl":"http:\/\/www.santcugatconsulting.com\/wp-content\/uploads\/2013\/02\/juridica.png"},{"@type":"BreadcrumbList","@id":"https:\/\/santcugatconsulting.com\/ca\/serveis\/assessoria-juridica-processal\/#breadcrumb","itemListElement":[{"@type":"ListItem","position":1,"name":"Assessoria Fiscal","item":"https:\/\/santcugatconsulting.com\/ca\/serveis\/"},{"@type":"ListItem","position":2,"name":"\u00c0rea Jur\u00eddica Procesal"}]},{"@type":"WebSite","@id":"https:\/\/santcugatconsulting.com\/ca\/#website","url":"https:\/\/santcugatconsulting.com\/ca\/","name":"Sant Cugat Consulting","description":"Asesoramiento jur\u00eddico, laboral, fiscal y contable para aut\u00f3nomos, pymes y grandes empresas. Expertos abogados y economistas. M\u00e1s de 20 a\u00f1os de experiencia.","potentialAction":[{"@type":"SearchAction","target":{"@type":"EntryPoint","urlTemplate":"https:\/\/santcugatconsulting.com\/ca\/?s={search_term_string}"},"query-input":"required name=search_term_string"}],"inLanguage":"ca"}]}},"_links":{"self":[{"href":"https:\/\/santcugatconsulting.com\/ca\/wp-json\/wp\/v2\/pages\/612"}],"collection":[{"href":"https:\/\/santcugatconsulting.com\/ca\/wp-json\/wp\/v2\/pages"}],"about":[{"href":"https:\/\/santcugatconsulting.com\/ca\/wp-json\/wp\/v2\/types\/page"}],"author":[{"embeddable":true,"href":"https:\/\/santcugatconsulting.com\/ca\/wp-json\/wp\/v2\/users\/7"}],"replies":[{"embeddable":true,"href":"https:\/\/santcugatconsulting.com\/ca\/wp-json\/wp\/v2\/comments?post=612"}],"version-history":[{"count":2,"href":"https:\/\/santcugatconsulting.com\/ca\/wp-json\/wp\/v2\/pages\/612\/revisions"}],"predecessor-version":[{"id":2299,"href":"https:\/\/santcugatconsulting.com\/ca\/wp-json\/wp\/v2\/pages\/612\/revisions\/2299"}],"up":[{"embeddable":true,"href":"https:\/\/santcugatconsulting.com\/ca\/wp-json\/wp\/v2\/pages\/608"}],"wp:attachment":[{"href":"https:\/\/santcugatconsulting.com\/ca\/wp-json\/wp\/v2\/media?parent=612"}],"curies":[{"name":"wp","href":"https:\/\/api.w.org\/{rel}","templated":true}]}}