{"id":613,"date":"2013-02-04T08:45:23","date_gmt":"2013-02-04T08:45:23","guid":{"rendered":"http:\/\/www.santcugatconsulting.com\/\/santcugatconsulting.com\/serveis\/asesoria-contable-y-financiera\/"},"modified":"2019-10-08T14:31:26","modified_gmt":"2019-10-08T13:31:26","slug":"assessoria-comptable-i-financera","status":"publish","type":"page","link":"https:\/\/santcugatconsulting.com\/ca\/serveis\/assessoria-comptable-i-financera\/","title":{"rendered":"Assessoria Comptable i Financera"},"content":{"rendered":"<h2 class=\"blau\"><img loading=\"lazy\" decoding=\"async\" src=\"http:\/\/www.santcugatconsulting.com\/wp-content\/uploads\/2013\/02\/contable.png\" alt=\"contable\" width=\"578\" height=\"173\" \/><\/h2>\n<p>\u00c9s important que els comptes de cada empresa reflecteixin una imatge fidel del patrimoni i situaci\u00f3 financera. Per aix\u00f2, l&#8217;assessorament comptable t\u00e9 per objecte que les empreses portin la seva comptabilitat d&#8217;acord amb els principis comptables generalment acceptats i a les normes legals vigents per tal de reflectir una imatge fidel de les finances.<\/p>\n<p>A Sant Cugat Consulting, oferim solucions a mida que permeten:<\/p>\n<ul class=\"llista\">\n<li>Confecci\u00f3 d&#8217;un Pla Comptable adaptat a les caracter\u00edstiques de la companyia.<\/li>\n<li>Revisi\u00f3 de la comptabilitat auxiliar i confecci\u00f3 dels assentaments t\u00e8cnics i tancament comptable.<\/li>\n<li>Aix\u00ed , com l&#8217;an\u00e0lisi i disseny dels estats financers proporcionats per la comptabilitat\u00a0financera : Balan\u00e7 de situaci\u00f3 i Compte de p\u00e8rdues i guanys.<\/li>\n<li>Assessorament permanent en la gesti\u00f3 de la comptabilitat , podent emetre informes\u00a0peri\u00f2dics que permetin avaluar de forma comparativa l&#8217;evoluci\u00f3 del seu negoci.<\/li>\n<li>Outsourcing de serveis comptables , despla\u00e7ant un professional , recolzat pel nostre\u00a0gabinet , a la pr\u00f2pia empresa del client per tal de realitzar des de les tasques comptables\u00a0fins el seu arxiu.<\/li>\n<li>Com a activitat complement\u00e0ria oferim un servei d&#8217;an\u00e0lisi financera que inclou\u00a0des de la valoraci\u00f3 de la companyia target , an\u00e0lisi de projectes d&#8217;inversi\u00f3 , elaboraci\u00f3\u00a0d&#8217;estrat\u00e8gies de finan\u00e7ament , consolidaci\u00f3 i an\u00e0lisi d&#8217;estats financers.<\/li>\n<li>Realitzaci\u00f3 de Due Diligence comptable de forma coordinada amb els responsables d&#8217;altres\u00a0\u00e0rees , de manera que el treball es realitza d&#8217;una forma m\u00e9s eficient i r\u00e0pida .<\/li>\n<\/ul>\n<div style=\"height: 15px;\"><\/div>\n<p class=\"blue\">SI DESITJA M\u00c9S INFORMACI\u00d3 NO DUBTI EN <a title=\"Contacte \u2013 Sant Cugat Consulting\" href=\"http:\/\/www.santcugatconsulting.com\/ca\/contactar\/\">CONTACTAR AMB NOSALTRES<\/a><\/p>\n","protected":false},"excerpt":{"rendered":"<p>\u00c9s important que els comptes de cada empresa reflecteixin una imatge fidel del patrimoni i situaci\u00f3 financera. Per aix\u00f2, l&#8217;assessorament comptable t\u00e9 per objecte que les empreses portin la seva comptabilitat d&#8217;acord amb els principis comptables generalment acceptats i a les normes legals vigents per tal de reflectir una imatge fidel de les finances. A [&hellip;]<\/p>\n","protected":false},"author":7,"featured_media":0,"parent":608,"menu_order":1,"comment_status":"closed","ping_status":"closed","template":"page.php","meta":{"footnotes":""},"yoast_head":"<!-- This site is optimized with the Yoast SEO plugin v22.9 - https:\/\/yoast.com\/wordpress\/plugins\/seo\/ -->\n<title>Assessoria Comptable i Financera - Sant Cugat Consulting<\/title>\n<meta name=\"description\" content=\"Confecci\u00f3 i revisi\u00f3 de la comptabilitat, an\u00e0lisi i assessorament permanent, balan\u00e7os i comptes de p\u00e8rdues i guanys, outsourcing de serveis.\" \/>\n<meta name=\"robots\" content=\"index, follow, max-snippet:-1, max-image-preview:large, max-video-preview:-1\" \/>\n<link rel=\"canonical\" href=\"https:\/\/santcugatconsulting.com\/ca\/serveis\/assessoria-comptable-i-financera\/\" \/>\n<meta name=\"twitter:label1\" content=\"Temps estimat de lectura\" \/>\n\t<meta name=\"twitter:data1\" content=\"1 minut\" \/>\n<script type=\"application\/ld+json\" class=\"yoast-schema-graph\">{\"@context\":\"https:\/\/schema.org\",\"@graph\":[{\"@type\":\"WebPage\",\"@id\":\"https:\/\/santcugatconsulting.com\/ca\/serveis\/assessoria-comptable-i-financera\/\",\"url\":\"https:\/\/santcugatconsulting.com\/ca\/serveis\/assessoria-comptable-i-financera\/\",\"name\":\"Assessoria Comptable i Financera - Sant Cugat Consulting\",\"isPartOf\":{\"@id\":\"https:\/\/santcugatconsulting.com\/ca\/#website\"},\"primaryImageOfPage\":{\"@id\":\"https:\/\/santcugatconsulting.com\/ca\/serveis\/assessoria-comptable-i-financera\/#primaryimage\"},\"image\":{\"@id\":\"https:\/\/santcugatconsulting.com\/ca\/serveis\/assessoria-comptable-i-financera\/#primaryimage\"},\"thumbnailUrl\":\"http:\/\/www.santcugatconsulting.com\/wp-content\/uploads\/2013\/02\/contable.png\",\"datePublished\":\"2013-02-04T08:45:23+00:00\",\"dateModified\":\"2019-10-08T13:31:26+00:00\",\"description\":\"Confecci\u00f3 i revisi\u00f3 de la comptabilitat, an\u00e0lisi i assessorament permanent, balan\u00e7os i comptes de p\u00e8rdues i guanys, outsourcing de serveis.\",\"breadcrumb\":{\"@id\":\"https:\/\/santcugatconsulting.com\/ca\/serveis\/assessoria-comptable-i-financera\/#breadcrumb\"},\"inLanguage\":\"ca\",\"potentialAction\":[{\"@type\":\"ReadAction\",\"target\":[\"https:\/\/santcugatconsulting.com\/ca\/serveis\/assessoria-comptable-i-financera\/\"]}]},{\"@type\":\"ImageObject\",\"inLanguage\":\"ca\",\"@id\":\"https:\/\/santcugatconsulting.com\/ca\/serveis\/assessoria-comptable-i-financera\/#primaryimage\",\"url\":\"http:\/\/www.santcugatconsulting.com\/wp-content\/uploads\/2013\/02\/contable.png\",\"contentUrl\":\"http:\/\/www.santcugatconsulting.com\/wp-content\/uploads\/2013\/02\/contable.png\"},{\"@type\":\"BreadcrumbList\",\"@id\":\"https:\/\/santcugatconsulting.com\/ca\/serveis\/assessoria-comptable-i-financera\/#breadcrumb\",\"itemListElement\":[{\"@type\":\"ListItem\",\"position\":1,\"name\":\"Assessoria Fiscal\",\"item\":\"https:\/\/santcugatconsulting.com\/ca\/serveis\/\"},{\"@type\":\"ListItem\",\"position\":2,\"name\":\"Assessoria Comptable i Financera\"}]},{\"@type\":\"WebSite\",\"@id\":\"https:\/\/santcugatconsulting.com\/ca\/#website\",\"url\":\"https:\/\/santcugatconsulting.com\/ca\/\",\"name\":\"Sant Cugat Consulting\",\"description\":\"Asesoramiento jur\u00eddico, laboral, fiscal y contable para aut\u00f3nomos, pymes y grandes empresas. Expertos abogados y economistas. M\u00e1s de 20 a\u00f1os de experiencia.\",\"potentialAction\":[{\"@type\":\"SearchAction\",\"target\":{\"@type\":\"EntryPoint\",\"urlTemplate\":\"https:\/\/santcugatconsulting.com\/ca\/?s={search_term_string}\"},\"query-input\":\"required name=search_term_string\"}],\"inLanguage\":\"ca\"}]}<\/script>\n<!-- \/ Yoast SEO plugin. -->","yoast_head_json":{"title":"Assessoria Comptable i Financera - Sant Cugat Consulting","description":"Confecci\u00f3 i revisi\u00f3 de la comptabilitat, an\u00e0lisi i assessorament permanent, balan\u00e7os i comptes de p\u00e8rdues i guanys, outsourcing de serveis.","robots":{"index":"index","follow":"follow","max-snippet":"max-snippet:-1","max-image-preview":"max-image-preview:large","max-video-preview":"max-video-preview:-1"},"canonical":"https:\/\/santcugatconsulting.com\/ca\/serveis\/assessoria-comptable-i-financera\/","twitter_misc":{"Temps estimat de lectura":"1 minut"},"schema":{"@context":"https:\/\/schema.org","@graph":[{"@type":"WebPage","@id":"https:\/\/santcugatconsulting.com\/ca\/serveis\/assessoria-comptable-i-financera\/","url":"https:\/\/santcugatconsulting.com\/ca\/serveis\/assessoria-comptable-i-financera\/","name":"Assessoria Comptable i Financera - Sant Cugat Consulting","isPartOf":{"@id":"https:\/\/santcugatconsulting.com\/ca\/#website"},"primaryImageOfPage":{"@id":"https:\/\/santcugatconsulting.com\/ca\/serveis\/assessoria-comptable-i-financera\/#primaryimage"},"image":{"@id":"https:\/\/santcugatconsulting.com\/ca\/serveis\/assessoria-comptable-i-financera\/#primaryimage"},"thumbnailUrl":"http:\/\/www.santcugatconsulting.com\/wp-content\/uploads\/2013\/02\/contable.png","datePublished":"2013-02-04T08:45:23+00:00","dateModified":"2019-10-08T13:31:26+00:00","description":"Confecci\u00f3 i revisi\u00f3 de la comptabilitat, an\u00e0lisi i assessorament permanent, balan\u00e7os i comptes de p\u00e8rdues i guanys, outsourcing de serveis.","breadcrumb":{"@id":"https:\/\/santcugatconsulting.com\/ca\/serveis\/assessoria-comptable-i-financera\/#breadcrumb"},"inLanguage":"ca","potentialAction":[{"@type":"ReadAction","target":["https:\/\/santcugatconsulting.com\/ca\/serveis\/assessoria-comptable-i-financera\/"]}]},{"@type":"ImageObject","inLanguage":"ca","@id":"https:\/\/santcugatconsulting.com\/ca\/serveis\/assessoria-comptable-i-financera\/#primaryimage","url":"http:\/\/www.santcugatconsulting.com\/wp-content\/uploads\/2013\/02\/contable.png","contentUrl":"http:\/\/www.santcugatconsulting.com\/wp-content\/uploads\/2013\/02\/contable.png"},{"@type":"BreadcrumbList","@id":"https:\/\/santcugatconsulting.com\/ca\/serveis\/assessoria-comptable-i-financera\/#breadcrumb","itemListElement":[{"@type":"ListItem","position":1,"name":"Assessoria Fiscal","item":"https:\/\/santcugatconsulting.com\/ca\/serveis\/"},{"@type":"ListItem","position":2,"name":"Assessoria Comptable i Financera"}]},{"@type":"WebSite","@id":"https:\/\/santcugatconsulting.com\/ca\/#website","url":"https:\/\/santcugatconsulting.com\/ca\/","name":"Sant Cugat Consulting","description":"Asesoramiento jur\u00eddico, laboral, fiscal y contable para aut\u00f3nomos, pymes y grandes empresas. Expertos abogados y economistas. M\u00e1s de 20 a\u00f1os de experiencia.","potentialAction":[{"@type":"SearchAction","target":{"@type":"EntryPoint","urlTemplate":"https:\/\/santcugatconsulting.com\/ca\/?s={search_term_string}"},"query-input":"required name=search_term_string"}],"inLanguage":"ca"}]}},"_links":{"self":[{"href":"https:\/\/santcugatconsulting.com\/ca\/wp-json\/wp\/v2\/pages\/613"}],"collection":[{"href":"https:\/\/santcugatconsulting.com\/ca\/wp-json\/wp\/v2\/pages"}],"about":[{"href":"https:\/\/santcugatconsulting.com\/ca\/wp-json\/wp\/v2\/types\/page"}],"author":[{"embeddable":true,"href":"https:\/\/santcugatconsulting.com\/ca\/wp-json\/wp\/v2\/users\/7"}],"replies":[{"embeddable":true,"href":"https:\/\/santcugatconsulting.com\/ca\/wp-json\/wp\/v2\/comments?post=613"}],"version-history":[{"count":1,"href":"https:\/\/santcugatconsulting.com\/ca\/wp-json\/wp\/v2\/pages\/613\/revisions"}],"predecessor-version":[{"id":1999,"href":"https:\/\/santcugatconsulting.com\/ca\/wp-json\/wp\/v2\/pages\/613\/revisions\/1999"}],"up":[{"embeddable":true,"href":"https:\/\/santcugatconsulting.com\/ca\/wp-json\/wp\/v2\/pages\/608"}],"wp:attachment":[{"href":"https:\/\/santcugatconsulting.com\/ca\/wp-json\/wp\/v2\/media?parent=613"}],"curies":[{"name":"wp","href":"https:\/\/api.w.org\/{rel}","templated":true}]}}