{"id":614,"date":"2013-02-04T08:44:46","date_gmt":"2013-02-04T08:44:46","guid":{"rendered":"http:\/\/www.santcugatconsulting.com\/\/santcugatconsulting.com\/serveis\/asesoria-fiscal\/"},"modified":"2019-10-08T14:31:26","modified_gmt":"2019-10-08T13:31:26","slug":"assesoria-fiscal","status":"publish","type":"page","link":"https:\/\/santcugatconsulting.com\/ca\/serveis\/assesoria-fiscal\/","title":{"rendered":"Assessoria Fiscal"},"content":{"rendered":"<h2 class=\"blau\"><img loading=\"lazy\" decoding=\"async\" src=\"http:\/\/www.santcugatconsulting.com\/wp-content\/uploads\/2013\/03\/fiscal1.png\" alt=\"serveis\" width=\"578\" height=\"173\" \/><\/h2>\n<p>El nostre assessorament fiscal abasta tots els nivells , tant les persones f\u00edsiques com les jur\u00eddiques<br \/>\naix\u00ed com la planificaci\u00f3 dels elements que integren el seu patrimoni i les inversions realitzades a<br \/>\nqualsevol nivell societari.<\/p>\n<p>La complexitat de la normativa vigent en mat\u00e8ria d&#8217;impostos fa imprescindible comptar amb<br \/>\nun assessorament adequat i permanent prestat per professionals qualificats. La<br \/>\nplanificaci\u00f3 fiscal requereix un estudi minuci\u00f3s , on el professional s&#8217;anticipa als fets<br \/>\nrellevants per tal d&#8217;optimitzar les operacions minimitzant la pressi\u00f3 fiscal.<\/p>\n<p>Aix\u00ed mateix, els professionals d&#8217;aquesta \u00e0rea ofereixen assessorament i solucions integrals en temes<br \/>\ncom ara:<\/p>\n<ul class=\"llista\">\n<li>Planificaci\u00f3 fiscal patrimonial.<\/li>\n<li>Fiscalitat corporativa.<\/li>\n<li>Assessorament en processos tributaris i inspeccions fiscals davant l&#8217;Administraci\u00f3<\/li>\n<li>Tribut\u00e0ria.<\/li>\n<li>Preparaci\u00f3 i liquidaci\u00f3 peri\u00f2dica d&#8217;impostos.<\/li>\n<li>Assessorament fiscal per expatriats.<\/li>\n<li>Servei d&#8217;assessorament fiscal recurrent.<\/li>\n<li>Processos de reestructuraci\u00f3 empresarial i patrimonial . Planificaci\u00f3 i assessorament<\/li>\n<li>continuat d&#8217;her\u00e8ncies i drets hereditaris nacionals.<\/li>\n<li>Disseny , negociaci\u00f3 i execuci\u00f3 de compravendes.<\/li>\n<li>Assist\u00e8ncia en processos tributaris i inspeccions fiscals davant l&#8217;Administraci\u00f3 Tribut\u00e0ria i<\/li>\n<li>qualsevol altra incid\u00e8ncia patrimonial amb conseq\u00fc\u00e8ncies fiscals i legals.<\/li>\n<\/ul>\n<div style=\"height: 15px;\"><\/div>\n<p class=\"blue\">SI DESITJA M\u00c9S INFORMACI\u00d3 NO DUBTI EN <a title=\"Contacte \u2013 Sant Cugat Consulting\" href=\"http:\/\/www.santcugatconsulting.com\/ca\/contactar\/\">CONTACTAR AMB NOSALTRES<\/a><\/p>\n","protected":false},"excerpt":{"rendered":"<p>El nostre assessorament fiscal abasta tots els nivells , tant les persones f\u00edsiques com les jur\u00eddiques aix\u00ed com la planificaci\u00f3 dels elements que integren el seu patrimoni i les inversions realitzades a qualsevol nivell societari. La complexitat de la normativa vigent en mat\u00e8ria d&#8217;impostos fa imprescindible comptar amb un assessorament adequat i permanent prestat per [&hellip;]<\/p>\n","protected":false},"author":7,"featured_media":0,"parent":608,"menu_order":0,"comment_status":"closed","ping_status":"closed","template":"page.php","meta":{"footnotes":""},"yoast_head":"<!-- This site is optimized with the Yoast SEO plugin v22.9 - https:\/\/yoast.com\/wordpress\/plugins\/seo\/ -->\n<title>Assessoria Fiscal per Aut\u00f2noms i Empreses - Sant Cugat<\/title>\n<meta name=\"description\" content=\"Planificaci\u00f3 fiscal patrimonial, Fiscalitat Corporativa, Assessorament en processos i inspeccions fiscals, impostos i Assessorament per expatriats.\" \/>\n<meta name=\"robots\" content=\"index, follow, max-snippet:-1, max-image-preview:large, max-video-preview:-1\" \/>\n<link rel=\"canonical\" href=\"https:\/\/santcugatconsulting.com\/ca\/serveis\/assesoria-fiscal\/\" \/>\n<meta name=\"twitter:label1\" content=\"Temps estimat de lectura\" \/>\n\t<meta name=\"twitter:data1\" content=\"1 minut\" \/>\n<script type=\"application\/ld+json\" class=\"yoast-schema-graph\">{\"@context\":\"https:\/\/schema.org\",\"@graph\":[{\"@type\":\"WebPage\",\"@id\":\"https:\/\/santcugatconsulting.com\/ca\/serveis\/assesoria-fiscal\/\",\"url\":\"https:\/\/santcugatconsulting.com\/ca\/serveis\/assesoria-fiscal\/\",\"name\":\"Assessoria Fiscal per Aut\u00f2noms i Empreses - Sant Cugat\",\"isPartOf\":{\"@id\":\"https:\/\/santcugatconsulting.com\/ca\/#website\"},\"primaryImageOfPage\":{\"@id\":\"https:\/\/santcugatconsulting.com\/ca\/serveis\/assesoria-fiscal\/#primaryimage\"},\"image\":{\"@id\":\"https:\/\/santcugatconsulting.com\/ca\/serveis\/assesoria-fiscal\/#primaryimage\"},\"thumbnailUrl\":\"http:\/\/www.santcugatconsulting.com\/wp-content\/uploads\/2013\/03\/fiscal1.png\",\"datePublished\":\"2013-02-04T08:44:46+00:00\",\"dateModified\":\"2019-10-08T13:31:26+00:00\",\"description\":\"Planificaci\u00f3 fiscal patrimonial, Fiscalitat Corporativa, Assessorament en processos i inspeccions fiscals, impostos i Assessorament per expatriats.\",\"breadcrumb\":{\"@id\":\"https:\/\/santcugatconsulting.com\/ca\/serveis\/assesoria-fiscal\/#breadcrumb\"},\"inLanguage\":\"ca\",\"potentialAction\":[{\"@type\":\"ReadAction\",\"target\":[\"https:\/\/santcugatconsulting.com\/ca\/serveis\/assesoria-fiscal\/\"]}]},{\"@type\":\"ImageObject\",\"inLanguage\":\"ca\",\"@id\":\"https:\/\/santcugatconsulting.com\/ca\/serveis\/assesoria-fiscal\/#primaryimage\",\"url\":\"http:\/\/www.santcugatconsulting.com\/wp-content\/uploads\/2013\/03\/fiscal1.png\",\"contentUrl\":\"http:\/\/www.santcugatconsulting.com\/wp-content\/uploads\/2013\/03\/fiscal1.png\"},{\"@type\":\"BreadcrumbList\",\"@id\":\"https:\/\/santcugatconsulting.com\/ca\/serveis\/assesoria-fiscal\/#breadcrumb\",\"itemListElement\":[{\"@type\":\"ListItem\",\"position\":1,\"name\":\"Assessoria Fiscal\",\"item\":\"https:\/\/santcugatconsulting.com\/ca\/serveis\/\"},{\"@type\":\"ListItem\",\"position\":2,\"name\":\"Assessoria Fiscal\"}]},{\"@type\":\"WebSite\",\"@id\":\"https:\/\/santcugatconsulting.com\/ca\/#website\",\"url\":\"https:\/\/santcugatconsulting.com\/ca\/\",\"name\":\"Sant Cugat Consulting\",\"description\":\"Asesoramiento jur\u00eddico, laboral, fiscal y contable para aut\u00f3nomos, pymes y grandes empresas. Expertos abogados y economistas. M\u00e1s de 20 a\u00f1os de experiencia.\",\"potentialAction\":[{\"@type\":\"SearchAction\",\"target\":{\"@type\":\"EntryPoint\",\"urlTemplate\":\"https:\/\/santcugatconsulting.com\/ca\/?s={search_term_string}\"},\"query-input\":\"required name=search_term_string\"}],\"inLanguage\":\"ca\"}]}<\/script>\n<!-- \/ Yoast SEO plugin. -->","yoast_head_json":{"title":"Assessoria Fiscal per Aut\u00f2noms i Empreses - Sant Cugat","description":"Planificaci\u00f3 fiscal patrimonial, Fiscalitat Corporativa, Assessorament en processos i inspeccions fiscals, impostos i Assessorament per expatriats.","robots":{"index":"index","follow":"follow","max-snippet":"max-snippet:-1","max-image-preview":"max-image-preview:large","max-video-preview":"max-video-preview:-1"},"canonical":"https:\/\/santcugatconsulting.com\/ca\/serveis\/assesoria-fiscal\/","twitter_misc":{"Temps estimat de lectura":"1 minut"},"schema":{"@context":"https:\/\/schema.org","@graph":[{"@type":"WebPage","@id":"https:\/\/santcugatconsulting.com\/ca\/serveis\/assesoria-fiscal\/","url":"https:\/\/santcugatconsulting.com\/ca\/serveis\/assesoria-fiscal\/","name":"Assessoria Fiscal per Aut\u00f2noms i Empreses - Sant Cugat","isPartOf":{"@id":"https:\/\/santcugatconsulting.com\/ca\/#website"},"primaryImageOfPage":{"@id":"https:\/\/santcugatconsulting.com\/ca\/serveis\/assesoria-fiscal\/#primaryimage"},"image":{"@id":"https:\/\/santcugatconsulting.com\/ca\/serveis\/assesoria-fiscal\/#primaryimage"},"thumbnailUrl":"http:\/\/www.santcugatconsulting.com\/wp-content\/uploads\/2013\/03\/fiscal1.png","datePublished":"2013-02-04T08:44:46+00:00","dateModified":"2019-10-08T13:31:26+00:00","description":"Planificaci\u00f3 fiscal patrimonial, Fiscalitat Corporativa, Assessorament en processos i inspeccions fiscals, impostos i Assessorament per expatriats.","breadcrumb":{"@id":"https:\/\/santcugatconsulting.com\/ca\/serveis\/assesoria-fiscal\/#breadcrumb"},"inLanguage":"ca","potentialAction":[{"@type":"ReadAction","target":["https:\/\/santcugatconsulting.com\/ca\/serveis\/assesoria-fiscal\/"]}]},{"@type":"ImageObject","inLanguage":"ca","@id":"https:\/\/santcugatconsulting.com\/ca\/serveis\/assesoria-fiscal\/#primaryimage","url":"http:\/\/www.santcugatconsulting.com\/wp-content\/uploads\/2013\/03\/fiscal1.png","contentUrl":"http:\/\/www.santcugatconsulting.com\/wp-content\/uploads\/2013\/03\/fiscal1.png"},{"@type":"BreadcrumbList","@id":"https:\/\/santcugatconsulting.com\/ca\/serveis\/assesoria-fiscal\/#breadcrumb","itemListElement":[{"@type":"ListItem","position":1,"name":"Assessoria Fiscal","item":"https:\/\/santcugatconsulting.com\/ca\/serveis\/"},{"@type":"ListItem","position":2,"name":"Assessoria Fiscal"}]},{"@type":"WebSite","@id":"https:\/\/santcugatconsulting.com\/ca\/#website","url":"https:\/\/santcugatconsulting.com\/ca\/","name":"Sant Cugat Consulting","description":"Asesoramiento jur\u00eddico, laboral, fiscal y contable para aut\u00f3nomos, pymes y grandes empresas. Expertos abogados y economistas. M\u00e1s de 20 a\u00f1os de experiencia.","potentialAction":[{"@type":"SearchAction","target":{"@type":"EntryPoint","urlTemplate":"https:\/\/santcugatconsulting.com\/ca\/?s={search_term_string}"},"query-input":"required name=search_term_string"}],"inLanguage":"ca"}]}},"_links":{"self":[{"href":"https:\/\/santcugatconsulting.com\/ca\/wp-json\/wp\/v2\/pages\/614"}],"collection":[{"href":"https:\/\/santcugatconsulting.com\/ca\/wp-json\/wp\/v2\/pages"}],"about":[{"href":"https:\/\/santcugatconsulting.com\/ca\/wp-json\/wp\/v2\/types\/page"}],"author":[{"embeddable":true,"href":"https:\/\/santcugatconsulting.com\/ca\/wp-json\/wp\/v2\/users\/7"}],"replies":[{"embeddable":true,"href":"https:\/\/santcugatconsulting.com\/ca\/wp-json\/wp\/v2\/comments?post=614"}],"version-history":[{"count":1,"href":"https:\/\/santcugatconsulting.com\/ca\/wp-json\/wp\/v2\/pages\/614\/revisions"}],"predecessor-version":[{"id":1990,"href":"https:\/\/santcugatconsulting.com\/ca\/wp-json\/wp\/v2\/pages\/614\/revisions\/1990"}],"up":[{"embeddable":true,"href":"https:\/\/santcugatconsulting.com\/ca\/wp-json\/wp\/v2\/pages\/608"}],"wp:attachment":[{"href":"https:\/\/santcugatconsulting.com\/ca\/wp-json\/wp\/v2\/media?parent=614"}],"curies":[{"name":"wp","href":"https:\/\/api.w.org\/{rel}","templated":true}]}}