{"id":615,"date":"2013-01-29T08:51:59","date_gmt":"2013-01-29T08:51:59","guid":{"rendered":"http:\/\/www.santcugatconsulting.com\/\/santcugatconsulting.com\/pagina-ejemplo-2\/"},"modified":"2019-10-08T14:31:26","modified_gmt":"2019-10-08T13:31:26","slug":"pagina-ejemplo","status":"publish","type":"page","link":"https:\/\/santcugatconsulting.com\/ca\/","title":{"rendered":"Assessoria jur\u00eddica, laboral, fiscal i comptable"},"content":{"rendered":"","protected":false},"excerpt":{"rendered":"","protected":false},"author":7,"featured_media":0,"parent":0,"menu_order":0,"comment_status":"closed","ping_status":"closed","template":"page-pagebuilder.php","meta":{"footnotes":""},"yoast_head":"<!-- This site is optimized with the Yoast SEO plugin v22.9 - https:\/\/yoast.com\/wordpress\/plugins\/seo\/ -->\n<title>Assessoria jur\u00eddica, laboral, fiscal i comptable - Sant Cugat -<\/title>\n<meta name=\"description\" content=\"Assessorament jur\u00eddic, laboral, fiscal i comptable per a aut\u00f2noms, pimes i grans empreses. Experts advocats i economistes. M\u00e9s de 20 anys d&#039;experi\u00e8ncia. -\" \/>\n<meta name=\"robots\" content=\"index, follow, max-snippet:-1, max-image-preview:large, max-video-preview:-1\" \/>\n<link rel=\"canonical\" href=\"https:\/\/santcugatconsulting.com\/ca\/\" \/>\n<script type=\"application\/ld+json\" class=\"yoast-schema-graph\">{\"@context\":\"https:\/\/schema.org\",\"@graph\":[{\"@type\":\"WebPage\",\"@id\":\"https:\/\/santcugatconsulting.com\/ca\/\",\"url\":\"https:\/\/santcugatconsulting.com\/ca\/\",\"name\":\"Assessoria jur\u00eddica, laboral, fiscal i comptable - Sant Cugat -\",\"isPartOf\":{\"@id\":\"https:\/\/santcugatconsulting.com\/ca\/#website\"},\"datePublished\":\"2013-01-29T08:51:59+00:00\",\"dateModified\":\"2019-10-08T13:31:26+00:00\",\"description\":\"Assessorament jur\u00eddic, laboral, fiscal i comptable per a aut\u00f2noms, pimes i grans empreses. Experts advocats i economistes. M\u00e9s de 20 anys d'experi\u00e8ncia. -\",\"inLanguage\":\"ca\",\"potentialAction\":[{\"@type\":\"ReadAction\",\"target\":[\"https:\/\/santcugatconsulting.com\/ca\/\"]}]},{\"@type\":\"WebSite\",\"@id\":\"https:\/\/santcugatconsulting.com\/ca\/#website\",\"url\":\"https:\/\/santcugatconsulting.com\/ca\/\",\"name\":\"Sant Cugat Consulting\",\"description\":\"Asesoramiento jur\u00eddico, laboral, fiscal y contable para aut\u00f3nomos, pymes y grandes empresas. Expertos abogados y economistas. M\u00e1s de 20 a\u00f1os de experiencia.\",\"potentialAction\":[{\"@type\":\"SearchAction\",\"target\":{\"@type\":\"EntryPoint\",\"urlTemplate\":\"https:\/\/santcugatconsulting.com\/ca\/?s={search_term_string}\"},\"query-input\":\"required name=search_term_string\"}],\"inLanguage\":\"ca\"}]}<\/script>\n<!-- \/ Yoast SEO plugin. -->","yoast_head_json":{"title":"Assessoria jur\u00eddica, laboral, fiscal i comptable - Sant Cugat -","description":"Assessorament jur\u00eddic, laboral, fiscal i comptable per a aut\u00f2noms, pimes i grans empreses. Experts advocats i economistes. M\u00e9s de 20 anys d'experi\u00e8ncia. -","robots":{"index":"index","follow":"follow","max-snippet":"max-snippet:-1","max-image-preview":"max-image-preview:large","max-video-preview":"max-video-preview:-1"},"canonical":"https:\/\/santcugatconsulting.com\/ca\/","schema":{"@context":"https:\/\/schema.org","@graph":[{"@type":"WebPage","@id":"https:\/\/santcugatconsulting.com\/ca\/","url":"https:\/\/santcugatconsulting.com\/ca\/","name":"Assessoria jur\u00eddica, laboral, fiscal i comptable - Sant Cugat -","isPartOf":{"@id":"https:\/\/santcugatconsulting.com\/ca\/#website"},"datePublished":"2013-01-29T08:51:59+00:00","dateModified":"2019-10-08T13:31:26+00:00","description":"Assessorament jur\u00eddic, laboral, fiscal i comptable per a aut\u00f2noms, pimes i grans empreses. Experts advocats i economistes. M\u00e9s de 20 anys d'experi\u00e8ncia. -","inLanguage":"ca","potentialAction":[{"@type":"ReadAction","target":["https:\/\/santcugatconsulting.com\/ca\/"]}]},{"@type":"WebSite","@id":"https:\/\/santcugatconsulting.com\/ca\/#website","url":"https:\/\/santcugatconsulting.com\/ca\/","name":"Sant Cugat Consulting","description":"Asesoramiento jur\u00eddico, laboral, fiscal y contable para aut\u00f3nomos, pymes y grandes empresas. Expertos abogados y economistas. M\u00e1s de 20 a\u00f1os de experiencia.","potentialAction":[{"@type":"SearchAction","target":{"@type":"EntryPoint","urlTemplate":"https:\/\/santcugatconsulting.com\/ca\/?s={search_term_string}"},"query-input":"required name=search_term_string"}],"inLanguage":"ca"}]}},"_links":{"self":[{"href":"https:\/\/santcugatconsulting.com\/ca\/wp-json\/wp\/v2\/pages\/615"}],"collection":[{"href":"https:\/\/santcugatconsulting.com\/ca\/wp-json\/wp\/v2\/pages"}],"about":[{"href":"https:\/\/santcugatconsulting.com\/ca\/wp-json\/wp\/v2\/types\/page"}],"author":[{"embeddable":true,"href":"https:\/\/santcugatconsulting.com\/ca\/wp-json\/wp\/v2\/users\/7"}],"replies":[{"embeddable":true,"href":"https:\/\/santcugatconsulting.com\/ca\/wp-json\/wp\/v2\/comments?post=615"}],"version-history":[{"count":1,"href":"https:\/\/santcugatconsulting.com\/ca\/wp-json\/wp\/v2\/pages\/615\/revisions"}],"predecessor-version":[{"id":2005,"href":"https:\/\/santcugatconsulting.com\/ca\/wp-json\/wp\/v2\/pages\/615\/revisions\/2005"}],"wp:attachment":[{"href":"https:\/\/santcugatconsulting.com\/ca\/wp-json\/wp\/v2\/media?parent=615"}],"curies":[{"name":"wp","href":"https:\/\/api.w.org\/{rel}","templated":true}]}}