{"id":616,"date":"2013-01-29T11:51:20","date_gmt":"2013-01-29T11:51:20","guid":{"rendered":"http:\/\/www.santcugatconsulting.com\/\/santcugatconsulting.com\/contactar-2\/"},"modified":"2019-10-26T20:43:32","modified_gmt":"2019-10-26T19:43:32","slug":"contactar","status":"publish","type":"page","link":"https:\/\/santcugatconsulting.com\/ca\/contactar\/","title":{"rendered":"Contacte"},"content":{"rendered":"<p class='lead'>\n<h3>ATENCI\u00d3 PERSONALITZADA<\/h3>\n<p>Contacta amb nosaltres si necessites assessorament jur\u00eddic, fiscal, comptable i \/ o laboral per a la gesti\u00f3 de la teva empresa. Consulta sense comprom\u00eds, omplint aquest formulari:<\/p>\n<\/p>\n<div style=\"height: 10px;\"><\/div>\n<div id=\"contact-wrapper\">\n<div class=\"wpcf7 no-js\" id=\"wpcf7-f2128-o1\" lang=\"es-ES\" dir=\"ltr\">\n<div class=\"screen-reader-response\"><p role=\"status\" aria-live=\"polite\" aria-atomic=\"true\"><\/p> <ul><\/ul><\/div>\n<form action=\"\/ca\/wp-json\/wp\/v2\/pages\/616#wpcf7-f2128-o1\" method=\"post\" class=\"wpcf7-form init\" aria-label=\"Formulario de contacto\" novalidate=\"novalidate\" data-status=\"init\">\n<div style=\"display: none;\">\n<input type=\"hidden\" name=\"_wpcf7\" value=\"2128\" \/>\n<input type=\"hidden\" name=\"_wpcf7_version\" value=\"5.9.6\" \/>\n<input type=\"hidden\" name=\"_wpcf7_locale\" value=\"es_ES\" \/>\n<input type=\"hidden\" name=\"_wpcf7_unit_tag\" value=\"wpcf7-f2128-o1\" \/>\n<input type=\"hidden\" name=\"_wpcf7_container_post\" value=\"0\" \/>\n<input type=\"hidden\" name=\"_wpcf7_posted_data_hash\" value=\"\" \/>\n<input type=\"hidden\" name=\"_wpcf7_recaptcha_response\" value=\"\" \/>\n<\/div>\n<p>Nom (obligatori)\n<\/p>\n<p><span class=\"wpcf7-form-control-wrap\" data-name=\"your-name\"><input size=\"40\" maxlength=\"80\" class=\"wpcf7-form-control wpcf7-text wpcf7-validates-as-required\" aria-required=\"true\" aria-invalid=\"false\" value=\"\" type=\"text\" name=\"your-name\" \/><\/span>\n<\/p>\n<p>Cognoms (obligatori)\n<\/p>\n<p><span class=\"wpcf7-form-control-wrap\" data-name=\"text-784\"><input size=\"40\" maxlength=\"80\" class=\"wpcf7-form-control wpcf7-text wpcf7-validates-as-required\" id=\"apellidos\" aria-required=\"true\" aria-invalid=\"false\" value=\"\" type=\"text\" name=\"text-784\" \/><\/span>\n<\/p>\n<p>E-mail (obligatori)\n<\/p>\n<p><span class=\"wpcf7-form-control-wrap\" data-name=\"your-email\"><input size=\"40\" maxlength=\"80\" class=\"wpcf7-form-control wpcf7-email wpcf7-validates-as-required wpcf7-text wpcf7-validates-as-email\" aria-required=\"true\" aria-invalid=\"false\" value=\"\" type=\"email\" name=\"your-email\" \/><\/span>\n<\/p>\n<p>Tel\u00e8fon\n<\/p>\n<p><span class=\"wpcf7-form-control-wrap\" data-name=\"tel-615\"><input size=\"40\" maxlength=\"80\" class=\"wpcf7-form-control wpcf7-tel wpcf7-text wpcf7-validates-as-tel\" aria-invalid=\"false\" value=\"\" type=\"tel\" name=\"tel-615\" \/><\/span>\n<\/p>\n<p>Poblaci\u00f3\n<\/p>\n<p><span class=\"wpcf7-form-control-wrap\" data-name=\"text-69\"><input size=\"40\" maxlength=\"80\" class=\"wpcf7-form-control wpcf7-text\" aria-invalid=\"false\" value=\"\" type=\"text\" name=\"text-69\" \/><\/span>\n<\/p>\n<p>Assumpte\n<\/p>\n<p><span class=\"wpcf7-form-control-wrap\" data-name=\"your-subject\"><input size=\"40\" maxlength=\"80\" class=\"wpcf7-form-control wpcf7-text\" aria-invalid=\"false\" value=\"\" type=\"text\" name=\"your-subject\" \/><\/span>\n<\/p>\n<p>Missatge\n<\/p>\n<p><span class=\"wpcf7-form-control-wrap\" data-name=\"your-message\"><textarea cols=\"40\" rows=\"10\" maxlength=\"400\" class=\"wpcf7-form-control wpcf7-textarea\" aria-invalid=\"false\" name=\"your-message\"><\/textarea><\/span>\n<\/p>\n<p>*Camps obligatoris\n<\/p>\n<div class=\"cont_lopd\">\n\t<h5> INFORMACI\u00d3 IMPORTANT\n\t<\/h5>\n\t<div style=\"font-size:14px;\" class=\"cont_inp_lopd\">\n\t\t<p><span class=\"wpcf7-form-control-wrap\" data-name=\"acceptance-537\"><span class=\"wpcf7-form-control wpcf7-acceptance optional\"><span class=\"wpcf7-list-item\"><label><input type=\"checkbox\" name=\"acceptance-537\" value=\"1\" id=\"protecciondedatos\" aria-invalid=\"false\" \/><span class=\"wpcf7-list-item-label\">Acceptaci\u00f3 de la Llei de Protecci\u00f3 de Dades<\/span><\/label><\/span><\/span><\/span>\n\t\t<\/p>\n\t<\/div>\n\t<div>\n\t\t<p style=\"font-size:12px; font-weight:600; color:red;\"> Atenci\u00f3! Si no actives l'autoritzaci\u00f3 de la Protecci\u00f3 de Dades no podrem posar-nos en contacte amb tu. Si us plau, activa-l!\n\t\t<\/p>\n\t<\/div>\n\t<p style = \"font-size:12px;\"> Responsable: Identitat: Sant Cugat Consulting SL - NIF: B60273240 Dir. Postal: Av. Corts Catalanes, 8 - (08173) Sant Cugat del Vall\u00e8s (Barcelona) Tel\u00e8fon: 935.895.358 Correu elect: scc@santcugatconsulting.com<br \/>\n\"En nom de l'empresa tractem la informaci\u00f3 que ens facilita per tal de enviar-li la informaci\u00f3 sol\u00b7licitada, i eventualment publicitat relacionada amb els nostres serveis per qualsevol mitj\u00e0 (postal, correu electr\u00f2nic o tel\u00e8fon) i \/ o convidar-lo a esdeveniments organitzats per l'empresa. Les dades proporcionades es conservaran mentre no sol\u00b7liciti el cessament de l'activitat. Les dades no se cediran a tercers excepte en els casos en qu\u00e8 hi hagi una obligaci\u00f3 legal. Vost\u00e8 t\u00e9 dret a obtenir confirmaci\u00f3 sobre si a Sant Cugat Consulting SL estem tractant les seves dades personals per tant t\u00e9 dret a accedir a les seves dades personals, rectificar les dades inexacte o sol\u00b7licitar la seva supressi\u00f3 quan les dades ja no siguin necessaris per als fins que van ser recollits \"\n\t<\/p>\n\n\t<p><input class=\"wpcf7-form-control wpcf7-submit has-spinner\" type=\"submit\" value=\"Enviar\" \/>\n\t<\/p>\n<\/div><p style=\"display: none !important;\" class=\"akismet-fields-container\" data-prefix=\"_wpcf7_ak_\"><label>&#916;<textarea name=\"_wpcf7_ak_hp_textarea\" cols=\"45\" rows=\"8\" maxlength=\"100\"><\/textarea><\/label><input type=\"hidden\" id=\"ak_js_1\" name=\"_wpcf7_ak_js\" value=\"174\"\/><script>document.getElementById( \"ak_js_1\" ).setAttribute( \"value\", ( new Date() ).getTime() );<\/script><\/p><div class=\"wpcf7-response-output\" aria-hidden=\"true\"><\/div>\n<\/form>\n<\/div>\n<\/div>\n","protected":false},"excerpt":{"rendered":"","protected":false},"author":7,"featured_media":0,"parent":0,"menu_order":0,"comment_status":"closed","ping_status":"closed","template":"page-contact.php","meta":{"footnotes":""},"yoast_head":"<!-- This site is optimized with the Yoast SEO plugin v22.9 - https:\/\/yoast.com\/wordpress\/plugins\/seo\/ -->\n<title>Contacte - Sant Cugat Consulting<\/title>\n<meta name=\"description\" content=\"Contacta amb nosaltres si necessites assessorament jur\u00eddic, fiscal, comptable i \/ o laboral per a la gesti\u00f3 de la teva empresa. Consulta sense comprom\u00eds.\" \/>\n<meta name=\"robots\" content=\"index, follow, max-snippet:-1, max-image-preview:large, max-video-preview:-1\" \/>\n<link rel=\"canonical\" href=\"https:\/\/santcugatconsulting.com\/ca\/contactar\/\" \/>\n<script type=\"application\/ld+json\" class=\"yoast-schema-graph\">{\"@context\":\"https:\/\/schema.org\",\"@graph\":[{\"@type\":\"WebPage\",\"@id\":\"https:\/\/santcugatconsulting.com\/ca\/contactar\/\",\"url\":\"https:\/\/santcugatconsulting.com\/ca\/contactar\/\",\"name\":\"Contacte - Sant Cugat Consulting\",\"isPartOf\":{\"@id\":\"https:\/\/santcugatconsulting.com\/ca\/#website\"},\"datePublished\":\"2013-01-29T11:51:20+00:00\",\"dateModified\":\"2019-10-26T19:43:32+00:00\",\"description\":\"Contacta amb nosaltres si necessites assessorament jur\u00eddic, fiscal, comptable i \/ o laboral per a la gesti\u00f3 de la teva empresa. Consulta sense comprom\u00eds.\",\"inLanguage\":\"ca\",\"potentialAction\":[{\"@type\":\"ReadAction\",\"target\":[\"https:\/\/santcugatconsulting.com\/ca\/contactar\/\"]}]},{\"@type\":\"WebSite\",\"@id\":\"https:\/\/santcugatconsulting.com\/ca\/#website\",\"url\":\"https:\/\/santcugatconsulting.com\/ca\/\",\"name\":\"Sant Cugat Consulting\",\"description\":\"Asesoramiento jur\u00eddico, laboral, fiscal y contable para aut\u00f3nomos, pymes y grandes empresas. Expertos abogados y economistas. M\u00e1s de 20 a\u00f1os de experiencia.\",\"potentialAction\":[{\"@type\":\"SearchAction\",\"target\":{\"@type\":\"EntryPoint\",\"urlTemplate\":\"https:\/\/santcugatconsulting.com\/ca\/?s={search_term_string}\"},\"query-input\":\"required name=search_term_string\"}],\"inLanguage\":\"ca\"}]}<\/script>\n<!-- \/ Yoast SEO plugin. -->","yoast_head_json":{"title":"Contacte - Sant Cugat Consulting","description":"Contacta amb nosaltres si necessites assessorament jur\u00eddic, fiscal, comptable i \/ o laboral per a la gesti\u00f3 de la teva empresa. Consulta sense comprom\u00eds.","robots":{"index":"index","follow":"follow","max-snippet":"max-snippet:-1","max-image-preview":"max-image-preview:large","max-video-preview":"max-video-preview:-1"},"canonical":"https:\/\/santcugatconsulting.com\/ca\/contactar\/","schema":{"@context":"https:\/\/schema.org","@graph":[{"@type":"WebPage","@id":"https:\/\/santcugatconsulting.com\/ca\/contactar\/","url":"https:\/\/santcugatconsulting.com\/ca\/contactar\/","name":"Contacte - Sant Cugat Consulting","isPartOf":{"@id":"https:\/\/santcugatconsulting.com\/ca\/#website"},"datePublished":"2013-01-29T11:51:20+00:00","dateModified":"2019-10-26T19:43:32+00:00","description":"Contacta amb nosaltres si necessites assessorament jur\u00eddic, fiscal, comptable i \/ o laboral per a la gesti\u00f3 de la teva empresa. Consulta sense comprom\u00eds.","inLanguage":"ca","potentialAction":[{"@type":"ReadAction","target":["https:\/\/santcugatconsulting.com\/ca\/contactar\/"]}]},{"@type":"WebSite","@id":"https:\/\/santcugatconsulting.com\/ca\/#website","url":"https:\/\/santcugatconsulting.com\/ca\/","name":"Sant Cugat Consulting","description":"Asesoramiento jur\u00eddico, laboral, fiscal y contable para aut\u00f3nomos, pymes y grandes empresas. Expertos abogados y economistas. M\u00e1s de 20 a\u00f1os de experiencia.","potentialAction":[{"@type":"SearchAction","target":{"@type":"EntryPoint","urlTemplate":"https:\/\/santcugatconsulting.com\/ca\/?s={search_term_string}"},"query-input":"required name=search_term_string"}],"inLanguage":"ca"}]}},"_links":{"self":[{"href":"https:\/\/santcugatconsulting.com\/ca\/wp-json\/wp\/v2\/pages\/616"}],"collection":[{"href":"https:\/\/santcugatconsulting.com\/ca\/wp-json\/wp\/v2\/pages"}],"about":[{"href":"https:\/\/santcugatconsulting.com\/ca\/wp-json\/wp\/v2\/types\/page"}],"author":[{"embeddable":true,"href":"https:\/\/santcugatconsulting.com\/ca\/wp-json\/wp\/v2\/users\/7"}],"replies":[{"embeddable":true,"href":"https:\/\/santcugatconsulting.com\/ca\/wp-json\/wp\/v2\/comments?post=616"}],"version-history":[{"count":3,"href":"https:\/\/santcugatconsulting.com\/ca\/wp-json\/wp\/v2\/pages\/616\/revisions"}],"predecessor-version":[{"id":3586,"href":"https:\/\/santcugatconsulting.com\/ca\/wp-json\/wp\/v2\/pages\/616\/revisions\/3586"}],"wp:attachment":[{"href":"https:\/\/santcugatconsulting.com\/ca\/wp-json\/wp\/v2\/media?parent=616"}],"curies":[{"name":"wp","href":"https:\/\/api.w.org\/{rel}","templated":true}]}}